{"id":9037,"date":"2024-02-13T13:27:00","date_gmt":"2024-02-13T11:27:00","guid":{"rendered":"https:\/\/raktava.lt\/parduotuve\/uncategorized\/pneumatic-hammer-with-set\/"},"modified":"2024-02-13T13:27:00","modified_gmt":"2024-02-13T13:27:00","slug":"pneumatic-hammer-with-set","status":"publish","type":"product","link":"https:\/\/raktava.lt\/en\/product\/pneumatic-equipment\/pneumatic-chisels-hammers\/pneumatic-hammer-with-set\/","title":{"rendered":"Pneumatic hammer with set"},"content":{"rendered":"<pre id=\"tw-target-text\" class=\"tw-data-text tw-text-large tw-ta\" dir=\"ltr\" data-placeholder=\"Vertimas\" data-ved=\"2ahUKEwjLj_6wmZOCAxWa9bsIHVCXB4sQ3ewLegQIBhAQ\"><span class=\"Y2IQFc\" lang=\"lt\">Su 4 dali\u0173 kalt\u0173 komplektu\n10 mmgreita oro jungtis\nTechniniai duomenys\nSm\u016bgi\u0173 skai\u010dius 4500 1\/min\nOro s\u0105naudos 113 l\/min\nBruto svoris 2180 g\nDarbinis sl\u0117gis 6,3 bar\nCE standartas Taip<\/span><\/pre>\n","protected":false},"excerpt":{"rendered":"<p>Su 4 dali\u0173 kalt\u0173 komplektu 10 mmgreita oro jungtis Techniniai duomenys Sm\u016bgi\u0173 skai\u010dius 4500 1\/min Oro s\u0105naudos 113 l\/min Bruto svoris 2180 g Darbinis sl\u0117gis 6,3 bar CE standartas Taip<\/p>\n","protected":false},"featured_media":8112,"comment_status":"closed","ping_status":"closed","template":"","meta":[],"product_brand":[],"product_cat":[382],"product_tag":[],"class_list":{"0":"post-9037","1":"product","2":"type-product","3":"status-publish","4":"has-post-thumbnail","6":"product_cat-pneumatic-chisels-hammers","8":"first","9":"instock","10":"taxable","11":"shipping-taxable","12":"purchasable","13":"product-type-simple"},"_links":{"self":[{"href":"https:\/\/raktava.lt\/en\/wp-json\/wp\/v2\/product\/9037","targetHints":{"allow":["GET"]}}],"collection":[{"href":"https:\/\/raktava.lt\/en\/wp-json\/wp\/v2\/product"}],"about":[{"href":"https:\/\/raktava.lt\/en\/wp-json\/wp\/v2\/types\/product"}],"replies":[{"embeddable":true,"href":"https:\/\/raktava.lt\/en\/wp-json\/wp\/v2\/comments?post=9037"}],"version-history":[{"count":0,"href":"https:\/\/raktava.lt\/en\/wp-json\/wp\/v2\/product\/9037\/revisions"}],"wp:featuredmedia":[{"embeddable":true,"href":"https:\/\/raktava.lt\/en\/wp-json\/wp\/v2\/media\/8112"}],"wp:attachment":[{"href":"https:\/\/raktava.lt\/en\/wp-json\/wp\/v2\/media?parent=9037"}],"wp:term":[{"taxonomy":"product_brand","embeddable":true,"href":"https:\/\/raktava.lt\/en\/wp-json\/wp\/v2\/product_brand?post=9037"},{"taxonomy":"product_cat","embeddable":true,"href":"https:\/\/raktava.lt\/en\/wp-json\/wp\/v2\/product_cat?post=9037"},{"taxonomy":"product_tag","embeddable":true,"href":"https:\/\/raktava.lt\/en\/wp-json\/wp\/v2\/product_tag?post=9037"}],"curies":[{"name":"wp","href":"https:\/\/api.w.org\/{rel}","templated":true}]}}