{"id":19593,"date":"2026-05-14T12:35:19","date_gmt":"2026-05-14T09:35:19","guid":{"rendered":"https:\/\/raktava.lt\/?post_type=product&#038;p=19593"},"modified":"2026-05-14T12:35:19","modified_gmt":"2026-05-14T09:35:19","slug":"galvute-smugine-6-kampe-3-4-27mm-3","status":"publish","type":"product","link":"https:\/\/raktava.lt\/en\/product\/rankiniai-irankiai\/galvutes-galvuciu-komplektai-laikikliai-galvutems\/3-4-galvutes-ir-ju-komplektai\/galvute-smugine-6-kampe-3-4-27mm-3\/","title":{"rendered":"Galvut\u0117 sm\u016bgin\u0117 6-kamp\u0117 3\/4 27mm"},"content":{"rendered":"<p><img decoding=\"async\" src=\"https:\/\/www.liudoirankiai.com\/images\/uploader\/ch\/108x108\/changlu-2-1.jpg\" alt=\"changlu-2-1\" \/><\/p>\n<hr \/>\n<p><em>Nurodytos kainos galioja perkant internetu.<\/em><\/p>\n","protected":false},"excerpt":{"rendered":"<p>Galvut\u0117 sm\u016bgin\u0117 6-kamp\u0117 3\/4 27mm<\/p>\n","protected":false},"featured_media":19594,"comment_status":"open","ping_status":"closed","template":"","meta":[],"product_brand":[626],"product_cat":[175],"product_tag":[1065,577,2009,2372,644,710],"class_list":{"0":"post-19593","1":"product","2":"type-product","3":"status-publish","4":"has-post-thumbnail","6":"product_brand-changlu","7":"product_cat-3-4-galvutes-ir-ju-komplektai","8":"product_tag-27mm","9":"product_tag-3-4","10":"product_tag-adapteris-galvutems","11":"product_tag-cl202108","12":"product_tag-galvute-sesiakampe","13":"product_tag-galvute-smugine","15":"first","16":"instock","17":"taxable","18":"shipping-taxable","19":"purchasable","20":"product-type-simple"},"_links":{"self":[{"href":"https:\/\/raktava.lt\/en\/wp-json\/wp\/v2\/product\/19593","targetHints":{"allow":["GET"]}}],"collection":[{"href":"https:\/\/raktava.lt\/en\/wp-json\/wp\/v2\/product"}],"about":[{"href":"https:\/\/raktava.lt\/en\/wp-json\/wp\/v2\/types\/product"}],"replies":[{"embeddable":true,"href":"https:\/\/raktava.lt\/en\/wp-json\/wp\/v2\/comments?post=19593"}],"version-history":[{"count":1,"href":"https:\/\/raktava.lt\/en\/wp-json\/wp\/v2\/product\/19593\/revisions"}],"predecessor-version":[{"id":19596,"href":"https:\/\/raktava.lt\/en\/wp-json\/wp\/v2\/product\/19593\/revisions\/19596"}],"wp:featuredmedia":[{"embeddable":true,"href":"https:\/\/raktava.lt\/en\/wp-json\/wp\/v2\/media\/19594"}],"wp:attachment":[{"href":"https:\/\/raktava.lt\/en\/wp-json\/wp\/v2\/media?parent=19593"}],"wp:term":[{"taxonomy":"product_brand","embeddable":true,"href":"https:\/\/raktava.lt\/en\/wp-json\/wp\/v2\/product_brand?post=19593"},{"taxonomy":"product_cat","embeddable":true,"href":"https:\/\/raktava.lt\/en\/wp-json\/wp\/v2\/product_cat?post=19593"},{"taxonomy":"product_tag","embeddable":true,"href":"https:\/\/raktava.lt\/en\/wp-json\/wp\/v2\/product_tag?post=19593"}],"curies":[{"name":"wp","href":"https:\/\/api.w.org\/{rel}","templated":true}]}}