{"id":19589,"date":"2026-05-14T12:12:05","date_gmt":"2026-05-14T09:12:05","guid":{"rendered":"https:\/\/raktava.lt\/?post_type=product&#038;p=19589"},"modified":"2026-05-14T12:12:06","modified_gmt":"2026-05-14T09:12:06","slug":"galvute-12-kampe-%c2%be-33mm","status":"publish","type":"product","link":"https:\/\/raktava.lt\/en\/product\/rankiniai-irankiai\/galvutes-galvuciu-komplektai-laikikliai-galvutems\/3-4-galvutes-ir-ju-komplektai\/galvute-12-kampe-%c2%be-33mm\/","title":{"rendered":"Galvut\u0117 12-kamp\u0117 \u00be 33mm"},"content":{"rendered":"<p>Atitinka ISO 2725 DIN 3124 standart\u0105<br \/>\nAuk\u0161tos kokyb\u0117s chromo vanad\u017eio plienas<\/p>\n<p><img decoding=\"async\" src=\"https:\/\/www.liudoirankiai.com\/images\/uploader\/ch\/108x108\/changlu-2-1.jpg\" alt=\"changlu-2-1\" \/><\/p>\n<hr \/>\n<p><em>Nurodytos kainos galioja perkant internetu.<\/em><\/p>\n","protected":false},"excerpt":{"rendered":"<p>Galvut\u0117 12-kamp\u0117 \u00be 33mm<\/p>\n","protected":false},"featured_media":13104,"comment_status":"open","ping_status":"closed","template":"","meta":[],"product_brand":[626],"product_cat":[175],"product_tag":[577,2369,2368,660,714],"class_list":{"0":"post-19589","1":"product","2":"type-product","3":"status-publish","4":"has-post-thumbnail","6":"product_brand-changlu","7":"product_cat-3-4-galvutes-ir-ju-komplektai","8":"product_tag-3-4","9":"product_tag-33mm","10":"product_tag-cl201833","11":"product_tag-galvute","12":"product_tag-galvute-dvylikakampe","14":"first","15":"instock","16":"taxable","17":"shipping-taxable","18":"purchasable","19":"product-type-simple"},"_links":{"self":[{"href":"https:\/\/raktava.lt\/en\/wp-json\/wp\/v2\/product\/19589","targetHints":{"allow":["GET"]}}],"collection":[{"href":"https:\/\/raktava.lt\/en\/wp-json\/wp\/v2\/product"}],"about":[{"href":"https:\/\/raktava.lt\/en\/wp-json\/wp\/v2\/types\/product"}],"replies":[{"embeddable":true,"href":"https:\/\/raktava.lt\/en\/wp-json\/wp\/v2\/comments?post=19589"}],"version-history":[{"count":1,"href":"https:\/\/raktava.lt\/en\/wp-json\/wp\/v2\/product\/19589\/revisions"}],"predecessor-version":[{"id":19590,"href":"https:\/\/raktava.lt\/en\/wp-json\/wp\/v2\/product\/19589\/revisions\/19590"}],"wp:featuredmedia":[{"embeddable":true,"href":"https:\/\/raktava.lt\/en\/wp-json\/wp\/v2\/media\/13104"}],"wp:attachment":[{"href":"https:\/\/raktava.lt\/en\/wp-json\/wp\/v2\/media?parent=19589"}],"wp:term":[{"taxonomy":"product_brand","embeddable":true,"href":"https:\/\/raktava.lt\/en\/wp-json\/wp\/v2\/product_brand?post=19589"},{"taxonomy":"product_cat","embeddable":true,"href":"https:\/\/raktava.lt\/en\/wp-json\/wp\/v2\/product_cat?post=19589"},{"taxonomy":"product_tag","embeddable":true,"href":"https:\/\/raktava.lt\/en\/wp-json\/wp\/v2\/product_tag?post=19589"}],"curies":[{"name":"wp","href":"https:\/\/api.w.org\/{rel}","templated":true}]}}