{"id":19582,"date":"2026-05-14T11:35:15","date_gmt":"2026-05-14T08:35:15","guid":{"rendered":"https:\/\/raktava.lt\/?post_type=product&#038;p=19582"},"modified":"2026-05-14T11:35:16","modified_gmt":"2026-05-14T08:35:16","slug":"galvute-smugine-ilga-plonasiene-1-2-6-kampe-18mm","status":"publish","type":"product","link":"https:\/\/raktava.lt\/en\/product\/uncategorized-en\/galvute-smugine-ilga-plonasiene-1-2-6-kampe-18mm\/","title":{"rendered":"Galvut\u0117 sm\u016bgin\u0117 ilga plonasien\u0117 1\/2 6-kamp\u0117 18mm"},"content":{"rendered":"<p>DIN 3129<\/p>\n<p><img decoding=\"async\" src=\"https:\/\/www.liudoirankiai.com\/images\/uploader\/sa\/108x108\/sata-green-copy-1.jpg\" alt=\"sata-green-copy-1\" \/><\/p>\n<hr \/>\n<p><em>Nurodytos kainos galioja perkant internetu.<\/em><\/p>\n","protected":false},"excerpt":{"rendered":"<p>Galvut\u0117 sm\u016bgin\u0117 ilga plonasien\u0117 1\/2 6-kamp\u0117 18mm<\/p>\n","protected":false},"featured_media":17232,"comment_status":"open","ping_status":"closed","template":"","meta":[],"product_brand":[627],"product_cat":[15],"product_tag":[591,1180,660,644,710,913,2363],"class_list":{"0":"post-19582","1":"product","2":"type-product","3":"status-publish","4":"has-post-thumbnail","6":"product_brand-sata","7":"product_cat-uncategorized","8":"product_tag-1-2","9":"product_tag-18mm","10":"product_tag-galvute","11":"product_tag-galvute-sesiakampe","12":"product_tag-galvute-smugine","13":"product_tag-plonasiene-galvute","14":"product_tag-s34411t","16":"first","17":"instock","18":"taxable","19":"shipping-taxable","20":"purchasable","21":"product-type-simple"},"_links":{"self":[{"href":"https:\/\/raktava.lt\/en\/wp-json\/wp\/v2\/product\/19582","targetHints":{"allow":["GET"]}}],"collection":[{"href":"https:\/\/raktava.lt\/en\/wp-json\/wp\/v2\/product"}],"about":[{"href":"https:\/\/raktava.lt\/en\/wp-json\/wp\/v2\/types\/product"}],"replies":[{"embeddable":true,"href":"https:\/\/raktava.lt\/en\/wp-json\/wp\/v2\/comments?post=19582"}],"version-history":[{"count":2,"href":"https:\/\/raktava.lt\/en\/wp-json\/wp\/v2\/product\/19582\/revisions"}],"predecessor-version":[{"id":19584,"href":"https:\/\/raktava.lt\/en\/wp-json\/wp\/v2\/product\/19582\/revisions\/19584"}],"wp:featuredmedia":[{"embeddable":true,"href":"https:\/\/raktava.lt\/en\/wp-json\/wp\/v2\/media\/17232"}],"wp:attachment":[{"href":"https:\/\/raktava.lt\/en\/wp-json\/wp\/v2\/media?parent=19582"}],"wp:term":[{"taxonomy":"product_brand","embeddable":true,"href":"https:\/\/raktava.lt\/en\/wp-json\/wp\/v2\/product_brand?post=19582"},{"taxonomy":"product_cat","embeddable":true,"href":"https:\/\/raktava.lt\/en\/wp-json\/wp\/v2\/product_cat?post=19582"},{"taxonomy":"product_tag","embeddable":true,"href":"https:\/\/raktava.lt\/en\/wp-json\/wp\/v2\/product_tag?post=19582"}],"curies":[{"name":"wp","href":"https:\/\/api.w.org\/{rel}","templated":true}]}}