{"id":19573,"date":"2026-05-14T10:15:00","date_gmt":"2026-05-14T07:15:00","guid":{"rendered":"https:\/\/raktava.lt\/?post_type=product&#038;p=19573"},"modified":"2026-05-14T10:15:00","modified_gmt":"2026-05-14T07:15:00","slug":"galvute-6-kampe-1-2-18mm-2","status":"publish","type":"product","link":"https:\/\/raktava.lt\/en\/product\/rankiniai-irankiai\/galvutes-galvuciu-komplektai-laikikliai-galvutems\/1-2-galvutes-ir-ju-komplektai\/galvute-6-kampe-1-2-18mm-2\/","title":{"rendered":"Galvut\u0117 6-kamp\u0117 1\/2 18mm"},"content":{"rendered":"<p>YATO YT-1211 yra 18 mm \u0161e\u0161iakamp\u0117 galvut\u0117, skirta 1\/2 colio ver\u017eliarak\u010diams. \u0160i galvut\u0117 suteikia puik\u0173 sprendim\u0105 tiems, kurie dirba su \u012fvairiomis mechanin\u0117mis u\u017eduotimis ir reikalauja patikimo \u012frankio.<\/p>\n<ul>\n<li><strong>Serija:<\/strong>\u00a0GRD<\/li>\n<li><strong>Galvut\u0117s dydis:<\/strong>\u00a018 mm<\/li>\n<li><strong>Laikiklio dydis:<\/strong>\u00a01\/2&#8243; (12.7 mm)<\/li>\n<li><strong>Galvut\u0117s tipas:<\/strong> \u0161e\u0161akamp\u0117 (hex), trumpa<\/li>\n<li><strong>Ilgis:<\/strong>\u00a038 mm<\/li>\n<li><strong>Galvut\u0117s i\u0161orinis skersmuo:<\/strong>\u00a023 mm<\/li>\n<li><strong>Galvut\u0117 su pavaros adapterio skersmeniu:<\/strong>\u00a025 mm<\/li>\n<li><strong>Med\u017eiaga:<\/strong>\u00a0CrV 50BV30<\/li>\n<li><strong>Pavir\u0161iaus apdaila:<\/strong>\u00a0chromuota, matin\u0117, blizgi<\/li>\n<li><strong>Kietumas:<\/strong>\u00a043-47 HRC<\/li>\n<li><strong>DIN:<\/strong>\u00a03121<\/li>\n<li><strong>D1: <\/strong>25 mm<\/li>\n<li><strong>D2:<\/strong> 23 mm<\/li>\n<li><strong>A:<\/strong> 18 mm<\/li>\n<\/ul>\n<p><img decoding=\"async\" src=\"https:\/\/vigorus.lt\/catalog\/logo120627105013_yato.jpg\" alt=\"YATO\" \/><img decoding=\"async\" src=\"https:\/\/vigorus.lt\/catalog\/170428082424_2.jpg\" \/><\/p>\n<hr \/>\n<p><em>Nurodytos kainos galioja perkant internetu.<\/em><\/p>\n","protected":false},"excerpt":{"rendered":"<p>Galvut\u0117 6-kamp\u0117 1\/2 18mm<\/p>\n","protected":false},"featured_media":19574,"comment_status":"open","ping_status":"closed","template":"","meta":[],"product_brand":[563],"product_cat":[50],"product_tag":[1180,660,644,2362],"class_list":{"0":"post-19573","1":"product","2":"type-product","3":"status-publish","4":"has-post-thumbnail","6":"product_brand-yato","7":"product_cat-1-2-galvutes-ir-ju-komplektai","8":"product_tag-18mm","9":"product_tag-galvute","10":"product_tag-galvute-sesiakampe","11":"product_tag-yt-1211","13":"first","14":"instock","15":"taxable","16":"shipping-taxable","17":"purchasable","18":"product-type-simple"},"_links":{"self":[{"href":"https:\/\/raktava.lt\/en\/wp-json\/wp\/v2\/product\/19573","targetHints":{"allow":["GET"]}}],"collection":[{"href":"https:\/\/raktava.lt\/en\/wp-json\/wp\/v2\/product"}],"about":[{"href":"https:\/\/raktava.lt\/en\/wp-json\/wp\/v2\/types\/product"}],"replies":[{"embeddable":true,"href":"https:\/\/raktava.lt\/en\/wp-json\/wp\/v2\/comments?post=19573"}],"version-history":[{"count":1,"href":"https:\/\/raktava.lt\/en\/wp-json\/wp\/v2\/product\/19573\/revisions"}],"predecessor-version":[{"id":19578,"href":"https:\/\/raktava.lt\/en\/wp-json\/wp\/v2\/product\/19573\/revisions\/19578"}],"wp:featuredmedia":[{"embeddable":true,"href":"https:\/\/raktava.lt\/en\/wp-json\/wp\/v2\/media\/19574"}],"wp:attachment":[{"href":"https:\/\/raktava.lt\/en\/wp-json\/wp\/v2\/media?parent=19573"}],"wp:term":[{"taxonomy":"product_brand","embeddable":true,"href":"https:\/\/raktava.lt\/en\/wp-json\/wp\/v2\/product_brand?post=19573"},{"taxonomy":"product_cat","embeddable":true,"href":"https:\/\/raktava.lt\/en\/wp-json\/wp\/v2\/product_cat?post=19573"},{"taxonomy":"product_tag","embeddable":true,"href":"https:\/\/raktava.lt\/en\/wp-json\/wp\/v2\/product_tag?post=19573"}],"curies":[{"name":"wp","href":"https:\/\/api.w.org\/{rel}","templated":true}]}}