{"id":19565,"date":"2026-05-13T14:45:23","date_gmt":"2026-05-13T11:45:23","guid":{"rendered":"https:\/\/raktava.lt\/?post_type=product&#038;p=19565"},"modified":"2026-05-13T14:45:23","modified_gmt":"2026-05-13T11:45:23","slug":"antgalis-smuginis-3-4-t80","status":"publish","type":"product","link":"https:\/\/raktava.lt\/en\/product\/rankiniai-irankiai\/antgaliai-antgaliu-komplektai-ipresuoti-antgaliai\/3-4-antgaliai-smuginiai\/antgalis-smuginis-3-4-t80\/","title":{"rendered":"Antgalis sm\u016bginis 3\/4 T80"},"content":{"rendered":"<div id=\"tw-container\" class=\"nev7se\" data-cp=\"1\" data-nnttsvi=\"1\" data-sletp=\"false\" data-sm=\"1\" data-ssbp=\"false\" data-sugg-time=\"500\" data-sugg-url=\"https:\/\/clients1.google.com\/complete\/search\" data-uilc=\"lt\" data-vil=\",af,af-ZA,am,am-ET,ar-EG,ar-AE,ar-KW,ar-QA,ar,ar-IL,ar-JO,ar-LB,ar-PS,az,az-AZ,bg,bg-BG,bn,bn-BD,bn-IN,ca,ca-es,cs,cs-CZ,de,de-DE,de-CH,de-AT,de-LI,en,en-US,en-CA,en-AU,en-NZ,en-GB,en-IN,en-KE,en-TZ,en-NG,en-GH,en-PH,en-ZA,es,es-ES,es-AR,es-UY,es-419,es-BO,es-CL,es-CR,es-CO,es-DO,es-EC,es-GT,es-HN,es-NI,es-PA,es-PE,es-PR,es-PY,es-SV,es-VE,es-MX,es-US,eu,eu-ES,fi,fi-FI,fr,fr-FR,fr-CH,fr-BE,gl,gl-ES,gu,gu-IN,he,he-IL,iw,iw-IL,hu,hu-HU,hy,hy-AM,id,id-ID,is,is-IS,it,it-IT,it-CH,ja,ja-JP,jv,jv-ID,ka,ka-GE,km,km-KH,kn,kn-IN,ko,ko-KR,la,lo,lo-LA,lv,lv-LV,ml,ml-IN,mr,mr-IN,ms,ms-MY,nl,nl-NL,nb,nb-NO,ne,ne-NP,pl,pl-PL,pt,pt-BR,pt-PT,ro,ro-RO,ru,ru-RU,si-LK,sk,sk-SK,sr,sr-RS,su,su-ID,sv,sv-SE,sw,sw-TZ,sw-KE,ta,ta-IN,ta-SG,ta-LK,ta-MY,te,te-IN,tr,tr-TR,ur,ur-PK,ur-IN,yue,yue-HK,yue-Hant-HK,zh-HK,zh,zh-CN,zh-cmn,zh-cmn-CN,zh-Hans,zh-Hans-CN,zh-cmn-Hans,zh-cmn-Hans-CN,cmn-CN,cmn-Hans,cmn-Hans-CN,zh-TW,zh-Hant-TW,cmn-TW,cmn-Hant-TW,zh-cmn-TW,zh-cmn-Hant-TW,zu,zu-ZA,hi,hi-IN,tl,tl-PH,pa,pa-IN\">\n<div>\n<div>\n<div id=\"tw-ob\" class=\"tw-src-ltr\">\n<div class=\"oSioSc\">\n<div id=\"tw-target\">\n<div id=\"kAz1tf\" class=\"g9WsWb PZPZlf\" data-attrid=\"tw-targetArea\" data-entityname=\"Google Translate\">\n<div id=\"tw-target-text-container\" class=\"tw-ta-container tw-nfl\" tabindex=\"0\" role=\"text\">\n<pre class=\"tw-data-text tw-text-large tw-ta\" dir=\"ltr\" tabindex=\"-1\" role=\"text\" data-placeholder=\"Vertimas\" data-ved=\"2ahUKEwjvwdafg7aUAxVEhv0HHdsOHYoQ3ewLegQIDRAV\" aria-label=\"I\u0161verstas tekstas: tiek rankiniams, tiek sm\u016bginiams ver\u017eliasukiams\r\ngalima pritvirtinti prie sm\u016bginio ver\u017eliasukio kai\u0161\u010diu ir O formos \u017eiedu\r\nTechniniai duomenys\r\nPavaros profilis Vidinis kvadratinis\r\nPavaros profilio dydis, metrinis 20 mm\r\nI\u0161\u0117jimo profilis T-Star (Torx)\r\nPavaros profilio dydis, colis 3\/4 colio\r\nI\u0161\u0117jimo profilio dydis T80\r\nMed\u017eiaga Chromas Molibdeno plienas\r\nIlgis 60 mm\r\nPakuot\u0117 tinkama kabinti ant sienos Taip\r\nBendras svoris 290 g\"><span class=\"Y2IQFc\" lang=\"lt\">Tinka tiek rankiniams, tiek sm\u016bginiams ver\u017eliasukiams.\r\n<strong>Techniniai duomenys:<\/strong>\r\nVidinis kvadratinis:v3\/4 (20mm)\r\nI\u0161\u0117jimo profilis: T80 (T-Star Torx)\r\nMed\u017eiaga: Chromas Molibdeno plienas\r\nIlgis: 60 mm\r\nBendras svoris: 290 g\r\n<img decoding=\"async\" src=\"https:\/\/vigorus.lt\/files\/piktogramos\/torxbg.JPG\" \/><img decoding=\"async\" src=\"https:\/\/vigorus.lt\/files\/piktogramos\/40.jpg\" \/><img decoding=\"async\" src=\"https:\/\/vigorus.lt\/files\/piktogramos\/25.gif\" \/><\/span><\/pre>\n<hr \/>\n<\/div>\n<div id=\"tw-target-rmn-container\" class=\"tw-target-rmn tw-ta-container tw-nfl\" tabindex=\"-1\" role=\"text\">\n<p><em>Nurodytos kainos galioja perkant internetu.<\/em><\/p>\n<\/div>\n<div class=\"iYB33c\">\n<div id=\"tw-tmenu\" class=\"tw-menu\"><\/div>\n<\/div>\n<\/div>\n<\/div>\n<\/div>\n<\/div>\n<div id=\"tw-images\"><\/div>\n<div class=\"dURPtb\"><\/div>\n<div>\n<div data-vpload=\"nYCnEd\" data-v=\"\" data-ne=\"1\">\n<div id=\"tsuid_UE4Eau_ZBcSM9u8P25300Ag_55\"><\/div>\n<\/div>\n<\/div>\n<\/div>\n<\/div>\n<\/div>\n<div class=\"KFFQ0c xKf9F\"><\/div>\n","protected":false},"excerpt":{"rendered":"<p>Antgalis sm\u016bginis 3\/4 (20mm) T80 (T-Star)<\/p>\n","protected":false},"featured_media":19566,"comment_status":"open","ping_status":"closed","template":"","meta":[],"product_brand":[571],"product_cat":[248],"product_tag":[577,2359,636,718,929,2358],"class_list":{"0":"post-19565","1":"product","2":"type-product","3":"status-publish","4":"has-post-thumbnail","6":"product_brand-bgs-technic-germany","7":"product_cat-3-4-antgaliai-smuginiai","8":"product_tag-3-4","9":"product_tag-2359","10":"product_tag-antgalis","11":"product_tag-antgalis-smuginis","12":"product_tag-galvute-vidine","13":"product_tag-t80","15":"first","16":"instock","17":"taxable","18":"shipping-taxable","19":"purchasable","20":"product-type-simple"},"_links":{"self":[{"href":"https:\/\/raktava.lt\/en\/wp-json\/wp\/v2\/product\/19565","targetHints":{"allow":["GET"]}}],"collection":[{"href":"https:\/\/raktava.lt\/en\/wp-json\/wp\/v2\/product"}],"about":[{"href":"https:\/\/raktava.lt\/en\/wp-json\/wp\/v2\/types\/product"}],"replies":[{"embeddable":true,"href":"https:\/\/raktava.lt\/en\/wp-json\/wp\/v2\/comments?post=19565"}],"version-history":[{"count":1,"href":"https:\/\/raktava.lt\/en\/wp-json\/wp\/v2\/product\/19565\/revisions"}],"predecessor-version":[{"id":19568,"href":"https:\/\/raktava.lt\/en\/wp-json\/wp\/v2\/product\/19565\/revisions\/19568"}],"wp:featuredmedia":[{"embeddable":true,"href":"https:\/\/raktava.lt\/en\/wp-json\/wp\/v2\/media\/19566"}],"wp:attachment":[{"href":"https:\/\/raktava.lt\/en\/wp-json\/wp\/v2\/media?parent=19565"}],"wp:term":[{"taxonomy":"product_brand","embeddable":true,"href":"https:\/\/raktava.lt\/en\/wp-json\/wp\/v2\/product_brand?post=19565"},{"taxonomy":"product_cat","embeddable":true,"href":"https:\/\/raktava.lt\/en\/wp-json\/wp\/v2\/product_cat?post=19565"},{"taxonomy":"product_tag","embeddable":true,"href":"https:\/\/raktava.lt\/en\/wp-json\/wp\/v2\/product_tag?post=19565"}],"curies":[{"name":"wp","href":"https:\/\/api.w.org\/{rel}","templated":true}]}}