{"id":19517,"date":"2026-05-13T11:38:07","date_gmt":"2026-05-13T08:38:07","guid":{"rendered":"https:\/\/raktava.lt\/?post_type=product&#038;p=19517"},"modified":"2026-05-13T13:21:13","modified_gmt":"2026-05-13T10:21:13","slug":"verzliarakciu-su-terksle-komplektas-8-19mm-12-vnt","status":"publish","type":"product","link":"https:\/\/raktava.lt\/en\/product\/rankiniai-irankiai\/verzliarakciai-verzliarakciu-komplektai\/terksliniai-raktai-ju-komplektai\/verzliarakciu-su-terksle-komplektas-8-19mm-12-vnt\/","title":{"rendered":"Ver\u017eliarak\u010di\u0173 su terk\u0161le komplektas 8-19mm (12 vnt.)"},"content":{"rendered":"<p>8, 9, 10, 11, 12, 13, 14, 15, 16, 17, 18, 19 mm<br \/>\nTerk\u0161linis mechanizmas 72 dantuk\u0173<\/p>\n<hr \/>\n<p><em>Nurodytos kainos galioja perkant internetu.<\/em><\/p>\n","protected":false},"excerpt":{"rendered":"<p>Ver\u017eliarak\u010di\u0173 su terk\u0161le komplektas 8-19mm (12 vnt.)<\/p>\n","protected":false},"featured_media":19518,"comment_status":"open","ping_status":"closed","template":"","meta":[],"product_brand":[626],"product_cat":[116],"product_tag":[2352,749,649,748],"class_list":{"0":"post-19517","1":"product","2":"type-product","3":"status-publish","4":"has-post-thumbnail","6":"product_brand-changlu","7":"product_cat-terksliniai-raktai-ju-komplektai","8":"product_tag-cl403912","9":"product_tag-verzliarakciu-komplektas","10":"product_tag-verzliaraktis","11":"product_tag-verzliaraktis-su-terksle","13":"first","14":"instock","15":"taxable","16":"shipping-taxable","17":"purchasable","18":"product-type-simple"},"_links":{"self":[{"href":"https:\/\/raktava.lt\/en\/wp-json\/wp\/v2\/product\/19517","targetHints":{"allow":["GET"]}}],"collection":[{"href":"https:\/\/raktava.lt\/en\/wp-json\/wp\/v2\/product"}],"about":[{"href":"https:\/\/raktava.lt\/en\/wp-json\/wp\/v2\/types\/product"}],"replies":[{"embeddable":true,"href":"https:\/\/raktava.lt\/en\/wp-json\/wp\/v2\/comments?post=19517"}],"version-history":[{"count":2,"href":"https:\/\/raktava.lt\/en\/wp-json\/wp\/v2\/product\/19517\/revisions"}],"predecessor-version":[{"id":19531,"href":"https:\/\/raktava.lt\/en\/wp-json\/wp\/v2\/product\/19517\/revisions\/19531"}],"wp:featuredmedia":[{"embeddable":true,"href":"https:\/\/raktava.lt\/en\/wp-json\/wp\/v2\/media\/19518"}],"wp:attachment":[{"href":"https:\/\/raktava.lt\/en\/wp-json\/wp\/v2\/media?parent=19517"}],"wp:term":[{"taxonomy":"product_brand","embeddable":true,"href":"https:\/\/raktava.lt\/en\/wp-json\/wp\/v2\/product_brand?post=19517"},{"taxonomy":"product_cat","embeddable":true,"href":"https:\/\/raktava.lt\/en\/wp-json\/wp\/v2\/product_cat?post=19517"},{"taxonomy":"product_tag","embeddable":true,"href":"https:\/\/raktava.lt\/en\/wp-json\/wp\/v2\/product_tag?post=19517"}],"curies":[{"name":"wp","href":"https:\/\/api.w.org\/{rel}","templated":true}]}}