{"id":19463,"date":"2026-05-05T14:05:42","date_gmt":"2026-05-05T11:05:42","guid":{"rendered":"https:\/\/raktava.lt\/?post_type=product&#038;p=19463"},"modified":"2026-05-05T14:05:43","modified_gmt":"2026-05-05T11:05:43","slug":"alyvos-isleidimo-antgaliu-komplektas-3-8-1-2","status":"publish","type":"product","link":"https:\/\/raktava.lt\/en\/product\/automobiliu-remonto-irankiai\/variklio-remonto-irankiai\/sugadintam-karterio-sriegiui\/alyvos-isleidimo-antgaliu-komplektas-3-8-1-2\/","title":{"rendered":"Alyvos i\u0161leidimo antgali\u0173 komplektas 3\/8-1\/2"},"content":{"rendered":"<p>Rinkinys, skirtas alyvos i\u0161leidimo kai\u0161\u010diams atsukti ir priver\u017eti. Rinkinys YATO YT-05997 yra efektyvus \u012frankis, palengvinantis darb\u0105 su alyvos bakais.<\/p>\n<ul>\n<li>Konstrukcijos med\u017eiaga: tvirta CrV plienas<\/li>\n<li>Dyd\u017eiai: 8, 10, 12, 14 mm, taip pat 3\/8&#8243; ir 1\/2&#8243; kvadratiniai<\/li>\n<li>Paskirtis: alyvos i\u0161leidimui<\/li>\n<li>Med\u017eiaga: CrV<\/li>\n<\/ul>\n<p>&nbsp;<\/p>\n<p><strong>Naudojimo \u012fsp\u0117jimai:<\/strong><\/p>\n<p>\u012esp\u0117jimas! Visada d\u0117v\u0117kite asmenines saugos priemones darbui.<\/p>\n<p><img decoding=\"async\" src=\"https:\/\/vigorus.lt\/catalog\/logo120627105013_yato.jpg\" alt=\"YATO\" \/><\/p>\n<hr \/>\n<p><em>Nurodytos kainos galioja perkant internetu.<\/em><\/p>\n","protected":false},"excerpt":{"rendered":"<p>Alyvos i\u0161leidimo antgali\u0173 komplektas 3\/8-1\/2<\/p>\n","protected":false},"featured_media":19464,"comment_status":"open","ping_status":"closed","template":"","meta":[],"product_brand":[563],"product_cat":[120,86],"product_tag":[912,2333,2334],"class_list":{"0":"post-19463","1":"product","2":"type-product","3":"status-publish","4":"has-post-thumbnail","6":"product_brand-yato","7":"product_cat-sugadintam-karterio-sriegiui","8":"product_cat-tepalo-isleidimui","9":"product_tag-alyvos-isleidimo-galvutes","10":"product_tag-galvutes-tepalo-isleidimui","11":"product_tag-yt-05997","13":"first","14":"instock","15":"taxable","16":"shipping-taxable","17":"purchasable","18":"product-type-simple"},"_links":{"self":[{"href":"https:\/\/raktava.lt\/en\/wp-json\/wp\/v2\/product\/19463","targetHints":{"allow":["GET"]}}],"collection":[{"href":"https:\/\/raktava.lt\/en\/wp-json\/wp\/v2\/product"}],"about":[{"href":"https:\/\/raktava.lt\/en\/wp-json\/wp\/v2\/types\/product"}],"replies":[{"embeddable":true,"href":"https:\/\/raktava.lt\/en\/wp-json\/wp\/v2\/comments?post=19463"}],"version-history":[{"count":1,"href":"https:\/\/raktava.lt\/en\/wp-json\/wp\/v2\/product\/19463\/revisions"}],"predecessor-version":[{"id":19468,"href":"https:\/\/raktava.lt\/en\/wp-json\/wp\/v2\/product\/19463\/revisions\/19468"}],"wp:featuredmedia":[{"embeddable":true,"href":"https:\/\/raktava.lt\/en\/wp-json\/wp\/v2\/media\/19464"}],"wp:attachment":[{"href":"https:\/\/raktava.lt\/en\/wp-json\/wp\/v2\/media?parent=19463"}],"wp:term":[{"taxonomy":"product_brand","embeddable":true,"href":"https:\/\/raktava.lt\/en\/wp-json\/wp\/v2\/product_brand?post=19463"},{"taxonomy":"product_cat","embeddable":true,"href":"https:\/\/raktava.lt\/en\/wp-json\/wp\/v2\/product_cat?post=19463"},{"taxonomy":"product_tag","embeddable":true,"href":"https:\/\/raktava.lt\/en\/wp-json\/wp\/v2\/product_tag?post=19463"}],"curies":[{"name":"wp","href":"https:\/\/api.w.org\/{rel}","templated":true}]}}