{"id":19352,"date":"2026-04-16T16:12:07","date_gmt":"2026-04-16T13:12:07","guid":{"rendered":"https:\/\/raktava.lt\/?post_type=product&#038;p=19352"},"modified":"2026-04-16T16:12:07","modified_gmt":"2026-04-16T13:12:07","slug":"reples-ilgos-lenktos-45-280mm","status":"publish","type":"product","link":"https:\/\/raktava.lt\/en\/product\/rankiniai-irankiai\/reples-repliu-komplektai-zirkles-skardai-specializuotos-reples\/reples-prailgintos\/reples-ilgos-lenktos-45-280mm\/","title":{"rendered":"Repl\u0117s ilgos lenktos 45\u00b0 280mm"},"content":{"rendered":"<pre class=\"tw-data-text tw-text-large tw-ta\" dir=\"ltr\" tabindex=\"-1\" role=\"text\" data-placeholder=\"Vertimas\" data-ved=\"2ahUKEwjDpbeb5fGTAxVCBNsEHThAHykQ3ewLegQIDBAV\" aria-label=\"I\u0161verstas tekstas: Su\u0117mimo, reguliavimo ir surinkimo darbams sunkiai pasiekiamose vietose\r\n\u017demai esan\u010dius ruo\u0161inius optimaliai galima pasiekti plonais, plok\u0161\u010diais, apvaliais su\u0117mimo antgaliais\r\nUniversaliai pritaikomas\r\nKampuotos su\u0117mimo \u012fvor\u0117s\r\nSaugus valdymas d\u0117l repli\u0173 antgali\u0173 su dantytu vidiniu profiliu\r\nYpa\u010d ilgos \u017enypli\u0173 kojel\u0117s\r\nNeslystan\u010dios, panardinamuoju b\u016bdu izoliuotos rankenos\r\nTechniniai duomenys\r\nMed\u017eiaga: anglinis plienas\r\nIlgis: 280 mm\r\nBendras svoris: 324 g\"><span class=\"Y2IQFc\" lang=\"lt\">Su\u0117mimo, reguliavimo ir surinkimo darbams sunkiai pasiekiamose vietose.\r\n\u017demai esan\u010dius ruo\u0161inius optimaliai galima pasiekti plonais, plok\u0161\u010diais, apvaliais su\u0117mimo antgaliais.\r\nUniversaliai pritaikomas.\r\nKampuotos su\u0117mimo \u012fvor\u0117s. \r\nSaugus valdymas d\u0117l repli\u0173 antgali\u0173 su dantytu vidiniu profiliu.\r\nYpa\u010d ilgos \u017enypli\u0173 kojel\u0117s.\r\nNeslystan\u010dios, panardinamuoju b\u016bdu izoliuotos rankenos.\r\n<strong>Techniniai duomenys:<\/strong>\r\nMed\u017eiaga: anglinis plienas\r\nIlgis: 280 mm\r\nBendras svoris: 324 g\r\n<img decoding=\"async\" src=\"https:\/\/vigorus.lt\/files\/piktogramos\/25.gif\" \/><\/span><\/pre>\n<hr \/>\n<p><em>Nurodytos kainos galioja perkant internetu.<\/em><\/p>\n","protected":false},"excerpt":{"rendered":"<p>Repl\u0117s ilgos lenktos 45\u00b0 280mm<\/p>\n","protected":false},"featured_media":19353,"comment_status":"open","ping_status":"closed","template":"","meta":[],"product_brand":[571],"product_cat":[189],"product_tag":[2304,2305,623,836],"class_list":{"0":"post-19352","1":"product","2":"type-product","3":"status-publish","4":"has-post-thumbnail","6":"product_brand-bgs-technic-germany","7":"product_cat-reples-prailgintos","8":"product_tag-2304","9":"product_tag-lenktos-reples","10":"product_tag-reples","11":"product_tag-reples-prailgintos","13":"first","14":"instock","15":"taxable","16":"shipping-taxable","17":"purchasable","18":"product-type-simple"},"_links":{"self":[{"href":"https:\/\/raktava.lt\/en\/wp-json\/wp\/v2\/product\/19352","targetHints":{"allow":["GET"]}}],"collection":[{"href":"https:\/\/raktava.lt\/en\/wp-json\/wp\/v2\/product"}],"about":[{"href":"https:\/\/raktava.lt\/en\/wp-json\/wp\/v2\/types\/product"}],"replies":[{"embeddable":true,"href":"https:\/\/raktava.lt\/en\/wp-json\/wp\/v2\/comments?post=19352"}],"version-history":[{"count":1,"href":"https:\/\/raktava.lt\/en\/wp-json\/wp\/v2\/product\/19352\/revisions"}],"predecessor-version":[{"id":19361,"href":"https:\/\/raktava.lt\/en\/wp-json\/wp\/v2\/product\/19352\/revisions\/19361"}],"wp:featuredmedia":[{"embeddable":true,"href":"https:\/\/raktava.lt\/en\/wp-json\/wp\/v2\/media\/19353"}],"wp:attachment":[{"href":"https:\/\/raktava.lt\/en\/wp-json\/wp\/v2\/media?parent=19352"}],"wp:term":[{"taxonomy":"product_brand","embeddable":true,"href":"https:\/\/raktava.lt\/en\/wp-json\/wp\/v2\/product_brand?post=19352"},{"taxonomy":"product_cat","embeddable":true,"href":"https:\/\/raktava.lt\/en\/wp-json\/wp\/v2\/product_cat?post=19352"},{"taxonomy":"product_tag","embeddable":true,"href":"https:\/\/raktava.lt\/en\/wp-json\/wp\/v2\/product_tag?post=19352"}],"curies":[{"name":"wp","href":"https:\/\/api.w.org\/{rel}","templated":true}]}}