{"id":19335,"date":"2026-04-16T09:59:50","date_gmt":"2026-04-16T06:59:50","guid":{"rendered":"https:\/\/raktava.lt\/?post_type=product&#038;p=19335"},"modified":"2026-04-16T10:04:07","modified_gmt":"2026-04-16T07:04:07","slug":"stabdziu-stumoklio-nuleidimo-adapteris-automobiliams-su-elektriniu-rankiniu","status":"publish","type":"product","link":"https:\/\/raktava.lt\/en\/product\/automobiliu-remonto-irankiai\/vaziuokles-remonto-irankiai\/stabdziu-remonto-irankiai\/stabdziu-stumoklio-nuleidimo-adapteris-automobiliams-su-elektriniu-rankiniu\/","title":{"rendered":"Stabd\u017ei\u0173 st\u016bmoklio nuleidimo adapteris automobiliams su elektriniu rankiniu"},"content":{"rendered":"<p>Modelis su 3 kai\u0161\u010diais<br \/>\nTinka stabd\u017ei\u0173 st\u016bmokli\u0173 atbulin\u0117s eigos komplektams BGS 1109, 1110, 1116, 1119, 1127, 1117, 1104<br \/>\nTinka galinei a\u0161iai su elektriniu rankiniu stabd\u017eiu:<br \/>\nAudi A4, A5, A6, A8, Q5, Q7<br \/>\nFord Focus, C-Max, S-Max<br \/>\nRenault Scenic, Megane<br \/>\nVW Passat, Tiguan<br \/>\nTechniniai duomenys<br \/>\nBendras svoris 48 g<\/p>\n<p><img decoding=\"async\" src=\"https:\/\/vigorus.lt\/files\/piktogramos\/25.gif\" \/><\/p>\n<hr \/>\n<p><em>Nurodytos kainos galioja perkant internetu.<\/em><\/p>\n","protected":false},"excerpt":{"rendered":"<p>Stabd\u017ei\u0173 st\u016bmoklio nuleidimo adapteris automobiliams su elektriniu rankiniu<\/p>\n","protected":false},"featured_media":19338,"comment_status":"open","ping_status":"closed","template":"","meta":[],"product_brand":[571],"product_cat":[64],"product_tag":[2299,2298,2297],"class_list":{"0":"post-19335","1":"product","2":"type-product","3":"status-publish","4":"has-post-thumbnail","6":"product_brand-bgs-technic-germany","7":"product_cat-stabdziu-remonto-irankiai","8":"product_tag-1119-1","9":"product_tag-diskiniu-stabdziu-remontas","10":"product_tag-suportu-sustumimo-adapteris","12":"first","13":"instock","14":"taxable","15":"shipping-taxable","16":"purchasable","17":"product-type-simple"},"_links":{"self":[{"href":"https:\/\/raktava.lt\/en\/wp-json\/wp\/v2\/product\/19335","targetHints":{"allow":["GET"]}}],"collection":[{"href":"https:\/\/raktava.lt\/en\/wp-json\/wp\/v2\/product"}],"about":[{"href":"https:\/\/raktava.lt\/en\/wp-json\/wp\/v2\/types\/product"}],"replies":[{"embeddable":true,"href":"https:\/\/raktava.lt\/en\/wp-json\/wp\/v2\/comments?post=19335"}],"version-history":[{"count":1,"href":"https:\/\/raktava.lt\/en\/wp-json\/wp\/v2\/product\/19335\/revisions"}],"predecessor-version":[{"id":19344,"href":"https:\/\/raktava.lt\/en\/wp-json\/wp\/v2\/product\/19335\/revisions\/19344"}],"wp:featuredmedia":[{"embeddable":true,"href":"https:\/\/raktava.lt\/en\/wp-json\/wp\/v2\/media\/19338"}],"wp:attachment":[{"href":"https:\/\/raktava.lt\/en\/wp-json\/wp\/v2\/media?parent=19335"}],"wp:term":[{"taxonomy":"product_brand","embeddable":true,"href":"https:\/\/raktava.lt\/en\/wp-json\/wp\/v2\/product_brand?post=19335"},{"taxonomy":"product_cat","embeddable":true,"href":"https:\/\/raktava.lt\/en\/wp-json\/wp\/v2\/product_cat?post=19335"},{"taxonomy":"product_tag","embeddable":true,"href":"https:\/\/raktava.lt\/en\/wp-json\/wp\/v2\/product_tag?post=19335"}],"curies":[{"name":"wp","href":"https:\/\/api.w.org\/{rel}","templated":true}]}}