{"id":19201,"date":"2026-04-08T16:22:24","date_gmt":"2026-04-08T13:22:24","guid":{"rendered":"https:\/\/raktava.lt\/?post_type=product&#038;p=19201"},"modified":"2026-04-08T16:23:12","modified_gmt":"2026-04-08T13:23:12","slug":"verzliaraktis-26mm-2","status":"publish","type":"product","link":"https:\/\/raktava.lt\/en\/product\/rankiniai-irankiai\/verzliarakciai-verzliarakciu-komplektai\/kombinuoti-raktai-ir-ju-rinkiniai\/verzliaraktis-26mm-2\/","title":{"rendered":"Ver\u017eliaraktis 26mm"},"content":{"rendered":"<p>Kombinuotas ver\u017eliaraktis YATO YT-0355 yra patikimas ir prakti\u0161kas \u012frankis, skirtas naudoti dirbtuv\u0117se. Jo dodecagonin\u0117 forma u\u017etikrina tvirt\u0105 sugriebim\u0105, o chromo ir satino apdaila teikia estetin\u012f patrauklum\u0105 ir ilgaam\u017ei\u0161kum\u0105.<\/p>\n<p>Ypatyb\u0117s:<\/p>\n<ul>\n<li>Paskirtis: darbnis<\/li>\n<li>Galvos kampas:\u00a015\u00b0<\/li>\n<li>Virinimo apdaila:\u00a0chromuota, satinin\u0117<\/li>\n<\/ul>\n<p>Matmenys:<\/p>\n<ul>\n<li>Bendras ilgis:\u00a0310 mm<\/li>\n<li>Atviro galo ver\u017eliarak\u010dio plotis:\u00a053.2 mm<\/li>\n<li>Atviro galo storis:\u00a09.2 mm<\/li>\n<li>\u017diedo ver\u017eliarak\u010dio plotis:\u00a037.4 mm<\/li>\n<li>\u017diedo ver\u017eliarak\u010dio storis:\u00a012.9 mm<\/li>\n<\/ul>\n<p>Naudojimo \u012fsp\u0117jimai:<\/p>\n<p>Naudojant rankinius \u012frankius gali kilti pavojus! Visada naudokite asmenines apsaugos priemones dirbant. Naudokite tik tinkamus, nesugadintus \u012frankius. Pasirinkite \u012frankio tip\u0105 ir dyd\u012f atsi\u017evelgdami \u012f numatom\u0105 naudojim\u0105. Nepasikraukite \u012franki\u0173. Laikykite \u012frankius toliau nuo vaik\u0173. Naudokite \u012frankius atid\u017eiai.<\/p>\n<ul>\n<li>Serija:\u00a0GRD<\/li>\n<li>Dydis:\u00a026 mm<\/li>\n<li>\u017diedo ver\u017eliarak\u010dio tipas:\u00a0dodecagonal<\/li>\n<li>Bendras ilgis:\u00a0310 mm<\/li>\n<li>Atviro galo ver\u017eliarak\u010dio plotis:\u00a053.2 mm<\/li>\n<li>Atviro galo storis:\u00a09.2 mm<\/li>\n<li>\u017diedo ver\u017eliarak\u010dio plotis:\u00a037.4 mm<\/li>\n<li>\u017diedo ver\u017eliarak\u010dio storis:\u00a012.9 mm<\/li>\n<li>Med\u017eiaga:\u00a0CrV<\/li>\n<li>Virinimo apdaila:\u00a0chromuota, satinin\u0117<\/li>\n<li>Galvos apdaila:\u00a0satinin\u0117<\/li>\n<li>Kietumas:\u00a042-48 HRC<\/li>\n<li>DIN:\u00a03113<\/li>\n<li>Galvos nuokrypis:\u00a015 \u02da<\/li>\n<li>AS-DRIVE:\u00a0taip<\/li>\n<li>Paskirtis:\u00a0dirbtuv\u0117s<\/li>\n<\/ul>\n","protected":false},"excerpt":{"rendered":"<p>Ver\u017eliaraktis 26mm<\/p>\n","protected":false},"featured_media":19202,"comment_status":"open","ping_status":"closed","template":"","meta":[],"product_brand":[563],"product_cat":[105],"product_tag":[2255,649],"class_list":{"0":"post-19201","1":"product","2":"type-product","3":"status-publish","4":"has-post-thumbnail","6":"product_brand-yato","7":"product_cat-kombinuoti-raktai-ir-ju-rinkiniai","8":"product_tag-26mm","9":"product_tag-verzliaraktis","11":"first","12":"instock","13":"taxable","14":"shipping-taxable","15":"purchasable","16":"product-type-simple"},"_links":{"self":[{"href":"https:\/\/raktava.lt\/en\/wp-json\/wp\/v2\/product\/19201","targetHints":{"allow":["GET"]}}],"collection":[{"href":"https:\/\/raktava.lt\/en\/wp-json\/wp\/v2\/product"}],"about":[{"href":"https:\/\/raktava.lt\/en\/wp-json\/wp\/v2\/types\/product"}],"replies":[{"embeddable":true,"href":"https:\/\/raktava.lt\/en\/wp-json\/wp\/v2\/comments?post=19201"}],"version-history":[{"count":2,"href":"https:\/\/raktava.lt\/en\/wp-json\/wp\/v2\/product\/19201\/revisions"}],"predecessor-version":[{"id":19205,"href":"https:\/\/raktava.lt\/en\/wp-json\/wp\/v2\/product\/19201\/revisions\/19205"}],"wp:featuredmedia":[{"embeddable":true,"href":"https:\/\/raktava.lt\/en\/wp-json\/wp\/v2\/media\/19202"}],"wp:attachment":[{"href":"https:\/\/raktava.lt\/en\/wp-json\/wp\/v2\/media?parent=19201"}],"wp:term":[{"taxonomy":"product_brand","embeddable":true,"href":"https:\/\/raktava.lt\/en\/wp-json\/wp\/v2\/product_brand?post=19201"},{"taxonomy":"product_cat","embeddable":true,"href":"https:\/\/raktava.lt\/en\/wp-json\/wp\/v2\/product_cat?post=19201"},{"taxonomy":"product_tag","embeddable":true,"href":"https:\/\/raktava.lt\/en\/wp-json\/wp\/v2\/product_tag?post=19201"}],"curies":[{"name":"wp","href":"https:\/\/api.w.org\/{rel}","templated":true}]}}