{"id":19163,"date":"2026-04-08T15:14:43","date_gmt":"2026-04-08T12:14:43","guid":{"rendered":"https:\/\/raktava.lt\/?post_type=product&#038;p=19163"},"modified":"2026-04-08T15:22:55","modified_gmt":"2026-04-08T12:22:55","slug":"verzliaraktis-24mm","status":"publish","type":"product","link":"https:\/\/raktava.lt\/en\/product\/rankiniai-irankiai\/verzliarakciai-verzliarakciu-komplektai\/kombinuoti-raktai-ir-ju-rinkiniai\/verzliaraktis-24mm\/","title":{"rendered":"Ver\u017eliaraktis 24mm"},"content":{"rendered":"<p>DIN3113A<\/p>\n<p><img decoding=\"async\" src=\"https:\/\/www.liudoirankiai.com\/images\/uploader\/ch\/108x108\/changlu-2-1.jpg\" alt=\"changlu-2-1\" \/><\/p>\n<hr \/>\n<p style=\"margin: 0cm;\"><em>Preki\u0173 nuotraukos yra iliustracinio pob\u016bd\u017eio.<\/em><\/p>\n<p style=\"margin: 0cm;\"><em>Nurodytos kainos galioja perkant internetu.<\/em><\/p>\n","protected":false},"excerpt":{"rendered":"<p>Ver\u017eliaraktis 24mm<\/p>\n","protected":false},"featured_media":16633,"comment_status":"open","ping_status":"closed","template":"","meta":[],"product_brand":[626],"product_cat":[105],"product_tag":[950,2241,649],"class_list":{"0":"post-19163","1":"product","2":"type-product","3":"status-publish","4":"has-post-thumbnail","6":"product_brand-changlu","7":"product_cat-kombinuoti-raktai-ir-ju-rinkiniai","8":"product_tag-24mm","9":"product_tag-cl410724","10":"product_tag-verzliaraktis","12":"first","13":"instock","14":"taxable","15":"shipping-taxable","16":"purchasable","17":"product-type-simple"},"_links":{"self":[{"href":"https:\/\/raktava.lt\/en\/wp-json\/wp\/v2\/product\/19163","targetHints":{"allow":["GET"]}}],"collection":[{"href":"https:\/\/raktava.lt\/en\/wp-json\/wp\/v2\/product"}],"about":[{"href":"https:\/\/raktava.lt\/en\/wp-json\/wp\/v2\/types\/product"}],"replies":[{"embeddable":true,"href":"https:\/\/raktava.lt\/en\/wp-json\/wp\/v2\/comments?post=19163"}],"version-history":[{"count":1,"href":"https:\/\/raktava.lt\/en\/wp-json\/wp\/v2\/product\/19163\/revisions"}],"predecessor-version":[{"id":19164,"href":"https:\/\/raktava.lt\/en\/wp-json\/wp\/v2\/product\/19163\/revisions\/19164"}],"wp:featuredmedia":[{"embeddable":true,"href":"https:\/\/raktava.lt\/en\/wp-json\/wp\/v2\/media\/16633"}],"wp:attachment":[{"href":"https:\/\/raktava.lt\/en\/wp-json\/wp\/v2\/media?parent=19163"}],"wp:term":[{"taxonomy":"product_brand","embeddable":true,"href":"https:\/\/raktava.lt\/en\/wp-json\/wp\/v2\/product_brand?post=19163"},{"taxonomy":"product_cat","embeddable":true,"href":"https:\/\/raktava.lt\/en\/wp-json\/wp\/v2\/product_cat?post=19163"},{"taxonomy":"product_tag","embeddable":true,"href":"https:\/\/raktava.lt\/en\/wp-json\/wp\/v2\/product_tag?post=19163"}],"curies":[{"name":"wp","href":"https:\/\/api.w.org\/{rel}","templated":true}]}}