{"id":19056,"date":"2026-03-30T12:15:22","date_gmt":"2026-03-30T09:15:22","guid":{"rendered":"https:\/\/raktava.lt\/?post_type=product&#038;p=19056"},"modified":"2026-03-30T12:15:23","modified_gmt":"2026-03-30T09:15:23","slug":"antgaliu-komplektas-3-8-10mm-spline-ribe-15-vnt","status":"publish","type":"product","link":"https:\/\/raktava.lt\/en\/product\/rankiniai-irankiai\/antgaliai-antgaliu-komplektai-ipresuoti-antgaliai\/antgaliukai-bitukai-3-8-10mm\/antgaliu-komplektas-3-8-10mm-spline-ribe-15-vnt\/","title":{"rendered":"Antgali\u0173 komplektas 3\/8 (10mm), Spline (Ribe), 15 vnt."},"content":{"rendered":"<pre class=\"tw-data-text tw-text-large tw-ta\" dir=\"ltr\" tabindex=\"-1\" role=\"text\" data-placeholder=\"Vertimas\" data-ved=\"2ahUKEwjO5_7Cm8eTAxWlA9sEHY77BpAQ3ewLegQIDBAW\" aria-label=\"I\u0161verstas tekstas: YATO atsuktuv\u0173 antgali\u0173 rinkinys \u201eRibe YT-0419\u201c \u2013 tai i\u0161sami kolekcija, skirta tikslumui ir universalumui \u012fvairiose srityse. \u0160iame rinkinyje yra 15 dali\u0173, tod\u0117l jis idealiai tinka tiek profesionaliam, tiek m\u0117g\u0117ji\u0161kam naudojimui.\r\n\r\nRinkin\u012f sudaro:\r\n\r\n3\/8 colio (9,5 mm) antgaliai: M6, M7, M8, M9, M10, M12, M14, kuri\u0173 ilgis 30 mm ir 75 mm\r\n1\/2 colio (12,7 mm) x 3\/8 colio (9,5 mm) adapteris\r\nSpecifikacijos:\r\nSerija: GRD\r\nAntgalis: Ribe\r\n\u012eranki\u0173 laikiklio tipas: \u0161e\u0161iakampis\r\nLaikikli\u0173 dyd\u017eiai: 3\/8 colio (9,5 mm), 1\/2 colio (12,7 mm)\r\nAntgalio med\u017eiaga: S2\r\nAntgalio apdaila: sm\u0117liasrove\r\nAdapterio med\u017eiaga: CRV 6150\r\nKietumas: 58\u201362 HRC\r\nDaleli\u0173 skai\u010dius: 15\"><span class=\"Y2IQFc\" lang=\"lt\">YATO atsuktuv\u0173 antgali\u0173 rinkinys \u201eRibe YT-0419\u201c \u2013 tai i\u0161sami kolekcija, skirta tikslumui ir universalumui \u012fvairiose srityse. \u0160iame rinkinyje yra 15 dali\u0173, tod\u0117l jis idealiai tinka tiek profesionaliam, tiek m\u0117g\u0117ji\u0161kam naudojimui.\r\n\r\nRinkin\u012f sudaro:\r\n3\/8 colio (9,5 mm) antgaliai: M6, M7, M8, M9, M10, M12, M14, kuri\u0173 ilgis 30 mm ir 75 mm\r\n1\/2 colio (12,7 mm) x 3\/8 colio (9,5 mm) adapteris\r\nSpecifikacijos:\r\nSerija: GRD\r\nAntgalis: Ribe\r\n\u012eranki\u0173 laikiklio tipas: \u0161e\u0161iakampis\r\nLaikikli\u0173 dyd\u017eiai: 3\/8 colio (9,5 mm), 1\/2 colio (12,7 mm)\r\nAntgali\u0173 dyd\u017eiai: tipas: M5; M6; M8; M7; M12; M10; M9; M13; M11\r\nAntgalio med\u017eiaga: S2\r\nAntgalio apdaila: sm\u0117liasrov\u0117\r\nAdapterio med\u017eiaga: CRV 6150\r\nKietumas: 58\u201362 HRC\r\nDaleli\u0173 skai\u010dius: 15\r\n<img decoding=\"async\" class=\"\" src=\"https:\/\/vigorus.lt\/catalog\/240907094909_pv.jpg\" width=\"215\" height=\"42\" \/><img decoding=\"async\" class=\"\" src=\"https:\/\/vigorus.lt\/catalog\/130302124837_YT-0419-3.jpg\" width=\"178\" height=\"72\" \/><img decoding=\"async\" src=\"https:\/\/vigorus.lt\/catalog\/logo120627105013_yato.jpg\" alt=\"YATO\" \/>\r\n<\/span><\/pre>\n<hr \/>\n<p><em>Nurodytos kainos galioja perkant internetu.<\/em><\/p>\n<pre id=\"tw-target-text\" class=\"tw-data-text tw-text-large tw-ta\" dir=\"ltr\" tabindex=\"-1\" role=\"text\" data-placeholder=\"Vertimas\" data-ved=\"2ahUKEwjO5_7Cm8eTAxWlA9sEHY77BpAQ3ewLegQIDBAW\" aria-label=\"I\u0161verstas tekstas: YATO atsuktuv\u0173 antgali\u0173 rinkinys \u201eRibe YT-0419\u201c \u2013 tai i\u0161sami kolekcija, skirta tikslumui ir universalumui \u012fvairiose srityse. \u0160iame rinkinyje yra 15 dali\u0173, tod\u0117l jis idealiai tinka tiek profesionaliam, tiek m\u0117g\u0117ji\u0161kam naudojimui.\r\n\r\nRinkin\u012f sudaro:\r\n\r\n3\/8 colio (9,5 mm) antgaliai: M6, M7, M8, M9, M10, M12, M14, kuri\u0173 ilgis 30 mm ir 75 mm\r\n1\/2 colio (12,7 mm) x 3\/8 colio (9,5 mm) adapteris\r\nSpecifikacijos:\r\nSerija: GRD\r\nAntgalis: Ribe\r\n\u012eranki\u0173 laikiklio tipas: \u0161e\u0161iakampis\r\nLaikikli\u0173 dyd\u017eiai: 3\/8 colio (9,5 mm), 1\/2 colio (12,7 mm)\r\nAntgalio med\u017eiaga: S2\r\nAntgalio apdaila: sm\u0117liasrove\r\nAdapterio med\u017eiaga: CRV 6150\r\nKietumas: 58\u201362 HRC\r\nDaleli\u0173 skai\u010dius: 15\"><span class=\"Y2IQFc\" lang=\"lt\">\r\n\r\n<\/span><\/pre>\n","protected":false},"excerpt":{"rendered":"<p>Antgali\u0173 komplektas 3\/8 (10mm), Spline (Ribe), 15 vnt.<\/p>\n","protected":false},"featured_media":19061,"comment_status":"open","ping_status":"closed","template":"","meta":[],"product_brand":[563],"product_cat":[112],"product_tag":[1281,1765,2201],"class_list":{"0":"post-19056","1":"product","2":"type-product","3":"status-publish","4":"has-post-thumbnail","6":"product_brand-yato","7":"product_cat-antgaliukai-bitukai-3-8-10mm","8":"product_tag-antgaliu-rinkinys","9":"product_tag-ribe","10":"product_tag-yt-0419","12":"first","13":"instock","14":"taxable","15":"shipping-taxable","16":"purchasable","17":"product-type-simple"},"_links":{"self":[{"href":"https:\/\/raktava.lt\/en\/wp-json\/wp\/v2\/product\/19056","targetHints":{"allow":["GET"]}}],"collection":[{"href":"https:\/\/raktava.lt\/en\/wp-json\/wp\/v2\/product"}],"about":[{"href":"https:\/\/raktava.lt\/en\/wp-json\/wp\/v2\/types\/product"}],"replies":[{"embeddable":true,"href":"https:\/\/raktava.lt\/en\/wp-json\/wp\/v2\/comments?post=19056"}],"version-history":[{"count":1,"href":"https:\/\/raktava.lt\/en\/wp-json\/wp\/v2\/product\/19056\/revisions"}],"predecessor-version":[{"id":19069,"href":"https:\/\/raktava.lt\/en\/wp-json\/wp\/v2\/product\/19056\/revisions\/19069"}],"wp:featuredmedia":[{"embeddable":true,"href":"https:\/\/raktava.lt\/en\/wp-json\/wp\/v2\/media\/19061"}],"wp:attachment":[{"href":"https:\/\/raktava.lt\/en\/wp-json\/wp\/v2\/media?parent=19056"}],"wp:term":[{"taxonomy":"product_brand","embeddable":true,"href":"https:\/\/raktava.lt\/en\/wp-json\/wp\/v2\/product_brand?post=19056"},{"taxonomy":"product_cat","embeddable":true,"href":"https:\/\/raktava.lt\/en\/wp-json\/wp\/v2\/product_cat?post=19056"},{"taxonomy":"product_tag","embeddable":true,"href":"https:\/\/raktava.lt\/en\/wp-json\/wp\/v2\/product_tag?post=19056"}],"curies":[{"name":"wp","href":"https:\/\/api.w.org\/{rel}","templated":true}]}}