{"id":19035,"date":"2026-03-26T16:32:21","date_gmt":"2026-03-26T14:32:21","guid":{"rendered":"https:\/\/raktava.lt\/?post_type=product&#038;p=19035"},"modified":"2026-03-26T16:32:22","modified_gmt":"2026-03-26T14:32:22","slug":"stabdziu-cilindriuku-sustumejas-pneumatinis","status":"publish","type":"product","link":"https:\/\/raktava.lt\/en\/product\/automobiliu-remonto-irankiai\/vaziuokles-remonto-irankiai\/stabdziu-remonto-irankiai\/stabdziu-cilindriuku-sustumejas-pneumatinis\/","title":{"rendered":"Stabd\u017ei\u0173 cilindriuk\u0173 sust\u016bm\u0117jas pneumatinis"},"content":{"rendered":"<ul>\n<li id=\"tw-target-text\" class=\"tw-data-text tw-text-large tw-ta\" dir=\"ltr\" tabindex=\"-1\" role=\"text\" data-placeholder=\"Vertimas\" data-ved=\"2ahUKEwj14YXH-ryTAxVMhv0HHYxRH44Q3ewLegQIDBAW\" aria-label=\"I\u0161verstas tekstas: Kairiajam ir de\u0161iniajam sriegiui \u2013 kryptis nustatoma judinant kampin\u0119 svirt\u012f hidraulinio veleno gale\nTinka visiems sriegio \u017eingsniams\nNaudoti su BGS 1114, 11117, 1119, 1127\n6,3 mm (1\/4 colio) susl\u0117gto oro jungtis\nTechniniai duomenys\nPakuot\u0117 tinkama kabinti ant sienos Taip\nBendras svoris 1440 g\"><span class=\"Y2IQFc\" lang=\"lt\">Kairiajam ir de\u0161iniajam sriegiui \u2013 kryptis nustatoma judinant kampin\u0119 svirt\u012f hidraulinio veleno gale <\/span><\/li>\n<li class=\"tw-data-text tw-text-large tw-ta\" dir=\"ltr\" tabindex=\"-1\" role=\"text\" data-placeholder=\"Vertimas\" data-ved=\"2ahUKEwj14YXH-ryTAxVMhv0HHYxRH44Q3ewLegQIDBAW\" aria-label=\"I\u0161verstas tekstas: Kairiajam ir de\u0161iniajam sriegiui \u2013 kryptis nustatoma judinant kampin\u0119 svirt\u012f hidraulinio veleno gale\nTinka visiems sriegio \u017eingsniams\nNaudoti su BGS 1114, 11117, 1119, 1127\n6,3 mm (1\/4 colio) susl\u0117gto oro jungtis\nTechniniai duomenys\nPakuot\u0117 tinkama kabinti ant sienos Taip\nBendras svoris 1440 g\"><span class=\"Y2IQFc\" lang=\"lt\">Tinka visiems sriegio \u017eingsniams <\/span><\/li>\n<li class=\"tw-data-text tw-text-large tw-ta\" dir=\"ltr\" tabindex=\"-1\" role=\"text\" data-placeholder=\"Vertimas\" data-ved=\"2ahUKEwj14YXH-ryTAxVMhv0HHYxRH44Q3ewLegQIDBAW\" aria-label=\"I\u0161verstas tekstas: Kairiajam ir de\u0161iniajam sriegiui \u2013 kryptis nustatoma judinant kampin\u0119 svirt\u012f hidraulinio veleno gale\nTinka visiems sriegio \u017eingsniams\nNaudoti su BGS 1114, 11117, 1119, 1127\n6,3 mm (1\/4 colio) susl\u0117gto oro jungtis\nTechniniai duomenys\nPakuot\u0117 tinkama kabinti ant sienos Taip\nBendras svoris 1440 g\"><span class=\"Y2IQFc\" lang=\"lt\">Naudoti su BGS 1114, 11117, 1119, 1127 6,3 mm (1\/4 colio) susl\u0117gto oro jungtis <\/span><\/li>\n<li class=\"tw-data-text tw-text-large tw-ta\" dir=\"ltr\" tabindex=\"-1\" role=\"text\" data-placeholder=\"Vertimas\" data-ved=\"2ahUKEwj14YXH-ryTAxVMhv0HHYxRH44Q3ewLegQIDBAW\" aria-label=\"I\u0161verstas tekstas: Kairiajam ir de\u0161iniajam sriegiui \u2013 kryptis nustatoma judinant kampin\u0119 svirt\u012f hidraulinio veleno gale\nTinka visiems sriegio \u017eingsniams\nNaudoti su BGS 1114, 11117, 1119, 1127\n6,3 mm (1\/4 colio) susl\u0117gto oro jungtis\nTechniniai duomenys\nPakuot\u0117 tinkama kabinti ant sienos Taip\nBendras svoris 1440 g\"><span class=\"Y2IQFc\" lang=\"lt\">Bendras svoris 1440 g<\/span><\/li>\n<\/ul>\n<p><img decoding=\"async\" src=\"https:\/\/vigorus.lt\/files\/piktogramos\/25.gif\" \/><img decoding=\"async\" src=\"https:\/\/vigorus.lt\/files\/piktogramos\/21.gif\" \/><\/p>\n<hr \/>\n<p><em>Nurodytos kainos galioja perkant internetu.<\/em><\/p>\n","protected":false},"excerpt":{"rendered":"<p>Stabd\u017ei\u0173 cilindriuk\u0173 sust\u016bm\u0117jas pneumatinis<\/p>\n","protected":false},"featured_media":19036,"comment_status":"open","ping_status":"closed","template":"","meta":[],"product_brand":[571],"product_cat":[64,251],"product_tag":[2199,2198],"class_list":{"0":"post-19035","1":"product","2":"type-product","3":"status-publish","4":"has-post-thumbnail","6":"product_brand-bgs-technic-germany","7":"product_cat-stabdziu-remonto-irankiai","8":"product_cat-kiti-pneumatiniai-irankiai-pneumatine-iranga","9":"product_tag-2199","10":"product_tag-stabdziu-cilindriuku-sustumejas","12":"first","13":"instock","14":"taxable","15":"shipping-taxable","16":"purchasable","17":"product-type-simple"},"_links":{"self":[{"href":"https:\/\/raktava.lt\/en\/wp-json\/wp\/v2\/product\/19035","targetHints":{"allow":["GET"]}}],"collection":[{"href":"https:\/\/raktava.lt\/en\/wp-json\/wp\/v2\/product"}],"about":[{"href":"https:\/\/raktava.lt\/en\/wp-json\/wp\/v2\/types\/product"}],"replies":[{"embeddable":true,"href":"https:\/\/raktava.lt\/en\/wp-json\/wp\/v2\/comments?post=19035"}],"version-history":[{"count":1,"href":"https:\/\/raktava.lt\/en\/wp-json\/wp\/v2\/product\/19035\/revisions"}],"predecessor-version":[{"id":19050,"href":"https:\/\/raktava.lt\/en\/wp-json\/wp\/v2\/product\/19035\/revisions\/19050"}],"wp:featuredmedia":[{"embeddable":true,"href":"https:\/\/raktava.lt\/en\/wp-json\/wp\/v2\/media\/19036"}],"wp:attachment":[{"href":"https:\/\/raktava.lt\/en\/wp-json\/wp\/v2\/media?parent=19035"}],"wp:term":[{"taxonomy":"product_brand","embeddable":true,"href":"https:\/\/raktava.lt\/en\/wp-json\/wp\/v2\/product_brand?post=19035"},{"taxonomy":"product_cat","embeddable":true,"href":"https:\/\/raktava.lt\/en\/wp-json\/wp\/v2\/product_cat?post=19035"},{"taxonomy":"product_tag","embeddable":true,"href":"https:\/\/raktava.lt\/en\/wp-json\/wp\/v2\/product_tag?post=19035"}],"curies":[{"name":"wp","href":"https:\/\/api.w.org\/{rel}","templated":true}]}}