{"id":19029,"date":"2026-03-26T15:57:59","date_gmt":"2026-03-26T13:57:59","guid":{"rendered":"https:\/\/raktava.lt\/?post_type=product&#038;p=19029"},"modified":"2026-03-26T16:00:53","modified_gmt":"2026-03-26T14:00:53","slug":"antgalis-pompai-zalvarinis-8mm","status":"publish","type":"product","link":"https:\/\/raktava.lt\/en\/product\/pneumatine-iranga\/pneumatikos-irankiu-priedai-atsargines-dalys\/antgalis-pompai-zalvarinis-8mm\/","title":{"rendered":"Antgalis pompai \u017ealvarinis 8mm"},"content":{"rendered":"<p>Pagaminta i\u0161 \u017ealvario, skersmuo 8 mm, max darbinis sl\u0117gis 1,0 MPa Svoris 25 g.<br \/>\nGaminio numeris YT-2372<br \/>\nEAN 5906083923722<br \/>\nVienetas vnt 1<br \/>\nSvoris (kg) 0,0500<br \/>\nSl\u0117gis [MPa] 1<\/p>\n<p><img decoding=\"async\" src=\"https:\/\/vigorus.lt\/catalog\/logo120627105013_yato.jpg\" alt=\"YATO\" \/><\/p>\n<hr \/>\n<p><em>Nurodytos kainos galioja perkant internetu.<\/em><\/p>\n","protected":false},"excerpt":{"rendered":"<p>Antgalis pompai \u017ealvarinis 8mm<\/p>\n","protected":false},"featured_media":19032,"comment_status":"open","ping_status":"closed","template":"","meta":[],"product_brand":[563],"product_cat":[72,217],"product_tag":[1080,1829,2197],"class_list":{"0":"post-19029","1":"product","2":"type-product","3":"status-publish","4":"has-post-thumbnail","6":"product_brand-yato","7":"product_cat-pneumatikos-irankiu-priedai-atsargines-dalys","8":"product_cat-pistoletai-padangu-putimui","9":"product_tag-8mm","10":"product_tag-antgalis-pompai","11":"product_tag-yt-2372","13":"first","14":"instock","15":"taxable","16":"shipping-taxable","17":"purchasable","18":"product-type-simple"},"_links":{"self":[{"href":"https:\/\/raktava.lt\/en\/wp-json\/wp\/v2\/product\/19029","targetHints":{"allow":["GET"]}}],"collection":[{"href":"https:\/\/raktava.lt\/en\/wp-json\/wp\/v2\/product"}],"about":[{"href":"https:\/\/raktava.lt\/en\/wp-json\/wp\/v2\/types\/product"}],"replies":[{"embeddable":true,"href":"https:\/\/raktava.lt\/en\/wp-json\/wp\/v2\/comments?post=19029"}],"version-history":[{"count":1,"href":"https:\/\/raktava.lt\/en\/wp-json\/wp\/v2\/product\/19029\/revisions"}],"predecessor-version":[{"id":19034,"href":"https:\/\/raktava.lt\/en\/wp-json\/wp\/v2\/product\/19029\/revisions\/19034"}],"wp:featuredmedia":[{"embeddable":true,"href":"https:\/\/raktava.lt\/en\/wp-json\/wp\/v2\/media\/19032"}],"wp:attachment":[{"href":"https:\/\/raktava.lt\/en\/wp-json\/wp\/v2\/media?parent=19029"}],"wp:term":[{"taxonomy":"product_brand","embeddable":true,"href":"https:\/\/raktava.lt\/en\/wp-json\/wp\/v2\/product_brand?post=19029"},{"taxonomy":"product_cat","embeddable":true,"href":"https:\/\/raktava.lt\/en\/wp-json\/wp\/v2\/product_cat?post=19029"},{"taxonomy":"product_tag","embeddable":true,"href":"https:\/\/raktava.lt\/en\/wp-json\/wp\/v2\/product_tag?post=19029"}],"curies":[{"name":"wp","href":"https:\/\/api.w.org\/{rel}","templated":true}]}}