{"id":19016,"date":"2026-03-26T15:16:18","date_gmt":"2026-03-26T13:16:18","guid":{"rendered":"https:\/\/raktava.lt\/?post_type=product&#038;p=19016"},"modified":"2026-03-26T15:16:18","modified_gmt":"2026-03-26T13:16:18","slug":"antgalis-ipresuotas-i-galvute-1-2-125mm-spline-m8","status":"publish","type":"product","link":"https:\/\/raktava.lt\/en\/product\/rankiniai-irankiai\/antgaliai-antgaliu-komplektai-ipresuoti-antgaliai\/antgaliai-ipresuoti-i-galvute-1-2\/antgalis-ipresuotas-i-galvute-1-2-125mm-spline-m8\/","title":{"rendered":"Antgalis \u012fpresuotas \u012f galvut\u0119 1\/2 (12,5mm) Spline M8"},"content":{"rendered":"<ul>\n<li id=\"tw-target-text\" class=\"tw-data-text tw-text-large tw-ta\" dir=\"ltr\" tabindex=\"-1\" role=\"text\" data-placeholder=\"Vertimas\" data-ved=\"2ahUKEwj14YXH-ryTAxVMhv0HHYxRH44Q3ewLegQIDBAW\" aria-label=\"I\u0161verstas tekstas: riev\u0117tas\nTechniniai duomenys\nPavaros profilis Vidinis kvadratinis\nPavaros profilio dydis, metrinis 12,5 mm\nI\u0161\u0117jimo profilio dydis M8\nPavaros profilio dydis, colis 1\/2 colio\nI\u0161\u0117jimo profilis Spline (skirtas XZN)\nMed\u017eiaga Chromo vanad\u017eio plienas\nIlgis 53 mm\nBendras svoris 80 g\"><span class=\"Y2IQFc\" lang=\"lt\">Vidinis kvadratinis: metrinis 12,5 mm, 1\/2 colio <\/span><\/li>\n<li class=\"tw-data-text tw-text-large tw-ta\" dir=\"ltr\" tabindex=\"-1\" role=\"text\" data-placeholder=\"Vertimas\" data-ved=\"2ahUKEwj14YXH-ryTAxVMhv0HHYxRH44Q3ewLegQIDBAW\" aria-label=\"I\u0161verstas tekstas: riev\u0117tas\nTechniniai duomenys\nPavaros profilis Vidinis kvadratinis\nPavaros profilio dydis, metrinis 12,5 mm\nI\u0161\u0117jimo profilio dydis M8\nPavaros profilio dydis, colis 1\/2 colio\nI\u0161\u0117jimo profilis Spline (skirtas XZN)\nMed\u017eiaga Chromo vanad\u017eio plienas\nIlgis 53 mm\nBendras svoris 80 g\"><span class=\"Y2IQFc\" lang=\"lt\">I\u0161\u0117jimo profilio dydis M8 <\/span><\/li>\n<li class=\"tw-data-text tw-text-large tw-ta\" dir=\"ltr\" tabindex=\"-1\" role=\"text\" data-placeholder=\"Vertimas\" data-ved=\"2ahUKEwj14YXH-ryTAxVMhv0HHYxRH44Q3ewLegQIDBAW\" aria-label=\"I\u0161verstas tekstas: riev\u0117tas\nTechniniai duomenys\nPavaros profilis Vidinis kvadratinis\nPavaros profilio dydis, metrinis 12,5 mm\nI\u0161\u0117jimo profilio dydis M8\nPavaros profilio dydis, colis 1\/2 colio\nI\u0161\u0117jimo profilis Spline (skirtas XZN)\nMed\u017eiaga Chromo vanad\u017eio plienas\nIlgis 53 mm\nBendras svoris 80 g\"><span class=\"Y2IQFc\" lang=\"lt\">I\u0161\u0117jimo profilis Spline (skirtas XZN)<\/span><\/li>\n<li class=\"tw-data-text tw-text-large tw-ta\" dir=\"ltr\" tabindex=\"-1\" role=\"text\" data-placeholder=\"Vertimas\" data-ved=\"2ahUKEwj14YXH-ryTAxVMhv0HHYxRH44Q3ewLegQIDBAW\" aria-label=\"I\u0161verstas tekstas: riev\u0117tas\nTechniniai duomenys\nPavaros profilis Vidinis kvadratinis\nPavaros profilio dydis, metrinis 12,5 mm\nI\u0161\u0117jimo profilio dydis M8\nPavaros profilio dydis, colis 1\/2 colio\nI\u0161\u0117jimo profilis Spline (skirtas XZN)\nMed\u017eiaga Chromo vanad\u017eio plienas\nIlgis 53 mm\nBendras svoris 80 g\"><span class=\"Y2IQFc\" lang=\"lt\">Med\u017eiaga Chromo vanad\u017eio plienas <\/span><\/li>\n<li class=\"tw-data-text tw-text-large tw-ta\" dir=\"ltr\" tabindex=\"-1\" role=\"text\" data-placeholder=\"Vertimas\" data-ved=\"2ahUKEwj14YXH-ryTAxVMhv0HHYxRH44Q3ewLegQIDBAW\" aria-label=\"I\u0161verstas tekstas: riev\u0117tas\nTechniniai duomenys\nPavaros profilis Vidinis kvadratinis\nPavaros profilio dydis, metrinis 12,5 mm\nI\u0161\u0117jimo profilio dydis M8\nPavaros profilio dydis, colis 1\/2 colio\nI\u0161\u0117jimo profilis Spline (skirtas XZN)\nMed\u017eiaga Chromo vanad\u017eio plienas\nIlgis 53 mm\nBendras svoris 80 g\"><span class=\"Y2IQFc\" lang=\"lt\">Ilgis 53 mm <\/span><\/li>\n<li class=\"tw-data-text tw-text-large tw-ta\" dir=\"ltr\" tabindex=\"-1\" role=\"text\" data-placeholder=\"Vertimas\" data-ved=\"2ahUKEwj14YXH-ryTAxVMhv0HHYxRH44Q3ewLegQIDBAW\" aria-label=\"I\u0161verstas tekstas: riev\u0117tas\nTechniniai duomenys\nPavaros profilis Vidinis kvadratinis\nPavaros profilio dydis, metrinis 12,5 mm\nI\u0161\u0117jimo profilio dydis M8\nPavaros profilio dydis, colis 1\/2 colio\nI\u0161\u0117jimo profilis Spline (skirtas XZN)\nMed\u017eiaga Chromo vanad\u017eio plienas\nIlgis 53 mm\nBendras svoris 80 g\"><span class=\"Y2IQFc\" lang=\"lt\">Bendras svoris 80 g<\/span><\/li>\n<\/ul>\n<p><img decoding=\"async\" src=\"https:\/\/vigorus.lt\/files\/piktogramos\/25.gif\" \/><img decoding=\"async\" src=\"https:\/\/vigorus.lt\/files\/piktogramos\/39.jpg\" \/><img decoding=\"async\" src=\"https:\/\/vigorus.lt\/files\/piktogramos\/splinebg.JPG\" \/><img decoding=\"async\" src=\"https:\/\/vigorus.lt\/files\/piktogramos\/42.jpg\" \/><img decoding=\"async\" src=\"https:\/\/vigorus.lt\/files\/piktogramos\/21.gif\" \/><img decoding=\"async\" src=\"https:\/\/vigorus.lt\/catalog\/logo120819074628.jpg\" alt=\"BGS-technic\" \/><\/p>\n<hr \/>\n<p><em>Preki\u0173 nuotraukos yra iliustracinio pob\u016bd\u017eio.<\/em><\/p>\n<p><em>Nurodytos kainos galioja perkant internetu.<\/em><\/p>\n","protected":false},"excerpt":{"rendered":"<p>Antgalis \u012fpresuotas \u012f galvut\u0119 1\/2 (12,5mm) Spline M8<\/p>\n","protected":false},"featured_media":19017,"comment_status":"open","ping_status":"closed","template":"","meta":[],"product_brand":[571],"product_cat":[88],"product_tag":[591,2194,636,822,1479,1103],"class_list":{"0":"post-19016","1":"product","2":"type-product","3":"status-publish","4":"has-post-thumbnail","6":"product_brand-bgs-technic-germany","7":"product_cat-antgaliai-ipresuoti-i-galvute-1-2","8":"product_tag-1-2","9":"product_tag-2194","10":"product_tag-antgalis","11":"product_tag-antgalis-ipresuotas","12":"product_tag-antgalis-ipresuotas-i-galvute","13":"product_tag-m8","15":"first","16":"instock","17":"taxable","18":"shipping-taxable","19":"purchasable","20":"product-type-simple"},"_links":{"self":[{"href":"https:\/\/raktava.lt\/en\/wp-json\/wp\/v2\/product\/19016","targetHints":{"allow":["GET"]}}],"collection":[{"href":"https:\/\/raktava.lt\/en\/wp-json\/wp\/v2\/product"}],"about":[{"href":"https:\/\/raktava.lt\/en\/wp-json\/wp\/v2\/types\/product"}],"replies":[{"embeddable":true,"href":"https:\/\/raktava.lt\/en\/wp-json\/wp\/v2\/comments?post=19016"}],"version-history":[{"count":2,"href":"https:\/\/raktava.lt\/en\/wp-json\/wp\/v2\/product\/19016\/revisions"}],"predecessor-version":[{"id":19022,"href":"https:\/\/raktava.lt\/en\/wp-json\/wp\/v2\/product\/19016\/revisions\/19022"}],"wp:featuredmedia":[{"embeddable":true,"href":"https:\/\/raktava.lt\/en\/wp-json\/wp\/v2\/media\/19017"}],"wp:attachment":[{"href":"https:\/\/raktava.lt\/en\/wp-json\/wp\/v2\/media?parent=19016"}],"wp:term":[{"taxonomy":"product_brand","embeddable":true,"href":"https:\/\/raktava.lt\/en\/wp-json\/wp\/v2\/product_brand?post=19016"},{"taxonomy":"product_cat","embeddable":true,"href":"https:\/\/raktava.lt\/en\/wp-json\/wp\/v2\/product_cat?post=19016"},{"taxonomy":"product_tag","embeddable":true,"href":"https:\/\/raktava.lt\/en\/wp-json\/wp\/v2\/product_tag?post=19016"}],"curies":[{"name":"wp","href":"https:\/\/api.w.org\/{rel}","templated":true}]}}