{"id":19006,"date":"2026-03-26T15:05:14","date_gmt":"2026-03-26T13:05:14","guid":{"rendered":"https:\/\/raktava.lt\/?post_type=product&#038;p=19006"},"modified":"2026-03-26T15:05:42","modified_gmt":"2026-03-26T13:05:42","slug":"ipresuotu-antgaliu-komplektas-1-4-63mm-hex-6-kampiai-4-12mm","status":"publish","type":"product","link":"https:\/\/raktava.lt\/en\/product\/rankiniai-irankiai\/antgaliai-antgaliu-komplektai-ipresuoti-antgaliai\/antgaliai-ipresuoti-i-galvute-1-4\/ipresuotu-antgaliu-komplektas-1-4-63mm-hex-6-kampiai-4-12mm\/","title":{"rendered":"\u012epresuot\u0173 antgali\u0173 komplektas, 1\/4 (6,3mm), HEX 6-kampiai, 4-12mm"},"content":{"rendered":"<ul>\n<li id=\"tw-target-text\" class=\"tw-data-text tw-text-large tw-ta\" dir=\"ltr\" tabindex=\"-1\" role=\"text\" data-placeholder=\"Vertimas\" data-ved=\"2ahUKEwj14YXH-ryTAxVMhv0HHYxRH44Q3ewLegQIDBAW\" aria-label=\"I\u0161verstas tekstas: Apra\u0161ymas su riev\u0117tu ant lizdo b\u0117gelio \u012feina \u0161ie \u012frankiai: antgali\u0173 galvut\u0117s, 6,3 mm (1\/4 colio) pavara, vidinis \u0161e\u0161iakampis 4 - 5 - 6 - 7 - 8 - 10 - 12 mm Techniniai duomenys Pavir\u0161iaus apdaila Matinio chromo danga I\u0161\u0117jimo profilis Vidinis \u0161e\u0161iakampis Pakuot\u0117 tinka kabinti prie sienos Taip Med\u017eiaga Chromo vanad\u017eio plienas Bendras svoris 172 g\"><span class=\"Y2IQFc\" lang=\"lt\">Antgali\u0173 galvut\u0117s, 6,3 mm (1\/4 colio) pavara<\/span><\/li>\n<li class=\"tw-data-text tw-text-large tw-ta\" dir=\"ltr\" tabindex=\"-1\" role=\"text\" data-placeholder=\"Vertimas\" data-ved=\"2ahUKEwj14YXH-ryTAxVMhv0HHYxRH44Q3ewLegQIDBAW\" aria-label=\"I\u0161verstas tekstas: Apra\u0161ymas su riev\u0117tu ant lizdo b\u0117gelio \u012feina \u0161ie \u012frankiai: antgali\u0173 galvut\u0117s, 6,3 mm (1\/4 colio) pavara, vidinis \u0161e\u0161iakampis 4 - 5 - 6 - 7 - 8 - 10 - 12 mm Techniniai duomenys Pavir\u0161iaus apdaila Matinio chromo danga I\u0161\u0117jimo profilis Vidinis \u0161e\u0161iakampis Pakuot\u0117 tinka kabinti prie sienos Taip Med\u017eiaga Chromo vanad\u017eio plienas Bendras svoris 172 g\"><span class=\"Y2IQFc\" lang=\"lt\"> vidinis \u0161e\u0161iakampis 4 &#8211; 5 &#8211; 6 &#8211; 7 &#8211; 8 &#8211; 10 &#8211; 12 mm <\/span><\/li>\n<li class=\"tw-data-text tw-text-large tw-ta\" dir=\"ltr\" tabindex=\"-1\" role=\"text\" data-placeholder=\"Vertimas\" data-ved=\"2ahUKEwj14YXH-ryTAxVMhv0HHYxRH44Q3ewLegQIDBAW\" aria-label=\"I\u0161verstas tekstas: Apra\u0161ymas su riev\u0117tu ant lizdo b\u0117gelio \u012feina \u0161ie \u012frankiai: antgali\u0173 galvut\u0117s, 6,3 mm (1\/4 colio) pavara, vidinis \u0161e\u0161iakampis 4 - 5 - 6 - 7 - 8 - 10 - 12 mm Techniniai duomenys Pavir\u0161iaus apdaila Matinio chromo danga I\u0161\u0117jimo profilis Vidinis \u0161e\u0161iakampis Pakuot\u0117 tinka kabinti prie sienos Taip Med\u017eiaga Chromo vanad\u017eio plienas Bendras svoris 172 g\"><span class=\"Y2IQFc\" lang=\"lt\">Pavir\u0161iaus apdaila: matinio chromo danga <\/span><\/li>\n<li class=\"tw-data-text tw-text-large tw-ta\" dir=\"ltr\" tabindex=\"-1\" role=\"text\" data-placeholder=\"Vertimas\" data-ved=\"2ahUKEwj14YXH-ryTAxVMhv0HHYxRH44Q3ewLegQIDBAW\" aria-label=\"I\u0161verstas tekstas: Apra\u0161ymas su riev\u0117tu ant lizdo b\u0117gelio \u012feina \u0161ie \u012frankiai: antgali\u0173 galvut\u0117s, 6,3 mm (1\/4 colio) pavara, vidinis \u0161e\u0161iakampis 4 - 5 - 6 - 7 - 8 - 10 - 12 mm Techniniai duomenys Pavir\u0161iaus apdaila Matinio chromo danga I\u0161\u0117jimo profilis Vidinis \u0161e\u0161iakampis Pakuot\u0117 tinka kabinti prie sienos Taip Med\u017eiaga Chromo vanad\u017eio plienas Bendras svoris 172 g\"><span class=\"Y2IQFc\" lang=\"lt\">I\u0161\u0117jimo profilis: vidinis \u0161e\u0161iakampis <\/span><\/li>\n<li class=\"tw-data-text tw-text-large tw-ta\" dir=\"ltr\" tabindex=\"-1\" role=\"text\" data-placeholder=\"Vertimas\" data-ved=\"2ahUKEwj14YXH-ryTAxVMhv0HHYxRH44Q3ewLegQIDBAW\" aria-label=\"I\u0161verstas tekstas: Apra\u0161ymas su riev\u0117tu ant lizdo b\u0117gelio \u012feina \u0161ie \u012frankiai: antgali\u0173 galvut\u0117s, 6,3 mm (1\/4 colio) pavara, vidinis \u0161e\u0161iakampis 4 - 5 - 6 - 7 - 8 - 10 - 12 mm Techniniai duomenys Pavir\u0161iaus apdaila Matinio chromo danga I\u0161\u0117jimo profilis Vidinis \u0161e\u0161iakampis Pakuot\u0117 tinka kabinti prie sienos Taip Med\u017eiaga Chromo vanad\u017eio plienas Bendras svoris 172 g\"><span class=\"Y2IQFc\" lang=\"lt\">Pakuot\u0117 tinka kabinti prie sienos\u00a0<\/span><\/li>\n<li class=\"tw-data-text tw-text-large tw-ta\" dir=\"ltr\" tabindex=\"-1\" role=\"text\" data-placeholder=\"Vertimas\" data-ved=\"2ahUKEwj14YXH-ryTAxVMhv0HHYxRH44Q3ewLegQIDBAW\" aria-label=\"I\u0161verstas tekstas: Apra\u0161ymas su riev\u0117tu ant lizdo b\u0117gelio \u012feina \u0161ie \u012frankiai: antgali\u0173 galvut\u0117s, 6,3 mm (1\/4 colio) pavara, vidinis \u0161e\u0161iakampis 4 - 5 - 6 - 7 - 8 - 10 - 12 mm Techniniai duomenys Pavir\u0161iaus apdaila Matinio chromo danga I\u0161\u0117jimo profilis Vidinis \u0161e\u0161iakampis Pakuot\u0117 tinka kabinti prie sienos Taip Med\u017eiaga Chromo vanad\u017eio plienas Bendras svoris 172 g\"><span class=\"Y2IQFc\" lang=\"lt\"> Med\u017eiaga chromo vanad\u017eio plienas <\/span><\/li>\n<li class=\"tw-data-text tw-text-large tw-ta\" dir=\"ltr\" tabindex=\"-1\" role=\"text\" data-placeholder=\"Vertimas\" data-ved=\"2ahUKEwj14YXH-ryTAxVMhv0HHYxRH44Q3ewLegQIDBAW\" aria-label=\"I\u0161verstas tekstas: Apra\u0161ymas su riev\u0117tu ant lizdo b\u0117gelio \u012feina \u0161ie \u012frankiai: antgali\u0173 galvut\u0117s, 6,3 mm (1\/4 colio) pavara, vidinis \u0161e\u0161iakampis 4 - 5 - 6 - 7 - 8 - 10 - 12 mm Techniniai duomenys Pavir\u0161iaus apdaila Matinio chromo danga I\u0161\u0117jimo profilis Vidinis \u0161e\u0161iakampis Pakuot\u0117 tinka kabinti prie sienos Taip Med\u017eiaga Chromo vanad\u017eio plienas Bendras svoris 172 g\"><span class=\"Y2IQFc\" lang=\"lt\">Bendras svoris 172 g<\/span><\/li>\n<\/ul>\n<p><img decoding=\"async\" class=\"\" src=\"https:\/\/vigorus.lt\/files\/piktogramos\/25.gif\" width=\"109\" height=\"49\" \/><img decoding=\"async\" src=\"https:\/\/vigorus.lt\/files\/piktogramos\/37.jpg\" \/><img decoding=\"async\" src=\"https:\/\/vigorus.lt\/files\/piktogramos\/21.gif\" \/><img decoding=\"async\" class=\"\" src=\"https:\/\/vigorus.lt\/files\/piktogramos\/hexbg.JPG\" width=\"81\" height=\"64\" \/><img decoding=\"async\" class=\"\" src=\"https:\/\/vigorus.lt\/catalog\/logo120819074628.jpg\" alt=\"BGS-technic\" width=\"101\" height=\"65\" \/><\/p>\n<hr \/>\n<p><em>Nurodytos kainos galioja perkant internetu.<\/em><\/p>\n","protected":false},"excerpt":{"rendered":"<p>\u012epresuot\u0173 antgali\u0173 komplektas, 1\/4 (6,3mm), HEX 6-kampiai, 4-12mm<\/p>\n","protected":false},"featured_media":19007,"comment_status":"open","ping_status":"closed","template":"","meta":[],"product_brand":[571],"product_cat":[92],"product_tag":[2193,1285,663,906],"class_list":{"0":"post-19006","1":"product","2":"type-product","3":"status-publish","4":"has-post-thumbnail","6":"product_brand-bgs-technic-germany","7":"product_cat-antgaliai-ipresuoti-i-galvute-1-4","8":"product_tag-2193","9":"product_tag-6-kampiai","10":"product_tag-antgaliai","11":"product_tag-antgaliai-ipresuoti","13":"first","14":"instock","15":"taxable","16":"shipping-taxable","17":"purchasable","18":"product-type-simple"},"_links":{"self":[{"href":"https:\/\/raktava.lt\/en\/wp-json\/wp\/v2\/product\/19006","targetHints":{"allow":["GET"]}}],"collection":[{"href":"https:\/\/raktava.lt\/en\/wp-json\/wp\/v2\/product"}],"about":[{"href":"https:\/\/raktava.lt\/en\/wp-json\/wp\/v2\/types\/product"}],"replies":[{"embeddable":true,"href":"https:\/\/raktava.lt\/en\/wp-json\/wp\/v2\/comments?post=19006"}],"version-history":[{"count":3,"href":"https:\/\/raktava.lt\/en\/wp-json\/wp\/v2\/product\/19006\/revisions"}],"predecessor-version":[{"id":19015,"href":"https:\/\/raktava.lt\/en\/wp-json\/wp\/v2\/product\/19006\/revisions\/19015"}],"wp:featuredmedia":[{"embeddable":true,"href":"https:\/\/raktava.lt\/en\/wp-json\/wp\/v2\/media\/19007"}],"wp:attachment":[{"href":"https:\/\/raktava.lt\/en\/wp-json\/wp\/v2\/media?parent=19006"}],"wp:term":[{"taxonomy":"product_brand","embeddable":true,"href":"https:\/\/raktava.lt\/en\/wp-json\/wp\/v2\/product_brand?post=19006"},{"taxonomy":"product_cat","embeddable":true,"href":"https:\/\/raktava.lt\/en\/wp-json\/wp\/v2\/product_cat?post=19006"},{"taxonomy":"product_tag","embeddable":true,"href":"https:\/\/raktava.lt\/en\/wp-json\/wp\/v2\/product_tag?post=19006"}],"curies":[{"name":"wp","href":"https:\/\/api.w.org\/{rel}","templated":true}]}}