{"id":18993,"date":"2026-03-26T14:33:54","date_gmt":"2026-03-26T12:33:54","guid":{"rendered":"https:\/\/raktava.lt\/?post_type=product&#038;p=18993"},"modified":"2026-03-26T14:42:19","modified_gmt":"2026-03-26T12:42:19","slug":"smuginiu-galvuciu-komplektas-6-k-1-2","status":"publish","type":"product","link":"https:\/\/raktava.lt\/en\/product\/rankiniai-irankiai\/galvutes-galvuciu-komplektai-laikikliai-galvutems\/1-2-galvutes-smugines\/smuginiu-galvuciu-komplektas-6-k-1-2\/","title":{"rendered":"Sm\u016bgini\u0173 galvu\u010di\u0173 komplektas 6-k. 1\/2"},"content":{"rendered":"<p>15 vnt. Galvut\u0117s 10, 12, 13, 14, 15, 16, 17, 18, 19, 21, 22, 24, 27, 30, 32 mm<br \/>\nMed\u017eiaga CR-V<\/p>\n<p><a href=\"https:\/\/www.youtube.com\/watch?v=869u0kRlAMc\" target=\"_blank\" rel=\"noopener\"><img decoding=\"async\" src=\"https:\/\/www.liudoirankiai.com\/images\/uploader\/ki\/108x108\/king-roy-logo-1.jpg\" alt=\"king-roy-logo-1\" \/><\/a><\/p>\n<p><em>Nurodytos kainos galioja perkant internetu.<\/em><\/p>\n<p>&nbsp;<\/p>\n<p><iframe title=\"1\/2&quot; Trieciena muci\u0146u komplekts 15gab (KR3169915) | KingRoy | Runtools.lv\" width=\"800\" height=\"450\" src=\"https:\/\/www.youtube.com\/embed\/869u0kRlAMc?feature=oembed\" frameborder=\"0\" allow=\"accelerometer; autoplay; clipboard-write; encrypted-media; gyroscope; picture-in-picture; web-share\" referrerpolicy=\"strict-origin-when-cross-origin\" allowfullscreen><\/iframe><\/p>\n","protected":false},"excerpt":{"rendered":"<p>Sm\u016bgini\u0173 galvu\u010di\u0173 komplektas 6-k. 1\/2<\/p>\n","protected":false},"featured_media":18994,"comment_status":"open","ping_status":"closed","template":"","meta":[],"product_brand":[662],"product_cat":[46],"product_tag":[591,994,661,772,2190,2189],"class_list":{"0":"post-18993","1":"product","2":"type-product","3":"status-publish","4":"has-post-thumbnail","6":"product_brand-kingroy","7":"product_cat-1-2-galvutes-smugines","8":"product_tag-1-2","9":"product_tag-6-kampe","10":"product_tag-galvutes","11":"product_tag-galvutes-smugines","12":"product_tag-galvvuciu-komplektas","13":"product_tag-kr3169915","15":"first","16":"instock","17":"taxable","18":"shipping-taxable","19":"purchasable","20":"product-type-simple"},"_links":{"self":[{"href":"https:\/\/raktava.lt\/en\/wp-json\/wp\/v2\/product\/18993","targetHints":{"allow":["GET"]}}],"collection":[{"href":"https:\/\/raktava.lt\/en\/wp-json\/wp\/v2\/product"}],"about":[{"href":"https:\/\/raktava.lt\/en\/wp-json\/wp\/v2\/types\/product"}],"replies":[{"embeddable":true,"href":"https:\/\/raktava.lt\/en\/wp-json\/wp\/v2\/comments?post=18993"}],"version-history":[{"count":1,"href":"https:\/\/raktava.lt\/en\/wp-json\/wp\/v2\/product\/18993\/revisions"}],"predecessor-version":[{"id":19004,"href":"https:\/\/raktava.lt\/en\/wp-json\/wp\/v2\/product\/18993\/revisions\/19004"}],"wp:featuredmedia":[{"embeddable":true,"href":"https:\/\/raktava.lt\/en\/wp-json\/wp\/v2\/media\/18994"}],"wp:attachment":[{"href":"https:\/\/raktava.lt\/en\/wp-json\/wp\/v2\/media?parent=18993"}],"wp:term":[{"taxonomy":"product_brand","embeddable":true,"href":"https:\/\/raktava.lt\/en\/wp-json\/wp\/v2\/product_brand?post=18993"},{"taxonomy":"product_cat","embeddable":true,"href":"https:\/\/raktava.lt\/en\/wp-json\/wp\/v2\/product_cat?post=18993"},{"taxonomy":"product_tag","embeddable":true,"href":"https:\/\/raktava.lt\/en\/wp-json\/wp\/v2\/product_tag?post=18993"}],"curies":[{"name":"wp","href":"https:\/\/api.w.org\/{rel}","templated":true}]}}