{"id":18983,"date":"2026-03-26T13:09:50","date_gmt":"2026-03-26T11:09:50","guid":{"rendered":"https:\/\/raktava.lt\/?post_type=product&#038;p=18983"},"modified":"2026-04-14T14:11:01","modified_gmt":"2026-04-14T11:11:01","slug":"alkuninio-veleno-rakinimo-irankis-vag-6-ir-8-cilindru-varikliams","status":"publish","type":"product","link":"https:\/\/raktava.lt\/en\/product\/automobiliu-remonto-irankiai\/variklio-remonto-irankiai\/variklio-blokavimo-irankiai\/alkuninio-veleno-rakinimo-irankis-vag-6-ir-8-cilindru-varikliams\/","title":{"rendered":"Alk\u016bninio veleno rakinimo \u012frankis, VAG 6 ir 8 cilindr\u0173 varikliams"},"content":{"rendered":"<ul>\n<li id=\"tw-target-text\" class=\"tw-data-text tw-text-large tw-ta\" dir=\"ltr\" tabindex=\"-1\" role=\"text\" data-placeholder=\"Vertimas\" data-ved=\"2ahUKEwj14YXH-ryTAxVMhv0HHYxRH44Q3ewLegQIDBAW\" aria-label=\"I\u0161verstas tekstas: Tinka VW ir Audi modeliams su V6 TDI ir V8 varikliais Alk\u016bnini\u0173 velen\u0173 reguliavimui Naudojamas kaip OEM 3242 Techniniai duomenys Bendras svoris 110 g Naudojamas kaip OEM1 3242 Audi Naudojamas kaip OEM2 3242 Seat Naudojamas kaip OEM3 3242 Skoda Naudojamas kaip OEM4 3242 Volkswagen\"><span class=\"Y2IQFc\" lang=\"lt\">Tinka VW ir Audi modeliams su V6 TDI ir V8 varikliais <\/span><\/li>\n<li class=\"tw-data-text tw-text-large tw-ta\" dir=\"ltr\" tabindex=\"-1\" role=\"text\" data-placeholder=\"Vertimas\" data-ved=\"2ahUKEwj14YXH-ryTAxVMhv0HHYxRH44Q3ewLegQIDBAW\" aria-label=\"I\u0161verstas tekstas: Tinka VW ir Audi modeliams su V6 TDI ir V8 varikliais Alk\u016bnini\u0173 velen\u0173 reguliavimui Naudojamas kaip OEM 3242 Techniniai duomenys Bendras svoris 110 g Naudojamas kaip OEM1 3242 Audi Naudojamas kaip OEM2 3242 Seat Naudojamas kaip OEM3 3242 Skoda Naudojamas kaip OEM4 3242 Volkswagen\"><span class=\"Y2IQFc\" lang=\"lt\">Alk\u016bnini\u0173 velen\u0173 reguliavimui <\/span><\/li>\n<li class=\"tw-data-text tw-text-large tw-ta\" dir=\"ltr\" tabindex=\"-1\" role=\"text\" data-placeholder=\"Vertimas\" data-ved=\"2ahUKEwj14YXH-ryTAxVMhv0HHYxRH44Q3ewLegQIDBAW\" aria-label=\"I\u0161verstas tekstas: Tinka VW ir Audi modeliams su V6 TDI ir V8 varikliais Alk\u016bnini\u0173 velen\u0173 reguliavimui Naudojamas kaip OEM 3242 Techniniai duomenys Bendras svoris 110 g Naudojamas kaip OEM1 3242 Audi Naudojamas kaip OEM2 3242 Seat Naudojamas kaip OEM3 3242 Skoda Naudojamas kaip OEM4 3242 Volkswagen\"><span class=\"Y2IQFc\" lang=\"lt\">Naudojamas kaip OEM 3242, <\/span>OEM1 3242 Audi, OEM2 3242 Seat, OEM3 3242 Skoda, OEM4 3242 Volkswagen<\/li>\n<li class=\"tw-data-text tw-text-large tw-ta\" dir=\"ltr\" tabindex=\"-1\" role=\"text\" data-placeholder=\"Vertimas\" data-ved=\"2ahUKEwj14YXH-ryTAxVMhv0HHYxRH44Q3ewLegQIDBAW\" aria-label=\"I\u0161verstas tekstas: Tinka VW ir Audi modeliams su V6 TDI ir V8 varikliais Alk\u016bnini\u0173 velen\u0173 reguliavimui Naudojamas kaip OEM 3242 Techniniai duomenys Bendras svoris 110 g Naudojamas kaip OEM1 3242 Audi Naudojamas kaip OEM2 3242 Seat Naudojamas kaip OEM3 3242 Skoda Naudojamas kaip OEM4 3242 Volkswagen\"><span class=\"Y2IQFc\" lang=\"lt\">Techniniai duomenys <\/span><\/li>\n<li class=\"tw-data-text tw-text-large tw-ta\" dir=\"ltr\" tabindex=\"-1\" role=\"text\" data-placeholder=\"Vertimas\" data-ved=\"2ahUKEwj14YXH-ryTAxVMhv0HHYxRH44Q3ewLegQIDBAW\" aria-label=\"I\u0161verstas tekstas: Tinka VW ir Audi modeliams su V6 TDI ir V8 varikliais Alk\u016bnini\u0173 velen\u0173 reguliavimui Naudojamas kaip OEM 3242 Techniniai duomenys Bendras svoris 110 g Naudojamas kaip OEM1 3242 Audi Naudojamas kaip OEM2 3242 Seat Naudojamas kaip OEM3 3242 Skoda Naudojamas kaip OEM4 3242 Volkswagen\"><span class=\"Y2IQFc\" lang=\"lt\">Bendras svoris 110 g\u00a0<\/span><\/li>\n<\/ul>\n<p><img decoding=\"async\" src=\"https:\/\/vigorus.lt\/files\/piktogramos\/25.gif\" \/><img decoding=\"async\" src=\"https:\/\/vigorus.lt\/files\/piktogramos\/21.gif\" \/><img decoding=\"async\" src=\"https:\/\/vigorus.lt\/catalog\/logo120819074628.jpg\" alt=\"BGS-technic\" \/><\/p>\n<hr \/>\n<p><em>Preki\u0173 nuotraukos yra iliustracinio pob\u016bd\u017eio.<\/em><\/p>\n<p><em>Nurodytos kainos galioja perkant internetu.<\/em><\/p>\n","protected":false},"excerpt":{"rendered":"<p>Alk\u016bninio veleno rakinimo \u012frankis, VAG 6 ir 8 cilindr\u0173 varikliams<\/p>\n","protected":false},"featured_media":18990,"comment_status":"open","ping_status":"closed","template":"","meta":[],"product_brand":[571],"product_cat":[95],"product_tag":[2278,2187,2188],"class_list":{"0":"post-18983","1":"product","2":"type-product","3":"status-publish","4":"has-post-thumbnail","6":"product_brand-bgs-technic-germany","7":"product_cat-variklio-blokavimo-irankiai","8":"product_tag-8155-6","9":"product_tag-alkuninio-veleno-rakinimo-irankis","10":"product_tag-vag-6-ir-8-cilindru-varikliams","12":"first","13":"instock","14":"taxable","15":"shipping-taxable","16":"purchasable","17":"product-type-simple"},"_links":{"self":[{"href":"https:\/\/raktava.lt\/en\/wp-json\/wp\/v2\/product\/18983","targetHints":{"allow":["GET"]}}],"collection":[{"href":"https:\/\/raktava.lt\/en\/wp-json\/wp\/v2\/product"}],"about":[{"href":"https:\/\/raktava.lt\/en\/wp-json\/wp\/v2\/types\/product"}],"replies":[{"embeddable":true,"href":"https:\/\/raktava.lt\/en\/wp-json\/wp\/v2\/comments?post=18983"}],"version-history":[{"count":2,"href":"https:\/\/raktava.lt\/en\/wp-json\/wp\/v2\/product\/18983\/revisions"}],"predecessor-version":[{"id":19286,"href":"https:\/\/raktava.lt\/en\/wp-json\/wp\/v2\/product\/18983\/revisions\/19286"}],"wp:featuredmedia":[{"embeddable":true,"href":"https:\/\/raktava.lt\/en\/wp-json\/wp\/v2\/media\/18990"}],"wp:attachment":[{"href":"https:\/\/raktava.lt\/en\/wp-json\/wp\/v2\/media?parent=18983"}],"wp:term":[{"taxonomy":"product_brand","embeddable":true,"href":"https:\/\/raktava.lt\/en\/wp-json\/wp\/v2\/product_brand?post=18983"},{"taxonomy":"product_cat","embeddable":true,"href":"https:\/\/raktava.lt\/en\/wp-json\/wp\/v2\/product_cat?post=18983"},{"taxonomy":"product_tag","embeddable":true,"href":"https:\/\/raktava.lt\/en\/wp-json\/wp\/v2\/product_tag?post=18983"}],"curies":[{"name":"wp","href":"https:\/\/api.w.org\/{rel}","templated":true}]}}