{"id":18974,"date":"2026-03-26T12:18:10","date_gmt":"2026-03-26T10:18:10","guid":{"rendered":"https:\/\/raktava.lt\/?post_type=product&#038;p=18974"},"modified":"2026-03-26T12:18:11","modified_gmt":"2026-03-26T10:18:11","slug":"fiksatoriai-vag-1-2","status":"publish","type":"product","link":"https:\/\/raktava.lt\/en\/product\/automobiliu-remonto-irankiai\/variklio-remonto-irankiai\/variklio-blokavimo-irankiai\/fiksatoriai-vag-1-2\/","title":{"rendered":"Fiksatoriai VAG 1.2"},"content":{"rendered":"<p>Skoda Fabia: 1.2L 12V,\u00a0nuo 2003<\/p>\n<p>VW Polo 1.2L 12V, 2002 &#8211; AQZ, BME<\/p>\n<p><img decoding=\"async\" class=\"\" src=\"https:\/\/nos.migbaltic.lv\/storage\/media\/1000\/1523\/c\/SATRA-logo.png\" alt=\"SATRA\" width=\"128\" height=\"54\" \/><\/p>\n<hr \/>\n<p><em>Preki\u0173 nuotraukos yra iliustracinio pob\u016bd\u017eio.<\/em><\/p>\n<p><em>Nurodytos kainos galioja perkant internetu.<\/em><\/p>\n","protected":false},"excerpt":{"rendered":"<p>Fiksatoriai VAG 1.2<\/p>\n","protected":false},"featured_media":18975,"comment_status":"open","ping_status":"closed","template":"","meta":[],"product_brand":[924],"product_cat":[95],"product_tag":[2183,2184,2180,2181,2182,2186,2185],"class_list":{"0":"post-18974","1":"product","2":"type-product","3":"status-publish","4":"has-post-thumbnail","6":"product_brand-satra","7":"product_cat-variklio-blokavimo-irankiai","8":"product_tag-aqz","9":"product_tag-bme","10":"product_tag-fiksatoriai","11":"product_tag-fiksatoriai-vag-1-2","12":"product_tag-s-pinl2","13":"product_tag-skoda-fabia-1-2l-12v","14":"product_tag-vw-polo-1-2l-12v","16":"first","17":"instock","18":"taxable","19":"shipping-taxable","20":"purchasable","21":"product-type-simple"},"_links":{"self":[{"href":"https:\/\/raktava.lt\/en\/wp-json\/wp\/v2\/product\/18974","targetHints":{"allow":["GET"]}}],"collection":[{"href":"https:\/\/raktava.lt\/en\/wp-json\/wp\/v2\/product"}],"about":[{"href":"https:\/\/raktava.lt\/en\/wp-json\/wp\/v2\/types\/product"}],"replies":[{"embeddable":true,"href":"https:\/\/raktava.lt\/en\/wp-json\/wp\/v2\/comments?post=18974"}],"version-history":[{"count":2,"href":"https:\/\/raktava.lt\/en\/wp-json\/wp\/v2\/product\/18974\/revisions"}],"predecessor-version":[{"id":18982,"href":"https:\/\/raktava.lt\/en\/wp-json\/wp\/v2\/product\/18974\/revisions\/18982"}],"wp:featuredmedia":[{"embeddable":true,"href":"https:\/\/raktava.lt\/en\/wp-json\/wp\/v2\/media\/18975"}],"wp:attachment":[{"href":"https:\/\/raktava.lt\/en\/wp-json\/wp\/v2\/media?parent=18974"}],"wp:term":[{"taxonomy":"product_brand","embeddable":true,"href":"https:\/\/raktava.lt\/en\/wp-json\/wp\/v2\/product_brand?post=18974"},{"taxonomy":"product_cat","embeddable":true,"href":"https:\/\/raktava.lt\/en\/wp-json\/wp\/v2\/product_cat?post=18974"},{"taxonomy":"product_tag","embeddable":true,"href":"https:\/\/raktava.lt\/en\/wp-json\/wp\/v2\/product_tag?post=18974"}],"curies":[{"name":"wp","href":"https:\/\/api.w.org\/{rel}","templated":true}]}}