{"id":18957,"date":"2026-03-26T12:00:51","date_gmt":"2026-03-26T10:00:51","guid":{"rendered":"https:\/\/raktava.lt\/?post_type=product&#038;p=18957"},"modified":"2026-03-26T12:20:23","modified_gmt":"2026-03-26T10:20:23","slug":"ratu-stebules-slifavimo-rinkinys-varztams-ir-verzlems-14-vnt-2","status":"publish","type":"product","link":"https:\/\/raktava.lt\/en\/product\/metalo-apdirbimo-irankiai\/sveitimo-irankiai\/ratu-stebules-slifavimo-rinkinys-varztams-ir-verzlems-14-vnt-2\/","title":{"rendered":"Rat\u0173 stebul\u0117s \u0161lifavimo rinkinys, var\u017etams ir ver\u017el\u0117ms, 14 vnt."},"content":{"rendered":"<ul>\n<li id=\"tw-target-text\" class=\"tw-data-text tw-text-large tw-ta\" dir=\"ltr\" tabindex=\"-1\" role=\"text\" data-placeholder=\"Vertimas\" data-ved=\"2ahUKEwj14YXH-ryTAxVMhv0HHYxRH44Q3ewLegQIDBAW\" aria-label=\"I\u0161verstas tekstas: 14 dali\u0173 stebuli\u0173 ir st\u016bmokli\u0173 valymo rinkinys\nMark\nYato\nSimbolis\nYT-25384\nSerija\nGRN\nMed\u017eiaga\nsustiprintas nailonas\nPaskirtis\nstebuli\u0173 ir kai\u0161\u010di\u0173 valymui | sm\u016bginiams \u012frankiams\nRinkinio turinys\nNuimamas ratas x10 | Lipni juosta su klijais x2 | Kreipiamasis kai\u0161tis | Adapteris 1\/2 colio sm\u016bginiam ver\u017eliarak\u010diui (12,7 mm)\n\u012eranki\u0173 laikiklio dydis\n1\/2 colio (12,7 mm)\nRinkinio vienet\u0173 skai\u010dius\n14\nRinkinys stebuli\u0173 ir kai\u0161\u010di\u0173 valymui.\n\nSud\u0117tyje yra:\n\n10 kei\u010diam\u0173 rat\u0173\ndu lipni juosta su klijais\nkreipiamasis kai\u0161tis\n1\/2 colio sm\u016bginio ver\u017eliarak\u010dio adapteris\"><span class=\"Y2IQFc\" lang=\"lt\">14 dali\u0173 stebuli\u0173 ir st\u016bmokli\u0173 valymo rinkinys <\/span><\/li>\n<li class=\"tw-data-text tw-text-large tw-ta\" dir=\"ltr\" tabindex=\"-1\" role=\"text\" data-placeholder=\"Vertimas\" data-ved=\"2ahUKEwj14YXH-ryTAxVMhv0HHYxRH44Q3ewLegQIDBAW\" aria-label=\"I\u0161verstas tekstas: 14 dali\u0173 stebuli\u0173 ir st\u016bmokli\u0173 valymo rinkinys\nMark\nYato\nSimbolis\nYT-25384\nSerija\nGRN\nMed\u017eiaga\nsustiprintas nailonas\nPaskirtis\nstebuli\u0173 ir kai\u0161\u010di\u0173 valymui | sm\u016bginiams \u012frankiams\nRinkinio turinys\nNuimamas ratas x10 | Lipni juosta su klijais x2 | Kreipiamasis kai\u0161tis | Adapteris 1\/2 colio sm\u016bginiam ver\u017eliarak\u010diui (12,7 mm)\n\u012eranki\u0173 laikiklio dydis\n1\/2 colio (12,7 mm)\nRinkinio vienet\u0173 skai\u010dius\n14\nRinkinys stebuli\u0173 ir kai\u0161\u010di\u0173 valymui.\n\nSud\u0117tyje yra:\n\n10 kei\u010diam\u0173 rat\u0173\ndu lipni juosta su klijais\nkreipiamasis kai\u0161tis\n1\/2 colio sm\u016bginio ver\u017eliarak\u010dio adapteris\"><span class=\"Y2IQFc\" lang=\"lt\">Mark\u0117 Yato\u00a0<\/span><\/li>\n<li class=\"tw-data-text tw-text-large tw-ta\" dir=\"ltr\" tabindex=\"-1\" role=\"text\" data-placeholder=\"Vertimas\" data-ved=\"2ahUKEwj14YXH-ryTAxVMhv0HHYxRH44Q3ewLegQIDBAW\" aria-label=\"I\u0161verstas tekstas: 14 dali\u0173 stebuli\u0173 ir st\u016bmokli\u0173 valymo rinkinys\nMark\nYato\nSimbolis\nYT-25384\nSerija\nGRN\nMed\u017eiaga\nsustiprintas nailonas\nPaskirtis\nstebuli\u0173 ir kai\u0161\u010di\u0173 valymui | sm\u016bginiams \u012frankiams\nRinkinio turinys\nNuimamas ratas x10 | Lipni juosta su klijais x2 | Kreipiamasis kai\u0161tis | Adapteris 1\/2 colio sm\u016bginiam ver\u017eliarak\u010diui (12,7 mm)\n\u012eranki\u0173 laikiklio dydis\n1\/2 colio (12,7 mm)\nRinkinio vienet\u0173 skai\u010dius\n14\nRinkinys stebuli\u0173 ir kai\u0161\u010di\u0173 valymui.\n\nSud\u0117tyje yra:\n\n10 kei\u010diam\u0173 rat\u0173\ndu lipni juosta su klijais\nkreipiamasis kai\u0161tis\n1\/2 colio sm\u016bginio ver\u017eliarak\u010dio adapteris\"><span class=\"Y2IQFc\" lang=\"lt\">Kodas YT-25384 <\/span><\/li>\n<li class=\"tw-data-text tw-text-large tw-ta\" dir=\"ltr\" tabindex=\"-1\" role=\"text\" data-placeholder=\"Vertimas\" data-ved=\"2ahUKEwj14YXH-ryTAxVMhv0HHYxRH44Q3ewLegQIDBAW\" aria-label=\"I\u0161verstas tekstas: 14 dali\u0173 stebuli\u0173 ir st\u016bmokli\u0173 valymo rinkinys\nMark\nYato\nSimbolis\nYT-25384\nSerija\nGRN\nMed\u017eiaga\nsustiprintas nailonas\nPaskirtis\nstebuli\u0173 ir kai\u0161\u010di\u0173 valymui | sm\u016bginiams \u012frankiams\nRinkinio turinys\nNuimamas ratas x10 | Lipni juosta su klijais x2 | Kreipiamasis kai\u0161tis | Adapteris 1\/2 colio sm\u016bginiam ver\u017eliarak\u010diui (12,7 mm)\n\u012eranki\u0173 laikiklio dydis\n1\/2 colio (12,7 mm)\nRinkinio vienet\u0173 skai\u010dius\n14\nRinkinys stebuli\u0173 ir kai\u0161\u010di\u0173 valymui.\n\nSud\u0117tyje yra:\n\n10 kei\u010diam\u0173 rat\u0173\ndu lipni juosta su klijais\nkreipiamasis kai\u0161tis\n1\/2 colio sm\u016bginio ver\u017eliarak\u010dio adapteris\"><span class=\"Y2IQFc\" lang=\"lt\">Serija GRN <\/span><\/li>\n<li class=\"tw-data-text tw-text-large tw-ta\" dir=\"ltr\" tabindex=\"-1\" role=\"text\" data-placeholder=\"Vertimas\" data-ved=\"2ahUKEwj14YXH-ryTAxVMhv0HHYxRH44Q3ewLegQIDBAW\" aria-label=\"I\u0161verstas tekstas: 14 dali\u0173 stebuli\u0173 ir st\u016bmokli\u0173 valymo rinkinys\nMark\nYato\nSimbolis\nYT-25384\nSerija\nGRN\nMed\u017eiaga\nsustiprintas nailonas\nPaskirtis\nstebuli\u0173 ir kai\u0161\u010di\u0173 valymui | sm\u016bginiams \u012frankiams\nRinkinio turinys\nNuimamas ratas x10 | Lipni juosta su klijais x2 | Kreipiamasis kai\u0161tis | Adapteris 1\/2 colio sm\u016bginiam ver\u017eliarak\u010diui (12,7 mm)\n\u012eranki\u0173 laikiklio dydis\n1\/2 colio (12,7 mm)\nRinkinio vienet\u0173 skai\u010dius\n14\nRinkinys stebuli\u0173 ir kai\u0161\u010di\u0173 valymui.\n\nSud\u0117tyje yra:\n\n10 kei\u010diam\u0173 rat\u0173\ndu lipni juosta su klijais\nkreipiamasis kai\u0161tis\n1\/2 colio sm\u016bginio ver\u017eliarak\u010dio adapteris\"><span class=\"Y2IQFc\" lang=\"lt\">Med\u017eiaga sustiprintas nailonas <\/span><\/li>\n<li class=\"tw-data-text tw-text-large tw-ta\" dir=\"ltr\" tabindex=\"-1\" role=\"text\" data-placeholder=\"Vertimas\" data-ved=\"2ahUKEwj14YXH-ryTAxVMhv0HHYxRH44Q3ewLegQIDBAW\" aria-label=\"I\u0161verstas tekstas: 14 dali\u0173 stebuli\u0173 ir st\u016bmokli\u0173 valymo rinkinys\nMark\nYato\nSimbolis\nYT-25384\nSerija\nGRN\nMed\u017eiaga\nsustiprintas nailonas\nPaskirtis\nstebuli\u0173 ir kai\u0161\u010di\u0173 valymui | sm\u016bginiams \u012frankiams\nRinkinio turinys\nNuimamas ratas x10 | Lipni juosta su klijais x2 | Kreipiamasis kai\u0161tis | Adapteris 1\/2 colio sm\u016bginiam ver\u017eliarak\u010diui (12,7 mm)\n\u012eranki\u0173 laikiklio dydis\n1\/2 colio (12,7 mm)\nRinkinio vienet\u0173 skai\u010dius\n14\nRinkinys stebuli\u0173 ir kai\u0161\u010di\u0173 valymui.\n\nSud\u0117tyje yra:\n\n10 kei\u010diam\u0173 rat\u0173\ndu lipni juosta su klijais\nkreipiamasis kai\u0161tis\n1\/2 colio sm\u016bginio ver\u017eliarak\u010dio adapteris\"><span class=\"Y2IQFc\" lang=\"lt\">Paskirtis stebuli\u0173 ir kai\u0161\u010di\u0173 valymui | sm\u016bginiams \u012frankiams <\/span><\/li>\n<li class=\"tw-data-text tw-text-large tw-ta\" dir=\"ltr\" tabindex=\"-1\" role=\"text\" data-placeholder=\"Vertimas\" data-ved=\"2ahUKEwj14YXH-ryTAxVMhv0HHYxRH44Q3ewLegQIDBAW\" aria-label=\"I\u0161verstas tekstas: 14 dali\u0173 stebuli\u0173 ir st\u016bmokli\u0173 valymo rinkinys\nMark\nYato\nSimbolis\nYT-25384\nSerija\nGRN\nMed\u017eiaga\nsustiprintas nailonas\nPaskirtis\nstebuli\u0173 ir kai\u0161\u010di\u0173 valymui | sm\u016bginiams \u012frankiams\nRinkinio turinys\nNuimamas ratas x10 | Lipni juosta su klijais x2 | Kreipiamasis kai\u0161tis | Adapteris 1\/2 colio sm\u016bginiam ver\u017eliarak\u010diui (12,7 mm)\n\u012eranki\u0173 laikiklio dydis\n1\/2 colio (12,7 mm)\nRinkinio vienet\u0173 skai\u010dius\n14\nRinkinys stebuli\u0173 ir kai\u0161\u010di\u0173 valymui.\n\nSud\u0117tyje yra:\n\n10 kei\u010diam\u0173 rat\u0173\ndu lipni juosta su klijais\nkreipiamasis kai\u0161tis\n1\/2 colio sm\u016bginio ver\u017eliarak\u010dio adapteris\"><span class=\"Y2IQFc\" lang=\"lt\">Rinkinio turinys Nuimamas ratas x10 | Lipni juosta su klijais x2 | Kreipiamasis kai\u0161tis | Adapteris 1\/2 colio sm\u016bginiam ver\u017eliarak\u010diui (12,7 mm) <\/span><\/li>\n<li class=\"tw-data-text tw-text-large tw-ta\" dir=\"ltr\" tabindex=\"-1\" role=\"text\" data-placeholder=\"Vertimas\" data-ved=\"2ahUKEwj14YXH-ryTAxVMhv0HHYxRH44Q3ewLegQIDBAW\" aria-label=\"I\u0161verstas tekstas: 14 dali\u0173 stebuli\u0173 ir st\u016bmokli\u0173 valymo rinkinys\nMark\nYato\nSimbolis\nYT-25384\nSerija\nGRN\nMed\u017eiaga\nsustiprintas nailonas\nPaskirtis\nstebuli\u0173 ir kai\u0161\u010di\u0173 valymui | sm\u016bginiams \u012frankiams\nRinkinio turinys\nNuimamas ratas x10 | Lipni juosta su klijais x2 | Kreipiamasis kai\u0161tis | Adapteris 1\/2 colio sm\u016bginiam ver\u017eliarak\u010diui (12,7 mm)\n\u012eranki\u0173 laikiklio dydis\n1\/2 colio (12,7 mm)\nRinkinio vienet\u0173 skai\u010dius\n14\nRinkinys stebuli\u0173 ir kai\u0161\u010di\u0173 valymui.\n\nSud\u0117tyje yra:\n\n10 kei\u010diam\u0173 rat\u0173\ndu lipni juosta su klijais\nkreipiamasis kai\u0161tis\n1\/2 colio sm\u016bginio ver\u017eliarak\u010dio adapteris\"><span class=\"Y2IQFc\" lang=\"lt\">\u012eranki\u0173 laikiklio dydis 1\/2 colio (12,7 mm) <\/span><\/li>\n<li class=\"tw-data-text tw-text-large tw-ta\" dir=\"ltr\" tabindex=\"-1\" role=\"text\" data-placeholder=\"Vertimas\" data-ved=\"2ahUKEwj14YXH-ryTAxVMhv0HHYxRH44Q3ewLegQIDBAW\" aria-label=\"I\u0161verstas tekstas: 14 dali\u0173 stebuli\u0173 ir st\u016bmokli\u0173 valymo rinkinys\nMark\nYato\nSimbolis\nYT-25384\nSerija\nGRN\nMed\u017eiaga\nsustiprintas nailonas\nPaskirtis\nstebuli\u0173 ir kai\u0161\u010di\u0173 valymui | sm\u016bginiams \u012frankiams\nRinkinio turinys\nNuimamas ratas x10 | Lipni juosta su klijais x2 | Kreipiamasis kai\u0161tis | Adapteris 1\/2 colio sm\u016bginiam ver\u017eliarak\u010diui (12,7 mm)\n\u012eranki\u0173 laikiklio dydis\n1\/2 colio (12,7 mm)\nRinkinio vienet\u0173 skai\u010dius\n14\nRinkinys stebuli\u0173 ir kai\u0161\u010di\u0173 valymui.\n\nSud\u0117tyje yra:\n\n10 kei\u010diam\u0173 rat\u0173\ndu lipni juosta su klijais\nkreipiamasis kai\u0161tis\n1\/2 colio sm\u016bginio ver\u017eliarak\u010dio adapteris\"><span class=\"Y2IQFc\" lang=\"lt\">Rinkinio vienet\u0173 skai\u010dius 14 <\/span><\/li>\n<li class=\"tw-data-text tw-text-large tw-ta\" dir=\"ltr\" tabindex=\"-1\" role=\"text\" data-placeholder=\"Vertimas\" data-ved=\"2ahUKEwj14YXH-ryTAxVMhv0HHYxRH44Q3ewLegQIDBAW\" aria-label=\"I\u0161verstas tekstas: 14 dali\u0173 stebuli\u0173 ir st\u016bmokli\u0173 valymo rinkinys\nMark\nYato\nSimbolis\nYT-25384\nSerija\nGRN\nMed\u017eiaga\nsustiprintas nailonas\nPaskirtis\nstebuli\u0173 ir kai\u0161\u010di\u0173 valymui | sm\u016bginiams \u012frankiams\nRinkinio turinys\nNuimamas ratas x10 | Lipni juosta su klijais x2 | Kreipiamasis kai\u0161tis | Adapteris 1\/2 colio sm\u016bginiam ver\u017eliarak\u010diui (12,7 mm)\n\u012eranki\u0173 laikiklio dydis\n1\/2 colio (12,7 mm)\nRinkinio vienet\u0173 skai\u010dius\n14\nRinkinys stebuli\u0173 ir kai\u0161\u010di\u0173 valymui.\n\nSud\u0117tyje yra:\n\n10 kei\u010diam\u0173 rat\u0173\ndu lipni juosta su klijais\nkreipiamasis kai\u0161tis\n1\/2 colio sm\u016bginio ver\u017eliarak\u010dio adapteris\"><span class=\"Y2IQFc\" lang=\"lt\">Rinkinys stebuli\u0173 ir kai\u0161\u010di\u0173 valymui. <\/span><\/li>\n<li class=\"tw-data-text tw-text-large tw-ta\" dir=\"ltr\" tabindex=\"-1\" role=\"text\" data-placeholder=\"Vertimas\" data-ved=\"2ahUKEwj14YXH-ryTAxVMhv0HHYxRH44Q3ewLegQIDBAW\" aria-label=\"I\u0161verstas tekstas: 14 dali\u0173 stebuli\u0173 ir st\u016bmokli\u0173 valymo rinkinys\nMark\nYato\nSimbolis\nYT-25384\nSerija\nGRN\nMed\u017eiaga\nsustiprintas nailonas\nPaskirtis\nstebuli\u0173 ir kai\u0161\u010di\u0173 valymui | sm\u016bginiams \u012frankiams\nRinkinio turinys\nNuimamas ratas x10 | Lipni juosta su klijais x2 | Kreipiamasis kai\u0161tis | Adapteris 1\/2 colio sm\u016bginiam ver\u017eliarak\u010diui (12,7 mm)\n\u012eranki\u0173 laikiklio dydis\n1\/2 colio (12,7 mm)\nRinkinio vienet\u0173 skai\u010dius\n14\nRinkinys stebuli\u0173 ir kai\u0161\u010di\u0173 valymui.\n\nSud\u0117tyje yra:\n\n10 kei\u010diam\u0173 rat\u0173\ndu lipni juosta su klijais\nkreipiamasis kai\u0161tis\n1\/2 colio sm\u016bginio ver\u017eliarak\u010dio adapteris\"><span class=\"Y2IQFc\" lang=\"lt\">Sud\u0117tyje yra: 10 kei\u010diam\u0173 ratuk\u0173,\u00a0 dvi lipnios juostel\u0117s su klijais, kreipiamasis kai\u0161tis 1\/2 colio, sm\u016bginio ver\u017eliarak\u010dio adapteris<\/span><\/li>\n<\/ul>\n<p><img decoding=\"async\" src=\"https:\/\/vigorus.lt\/catalog\/logo120627105013_yato.jpg\" alt=\"YATO\" \/><\/p>\n<hr \/>\n<p><em>Preki\u0173 nuotraukos yra iliustracinio pob\u016bd\u017eio.<\/em><\/p>\n<p><em>Nurodytos kainos galioja perkant internetu.<\/em><\/p>\n","protected":false},"excerpt":{"rendered":"<p>Rat\u0173 stebul\u0117s \u0161lifavimo rinkinys, var\u017etams ir ver\u017el\u0117ms, 14 vnt.<\/p>\n","protected":false},"featured_media":18962,"comment_status":"open","ping_status":"closed","template":"","meta":[],"product_brand":[563],"product_cat":[143,75],"product_tag":[1847,1848],"class_list":{"0":"post-18957","1":"product","2":"type-product","3":"status-publish","4":"has-post-thumbnail","6":"product_brand-yato","7":"product_cat-sveitimo-irankiai","8":"product_cat-ratu-varztams-galvutes-raktai-sepeciai","9":"product_tag-ratu-stebules-slifavimo-rinkinys","10":"product_tag-yt-25384","12":"first","13":"instock","14":"taxable","15":"shipping-taxable","16":"purchasable","17":"product-type-simple"},"_links":{"self":[{"href":"https:\/\/raktava.lt\/en\/wp-json\/wp\/v2\/product\/18957","targetHints":{"allow":["GET"]}}],"collection":[{"href":"https:\/\/raktava.lt\/en\/wp-json\/wp\/v2\/product"}],"about":[{"href":"https:\/\/raktava.lt\/en\/wp-json\/wp\/v2\/types\/product"}],"replies":[{"embeddable":true,"href":"https:\/\/raktava.lt\/en\/wp-json\/wp\/v2\/comments?post=18957"}],"version-history":[{"count":2,"href":"https:\/\/raktava.lt\/en\/wp-json\/wp\/v2\/product\/18957\/revisions"}],"predecessor-version":[{"id":18973,"href":"https:\/\/raktava.lt\/en\/wp-json\/wp\/v2\/product\/18957\/revisions\/18973"}],"wp:featuredmedia":[{"embeddable":true,"href":"https:\/\/raktava.lt\/en\/wp-json\/wp\/v2\/media\/18962"}],"wp:attachment":[{"href":"https:\/\/raktava.lt\/en\/wp-json\/wp\/v2\/media?parent=18957"}],"wp:term":[{"taxonomy":"product_brand","embeddable":true,"href":"https:\/\/raktava.lt\/en\/wp-json\/wp\/v2\/product_brand?post=18957"},{"taxonomy":"product_cat","embeddable":true,"href":"https:\/\/raktava.lt\/en\/wp-json\/wp\/v2\/product_cat?post=18957"},{"taxonomy":"product_tag","embeddable":true,"href":"https:\/\/raktava.lt\/en\/wp-json\/wp\/v2\/product_tag?post=18957"}],"curies":[{"name":"wp","href":"https:\/\/api.w.org\/{rel}","templated":true}]}}