{"id":18949,"date":"2026-03-26T11:05:19","date_gmt":"2026-03-26T09:05:19","guid":{"rendered":"https:\/\/raktava.lt\/?post_type=product&#038;p=18949"},"modified":"2026-03-26T11:05:20","modified_gmt":"2026-03-26T09:05:20","slug":"kaitinimo-zvakiu-elektrodu-salinimo-rinkinys-m8-m10-22vnt","status":"publish","type":"product","link":"https:\/\/raktava.lt\/en\/product\/automobiliu-remonto-irankiai\/variklio-remonto-irankiai\/pakaitinimo-uzdegimo-zvakiu-remonto-irankiai\/kaitinimo-zvakiu-elektrodu-salinimo-rinkinys-m8-m10-22vnt\/","title":{"rendered":"Kaitinimo \u017evaki\u0173 elektrod\u0173 \u0161alinimo rinkinys M8\/M10 22vnt."},"content":{"rendered":"<ul>\n<li id=\"tw-target-text\" class=\"tw-data-text tw-text-large tw-ta\" dir=\"ltr\" tabindex=\"-1\" role=\"text\" data-placeholder=\"Vertimas\" data-ved=\"2ahUKEwj14YXH-ryTAxVMhv0HHYxRH44Q3ewLegQIDBAW\" aria-label=\"I\u0161verstas tekstas: \u017denklas\nYato\nSimbolis\nYT-05345\nSerija\nGRE\nMed\u017eiaga\nHSS\nPritaikymas\nkaitinimo \u017evak\u0117s kaitinimo si\u016blelio i\u0161ardymui\nRinkinio turinys\n5 sriegikliai (M8x1,0 mm, M10x1,0 mm, M10x1,25 mm, M3x0,5 mm su 100 mm ver\u017ele, M4x0,7 mm su 100 mm ver\u017ele), 2 special\u016bs gr\u0105\u017etai (2,5x120 mm, 3,3x140 mm), i\u0161traukimo var\u017etas L=180 mm\nRinkinio vienet\u0173 skai\u010dius\n22\"><span class=\"Y2IQFc\" lang=\"lt\">\u017denklas: Yato<\/span><\/li>\n<li class=\"tw-data-text tw-text-large tw-ta\" dir=\"ltr\" tabindex=\"-1\" role=\"text\" data-placeholder=\"Vertimas\" data-ved=\"2ahUKEwj14YXH-ryTAxVMhv0HHYxRH44Q3ewLegQIDBAW\" aria-label=\"I\u0161verstas tekstas: \u017denklas\nYato\nSimbolis\nYT-05345\nSerija\nGRE\nMed\u017eiaga\nHSS\nPritaikymas\nkaitinimo \u017evak\u0117s kaitinimo si\u016blelio i\u0161ardymui\nRinkinio turinys\n5 sriegikliai (M8x1,0 mm, M10x1,0 mm, M10x1,25 mm, M3x0,5 mm su 100 mm ver\u017ele, M4x0,7 mm su 100 mm ver\u017ele), 2 special\u016bs gr\u0105\u017etai (2,5x120 mm, 3,3x140 mm), i\u0161traukimo var\u017etas L=180 mm\nRinkinio vienet\u0173 skai\u010dius\n22\"><span class=\"Y2IQFc\" lang=\"lt\">Kodas: YT-05345 <\/span><\/li>\n<li class=\"tw-data-text tw-text-large tw-ta\" dir=\"ltr\" tabindex=\"-1\" role=\"text\" data-placeholder=\"Vertimas\" data-ved=\"2ahUKEwj14YXH-ryTAxVMhv0HHYxRH44Q3ewLegQIDBAW\" aria-label=\"I\u0161verstas tekstas: \u017denklas\nYato\nSimbolis\nYT-05345\nSerija\nGRE\nMed\u017eiaga\nHSS\nPritaikymas\nkaitinimo \u017evak\u0117s kaitinimo si\u016blelio i\u0161ardymui\nRinkinio turinys\n5 sriegikliai (M8x1,0 mm, M10x1,0 mm, M10x1,25 mm, M3x0,5 mm su 100 mm ver\u017ele, M4x0,7 mm su 100 mm ver\u017ele), 2 special\u016bs gr\u0105\u017etai (2,5x120 mm, 3,3x140 mm), i\u0161traukimo var\u017etas L=180 mm\nRinkinio vienet\u0173 skai\u010dius\n22\"><span class=\"Y2IQFc\" lang=\"lt\">Serija GRE <\/span><\/li>\n<li class=\"tw-data-text tw-text-large tw-ta\" dir=\"ltr\" tabindex=\"-1\" role=\"text\" data-placeholder=\"Vertimas\" data-ved=\"2ahUKEwj14YXH-ryTAxVMhv0HHYxRH44Q3ewLegQIDBAW\" aria-label=\"I\u0161verstas tekstas: \u017denklas\nYato\nSimbolis\nYT-05345\nSerija\nGRE\nMed\u017eiaga\nHSS\nPritaikymas\nkaitinimo \u017evak\u0117s kaitinimo si\u016blelio i\u0161ardymui\nRinkinio turinys\n5 sriegikliai (M8x1,0 mm, M10x1,0 mm, M10x1,25 mm, M3x0,5 mm su 100 mm ver\u017ele, M4x0,7 mm su 100 mm ver\u017ele), 2 special\u016bs gr\u0105\u017etai (2,5x120 mm, 3,3x140 mm), i\u0161traukimo var\u017etas L=180 mm\nRinkinio vienet\u0173 skai\u010dius\n22\"><span class=\"Y2IQFc\" lang=\"lt\">Med\u017eiaga HSS <\/span><\/li>\n<li class=\"tw-data-text tw-text-large tw-ta\" dir=\"ltr\" tabindex=\"-1\" role=\"text\" data-placeholder=\"Vertimas\" data-ved=\"2ahUKEwj14YXH-ryTAxVMhv0HHYxRH44Q3ewLegQIDBAW\" aria-label=\"I\u0161verstas tekstas: \u017denklas\nYato\nSimbolis\nYT-05345\nSerija\nGRE\nMed\u017eiaga\nHSS\nPritaikymas\nkaitinimo \u017evak\u0117s kaitinimo si\u016blelio i\u0161ardymui\nRinkinio turinys\n5 sriegikliai (M8x1,0 mm, M10x1,0 mm, M10x1,25 mm, M3x0,5 mm su 100 mm ver\u017ele, M4x0,7 mm su 100 mm ver\u017ele), 2 special\u016bs gr\u0105\u017etai (2,5x120 mm, 3,3x140 mm), i\u0161traukimo var\u017etas L=180 mm\nRinkinio vienet\u0173 skai\u010dius\n22\"><span class=\"Y2IQFc\" lang=\"lt\">Pritaikymas kaitinimo \u017evak\u0117s kaitinimo si\u016blelio i\u0161ardymui <\/span><\/li>\n<li class=\"tw-data-text tw-text-large tw-ta\" dir=\"ltr\" tabindex=\"-1\" role=\"text\" data-placeholder=\"Vertimas\" data-ved=\"2ahUKEwj14YXH-ryTAxVMhv0HHYxRH44Q3ewLegQIDBAW\" aria-label=\"I\u0161verstas tekstas: \u017denklas\nYato\nSimbolis\nYT-05345\nSerija\nGRE\nMed\u017eiaga\nHSS\nPritaikymas\nkaitinimo \u017evak\u0117s kaitinimo si\u016blelio i\u0161ardymui\nRinkinio turinys\n5 sriegikliai (M8x1,0 mm, M10x1,0 mm, M10x1,25 mm, M3x0,5 mm su 100 mm ver\u017ele, M4x0,7 mm su 100 mm ver\u017ele), 2 special\u016bs gr\u0105\u017etai (2,5x120 mm, 3,3x140 mm), i\u0161traukimo var\u017etas L=180 mm\nRinkinio vienet\u0173 skai\u010dius\n22\"><span class=\"Y2IQFc\" lang=\"lt\">Rinkinio turinys 5 sriegikliai (M8x1,0 mm, M10x1,0 mm, M10x1,25 mm, M3x0,5 mm su 100 mm ver\u017ele, M4x0,7 mm su 100 mm ver\u017ele), 2 special\u016bs gr\u0105\u017etai (2,5&#215;120 mm, 3,3&#215;140 mm), i\u0161traukimo var\u017etas L=180 mm <\/span><\/li>\n<li class=\"tw-data-text tw-text-large tw-ta\" dir=\"ltr\" tabindex=\"-1\" role=\"text\" data-placeholder=\"Vertimas\" data-ved=\"2ahUKEwj14YXH-ryTAxVMhv0HHYxRH44Q3ewLegQIDBAW\" aria-label=\"I\u0161verstas tekstas: \u017denklas\nYato\nSimbolis\nYT-05345\nSerija\nGRE\nMed\u017eiaga\nHSS\nPritaikymas\nkaitinimo \u017evak\u0117s kaitinimo si\u016blelio i\u0161ardymui\nRinkinio turinys\n5 sriegikliai (M8x1,0 mm, M10x1,0 mm, M10x1,25 mm, M3x0,5 mm su 100 mm ver\u017ele, M4x0,7 mm su 100 mm ver\u017ele), 2 special\u016bs gr\u0105\u017etai (2,5x120 mm, 3,3x140 mm), i\u0161traukimo var\u017etas L=180 mm\nRinkinio vienet\u0173 skai\u010dius\n22\"><span class=\"Y2IQFc\" lang=\"lt\">Rinkinio vienet\u0173 skai\u010dius 22<\/span><\/li>\n<\/ul>\n<p><img decoding=\"async\" src=\"https:\/\/vigorus.lt\/catalog\/logo120627105013_yato.jpg\" alt=\"YATO\" \/><\/p>\n<hr \/>\n<p><em>Preki\u0173 nuotraukos yra iliustracinio pob\u016bd\u017eio.<\/em><\/p>\n<p><em>Nurodytos kainos galioja perkant internetu.<\/em><\/p>\n","protected":false},"excerpt":{"rendered":"<p>Kaitinimo \u017evaki\u0173 elektrod\u0173 \u0161alinimo rinkinys M8\/M10<\/p>\n","protected":false},"featured_media":18950,"comment_status":"open","ping_status":"closed","template":"","meta":[],"product_brand":[563],"product_cat":[117],"product_tag":[2177,1669,2178,2179,2176],"class_list":{"0":"post-18949","1":"product","2":"type-product","3":"status-publish","4":"has-post-thumbnail","6":"product_brand-yato","7":"product_cat-pakaitinimo-uzdegimo-zvakiu-remonto-irankiai","8":"product_tag-irankia-zvakiu-remontui","9":"product_tag-irankiai-luzusiu-pakaitinimo-zvakiu-issukimui-m8x1-ir-m10x1","10":"product_tag-kaitinimo-zvakiu-elektrodu-salinimo-rinkinys","11":"product_tag-yt-05345","12":"product_tag-zvakiu-remonto-irankiai","14":"first","15":"instock","16":"taxable","17":"shipping-taxable","18":"purchasable","19":"product-type-simple"},"_links":{"self":[{"href":"https:\/\/raktava.lt\/en\/wp-json\/wp\/v2\/product\/18949","targetHints":{"allow":["GET"]}}],"collection":[{"href":"https:\/\/raktava.lt\/en\/wp-json\/wp\/v2\/product"}],"about":[{"href":"https:\/\/raktava.lt\/en\/wp-json\/wp\/v2\/types\/product"}],"replies":[{"embeddable":true,"href":"https:\/\/raktava.lt\/en\/wp-json\/wp\/v2\/comments?post=18949"}],"version-history":[{"count":1,"href":"https:\/\/raktava.lt\/en\/wp-json\/wp\/v2\/product\/18949\/revisions"}],"predecessor-version":[{"id":18956,"href":"https:\/\/raktava.lt\/en\/wp-json\/wp\/v2\/product\/18949\/revisions\/18956"}],"wp:featuredmedia":[{"embeddable":true,"href":"https:\/\/raktava.lt\/en\/wp-json\/wp\/v2\/media\/18950"}],"wp:attachment":[{"href":"https:\/\/raktava.lt\/en\/wp-json\/wp\/v2\/media?parent=18949"}],"wp:term":[{"taxonomy":"product_brand","embeddable":true,"href":"https:\/\/raktava.lt\/en\/wp-json\/wp\/v2\/product_brand?post=18949"},{"taxonomy":"product_cat","embeddable":true,"href":"https:\/\/raktava.lt\/en\/wp-json\/wp\/v2\/product_cat?post=18949"},{"taxonomy":"product_tag","embeddable":true,"href":"https:\/\/raktava.lt\/en\/wp-json\/wp\/v2\/product_tag?post=18949"}],"curies":[{"name":"wp","href":"https:\/\/api.w.org\/{rel}","templated":true}]}}