{"id":18939,"date":"2026-03-26T09:25:11","date_gmt":"2026-03-26T07:25:11","guid":{"rendered":"https:\/\/raktava.lt\/?post_type=product&#038;p=18939"},"modified":"2026-03-26T09:25:11","modified_gmt":"2026-03-26T07:25:11","slug":"adapteris-smuginis-is-1-2-125mm-i-1-4-63mm","status":"publish","type":"product","link":"https:\/\/raktava.lt\/en\/product\/rankiniai-irankiai\/adapteriai-ir-adapteriu-rinkiniai\/adapteris-smuginis-is-1-2-125mm-i-1-4-63mm\/","title":{"rendered":"Adapteris sm\u016bginis i\u0161 1\/2 (12,5mm) \u012f 1\/4 (6,3mm)"},"content":{"rendered":"<ul>\n<li id=\"tw-target-text\" class=\"tw-data-text tw-text-large tw-ta\" dir=\"ltr\" tabindex=\"-1\" role=\"text\" data-placeholder=\"Vertimas\" data-ved=\"2ahUKEwj14YXH-ryTAxVMhv0HHYxRH44Q3ewLegQIDBAW\" aria-label=\"I\u0161verstas tekstas: Produkto apra\u0161ymas\n1\/2 colio iki 1\/4 colio \u0161e\u0161iakampis adapteris sm\u016bginiams ver\u017eliasukiams ir atsuktuvams.\n\npagamintas i\u0161 gr\u016bdinto anglinio plieno\njuodas pavir\u0161ius\ntvirtinimo anga\nilgis: 50 mm\"><span class=\"Y2IQFc\" lang=\"lt\">1\/2 colio iki 1\/4 colio <\/span><\/li>\n<li class=\"tw-data-text tw-text-large tw-ta\" dir=\"ltr\" tabindex=\"-1\" role=\"text\" data-placeholder=\"Vertimas\" data-ved=\"2ahUKEwj14YXH-ryTAxVMhv0HHYxRH44Q3ewLegQIDBAW\" aria-label=\"I\u0161verstas tekstas: Produkto apra\u0161ymas\n1\/2 colio iki 1\/4 colio \u0161e\u0161iakampis adapteris sm\u016bginiams ver\u017eliasukiams ir atsuktuvams.\n\npagamintas i\u0161 gr\u016bdinto anglinio plieno\njuodas pavir\u0161ius\ntvirtinimo anga\nilgis: 50 mm\"><span class=\"Y2IQFc\" lang=\"lt\">\u0161e\u0161iakampis adapteris sm\u016bginiams ver\u017eliasukiams ir atsuktuvams. <\/span><\/li>\n<li class=\"tw-data-text tw-text-large tw-ta\" dir=\"ltr\" tabindex=\"-1\" role=\"text\" data-placeholder=\"Vertimas\" data-ved=\"2ahUKEwj14YXH-ryTAxVMhv0HHYxRH44Q3ewLegQIDBAW\" aria-label=\"I\u0161verstas tekstas: Produkto apra\u0161ymas\n1\/2 colio iki 1\/4 colio \u0161e\u0161iakampis adapteris sm\u016bginiams ver\u017eliasukiams ir atsuktuvams.\n\npagamintas i\u0161 gr\u016bdinto anglinio plieno\njuodas pavir\u0161ius\ntvirtinimo anga\nilgis: 50 mm\"><span class=\"Y2IQFc\" lang=\"lt\">pagamintas i\u0161 gr\u016bdinto anglinio plieno juodas pavir\u0161ius <\/span><\/li>\n<li class=\"tw-data-text tw-text-large tw-ta\" dir=\"ltr\" tabindex=\"-1\" role=\"text\" data-placeholder=\"Vertimas\" data-ved=\"2ahUKEwj14YXH-ryTAxVMhv0HHYxRH44Q3ewLegQIDBAW\" aria-label=\"I\u0161verstas tekstas: Produkto apra\u0161ymas\n1\/2 colio iki 1\/4 colio \u0161e\u0161iakampis adapteris sm\u016bginiams ver\u017eliasukiams ir atsuktuvams.\n\npagamintas i\u0161 gr\u016bdinto anglinio plieno\njuodas pavir\u0161ius\ntvirtinimo anga\nilgis: 50 mm\"><span class=\"Y2IQFc\" lang=\"lt\">tvirtinimo anga ilgis: 50 mm<\/span><\/li>\n<\/ul>\n<p><img decoding=\"async\" src=\"https:\/\/vigorus.lt\/catalog\/logo120627105013_yato.jpg\" alt=\"YATO\" \/><\/p>\n<hr \/>\n<p><em>Preki\u0173 nuotraukos yra iliustracinio pob\u016bd\u017eio.<\/em><\/p>\n<p><em>Nurodytos kainos galioja perkant internetu.<\/em><\/p>\n","protected":false},"excerpt":{"rendered":"<p>Adapteris sm\u016bginis i\u0161 1\/2 (12,5mm) \u012f 1\/4 (6,3mm)<\/p>\n","protected":false},"featured_media":18940,"comment_status":"open","ping_status":"closed","template":"","meta":[],"product_brand":[563],"product_cat":[93],"product_tag":[591,951,729,2014,726,2175],"class_list":{"0":"post-18939","1":"product","2":"type-product","3":"status-publish","4":"has-post-thumbnail","6":"product_brand-yato","7":"product_cat-adapteriai-ir-adapteriu-rinkiniai","8":"product_tag-1-2","9":"product_tag-1-4","10":"product_tag-adapteris","11":"product_tag-smuginis-adapteris","12":"product_tag-smuginis-perejimas","13":"product_tag-yt-04691","15":"first","16":"instock","17":"taxable","18":"shipping-taxable","19":"purchasable","20":"product-type-simple"},"_links":{"self":[{"href":"https:\/\/raktava.lt\/en\/wp-json\/wp\/v2\/product\/18939","targetHints":{"allow":["GET"]}}],"collection":[{"href":"https:\/\/raktava.lt\/en\/wp-json\/wp\/v2\/product"}],"about":[{"href":"https:\/\/raktava.lt\/en\/wp-json\/wp\/v2\/types\/product"}],"replies":[{"embeddable":true,"href":"https:\/\/raktava.lt\/en\/wp-json\/wp\/v2\/comments?post=18939"}],"version-history":[{"count":1,"href":"https:\/\/raktava.lt\/en\/wp-json\/wp\/v2\/product\/18939\/revisions"}],"predecessor-version":[{"id":18948,"href":"https:\/\/raktava.lt\/en\/wp-json\/wp\/v2\/product\/18939\/revisions\/18948"}],"wp:featuredmedia":[{"embeddable":true,"href":"https:\/\/raktava.lt\/en\/wp-json\/wp\/v2\/media\/18940"}],"wp:attachment":[{"href":"https:\/\/raktava.lt\/en\/wp-json\/wp\/v2\/media?parent=18939"}],"wp:term":[{"taxonomy":"product_brand","embeddable":true,"href":"https:\/\/raktava.lt\/en\/wp-json\/wp\/v2\/product_brand?post=18939"},{"taxonomy":"product_cat","embeddable":true,"href":"https:\/\/raktava.lt\/en\/wp-json\/wp\/v2\/product_cat?post=18939"},{"taxonomy":"product_tag","embeddable":true,"href":"https:\/\/raktava.lt\/en\/wp-json\/wp\/v2\/product_tag?post=18939"}],"curies":[{"name":"wp","href":"https:\/\/api.w.org\/{rel}","templated":true}]}}