{"id":18925,"date":"2026-03-26T08:54:40","date_gmt":"2026-03-26T06:54:40","guid":{"rendered":"https:\/\/raktava.lt\/?post_type=product&#038;p=18925"},"modified":"2026-03-26T08:54:40","modified_gmt":"2026-03-26T06:54:40","slug":"terkslinis-raktas-sarnyrinis-180-smulkus-dantukai-1-2-125mm","status":"publish","type":"product","link":"https:\/\/raktava.lt\/en\/product\/rankiniai-irankiai\/terksles-rankenos-slankiojancios-jungtys\/terksles-galvutems\/terkslinis-raktas-sarnyrinis-180-smulkus-dantukai-1-2-125mm\/","title":{"rendered":"Terk\u0161linis raktas \u0161arnyrinis 180\u00b0, smulk\u016bs dantukai, 1\/2 (12,5mm)"},"content":{"rendered":"<ul>\n<li id=\"tw-target-text\" class=\"tw-data-text tw-text-large tw-ta\" dir=\"ltr\" tabindex=\"-1\" role=\"text\" data-placeholder=\"Vertimas\" data-ved=\"2ahUKEwj14YXH-ryTAxVMhv0HHYxRH44Q3ewLegQIDBAW\" aria-label=\"I\u0161verstas tekstas: 180\u00b0 reguliuojama pavaros galvut\u0117, kuri\u0105 galima pritaikyti beveik visoms darbo pad\u0117tysms\nchromuota\nsmulkiai dantyta (72 dantys)\nsu greito atlaisvinimo funkcija\nTechniniai duomenys\nBendras svoris 690 g\"><span class=\"Y2IQFc\" lang=\"lt\">180\u00b0 reguliuojama pavaros galvut\u0117, kuri\u0105 galima pritaikyti beveik visoms darbo pad\u0117tims;<\/span><\/li>\n<li class=\"tw-data-text tw-text-large tw-ta\" dir=\"ltr\" tabindex=\"-1\" role=\"text\" data-placeholder=\"Vertimas\" data-ved=\"2ahUKEwj14YXH-ryTAxVMhv0HHYxRH44Q3ewLegQIDBAW\" aria-label=\"I\u0161verstas tekstas: 180\u00b0 reguliuojama pavaros galvut\u0117, kuri\u0105 galima pritaikyti beveik visoms darbo pad\u0117tysms\nchromuota\nsmulkiai dantyta (72 dantys)\nsu greito atlaisvinimo funkcija\nTechniniai duomenys\nBendras svoris 690 g\"><span class=\"Y2IQFc\" lang=\"lt\"> chromuota;<\/span><\/li>\n<li class=\"tw-data-text tw-text-large tw-ta\" dir=\"ltr\" tabindex=\"-1\" role=\"text\" data-placeholder=\"Vertimas\" data-ved=\"2ahUKEwj14YXH-ryTAxVMhv0HHYxRH44Q3ewLegQIDBAW\" aria-label=\"I\u0161verstas tekstas: 180\u00b0 reguliuojama pavaros galvut\u0117, kuri\u0105 galima pritaikyti beveik visoms darbo pad\u0117tysms\nchromuota\nsmulkiai dantyta (72 dantys)\nsu greito atlaisvinimo funkcija\nTechniniai duomenys\nBendras svoris 690 g\"><span class=\"Y2IQFc\" lang=\"lt\"> smulkiai dantyta (72 dantys);<\/span><\/li>\n<li class=\"tw-data-text tw-text-large tw-ta\" dir=\"ltr\" tabindex=\"-1\" role=\"text\" data-placeholder=\"Vertimas\" data-ved=\"2ahUKEwj14YXH-ryTAxVMhv0HHYxRH44Q3ewLegQIDBAW\" aria-label=\"I\u0161verstas tekstas: 180\u00b0 reguliuojama pavaros galvut\u0117, kuri\u0105 galima pritaikyti beveik visoms darbo pad\u0117tysms\nchromuota\nsmulkiai dantyta (72 dantys)\nsu greito atlaisvinimo funkcija\nTechniniai duomenys\nBendras svoris 690 g\"><span class=\"Y2IQFc\" lang=\"lt\">su greito atlaisvinimo funkcija;<\/span><\/li>\n<li class=\"tw-data-text tw-text-large tw-ta\" dir=\"ltr\" tabindex=\"-1\" role=\"text\" data-placeholder=\"Vertimas\" data-ved=\"2ahUKEwj14YXH-ryTAxVMhv0HHYxRH44Q3ewLegQIDBAW\" aria-label=\"I\u0161verstas tekstas: 180\u00b0 reguliuojama pavaros galvut\u0117, kuri\u0105 galima pritaikyti beveik visoms darbo pad\u0117tysms\nchromuota\nsmulkiai dantyta (72 dantys)\nsu greito atlaisvinimo funkcija\nTechniniai duomenys\nBendras svoris 690 g\"><span class=\"Y2IQFc\" lang=\"lt\">Bendras svoris 690 g<\/span><\/li>\n<\/ul>\n<p><img decoding=\"async\" src=\"https:\/\/vigorus.lt\/files\/piktogramos\/25.gif\" \/><img decoding=\"async\" src=\"https:\/\/vigorus.lt\/files\/piktogramos\/39.jpg\" \/><img decoding=\"async\" src=\"https:\/\/vigorus.lt\/files\/piktogramos\/42.jpg\" \/><img decoding=\"async\" src=\"https:\/\/vigorus.lt\/files\/piktogramos\/21.gif\" \/><img decoding=\"async\" src=\"https:\/\/vigorus.lt\/catalog\/logo120819074628.jpg\" alt=\"BGS-technic\" \/><\/p>\n<hr \/>\n<p><em>Preki\u0173 nuotraukos yra iliustracinio pob\u016bd\u017eio.<\/em><\/p>\n<p><em>Nurodytos kainos galioja perkant internetu.<\/em><\/p>\n","protected":false},"excerpt":{"rendered":"<p>Terk\u0161linis raktas \u0161arnyrinis 180\u00b0, smulk\u016bs dantukai, 1\/2 (12,5mm)<\/p>\n","protected":false},"featured_media":18928,"comment_status":"open","ping_status":"closed","template":"","meta":[],"product_brand":[571],"product_cat":[49],"product_tag":[591,2174,666,885,2173],"class_list":{"0":"post-18925","1":"product","2":"type-product","3":"status-publish","4":"has-post-thumbnail","6":"product_brand-bgs-technic-germany","7":"product_cat-terksles-galvutems","8":"product_tag-1-2","9":"product_tag-2174","10":"product_tag-terksle","11":"product_tag-terksle-1-2","12":"product_tag-terksle-vartoma-galvute","14":"first","15":"instock","16":"taxable","17":"shipping-taxable","18":"purchasable","19":"product-type-simple"},"_links":{"self":[{"href":"https:\/\/raktava.lt\/en\/wp-json\/wp\/v2\/product\/18925","targetHints":{"allow":["GET"]}}],"collection":[{"href":"https:\/\/raktava.lt\/en\/wp-json\/wp\/v2\/product"}],"about":[{"href":"https:\/\/raktava.lt\/en\/wp-json\/wp\/v2\/types\/product"}],"replies":[{"embeddable":true,"href":"https:\/\/raktava.lt\/en\/wp-json\/wp\/v2\/comments?post=18925"}],"version-history":[{"count":1,"href":"https:\/\/raktava.lt\/en\/wp-json\/wp\/v2\/product\/18925\/revisions"}],"predecessor-version":[{"id":18938,"href":"https:\/\/raktava.lt\/en\/wp-json\/wp\/v2\/product\/18925\/revisions\/18938"}],"wp:featuredmedia":[{"embeddable":true,"href":"https:\/\/raktava.lt\/en\/wp-json\/wp\/v2\/media\/18928"}],"wp:attachment":[{"href":"https:\/\/raktava.lt\/en\/wp-json\/wp\/v2\/media?parent=18925"}],"wp:term":[{"taxonomy":"product_brand","embeddable":true,"href":"https:\/\/raktava.lt\/en\/wp-json\/wp\/v2\/product_brand?post=18925"},{"taxonomy":"product_cat","embeddable":true,"href":"https:\/\/raktava.lt\/en\/wp-json\/wp\/v2\/product_cat?post=18925"},{"taxonomy":"product_tag","embeddable":true,"href":"https:\/\/raktava.lt\/en\/wp-json\/wp\/v2\/product_tag?post=18925"}],"curies":[{"name":"wp","href":"https:\/\/api.w.org\/{rel}","templated":true}]}}