{"id":18921,"date":"2026-03-26T08:43:31","date_gmt":"2026-03-26T06:43:31","guid":{"rendered":"https:\/\/raktava.lt\/?post_type=product&#038;p=18921"},"modified":"2026-03-26T08:43:31","modified_gmt":"2026-03-26T06:43:31","slug":"lankstus-1-2-rankenos-taisymo-komplektas-nuo-bgs-265","status":"publish","type":"product","link":"https:\/\/raktava.lt\/en\/product\/rankiniai-irankiai\/terksles-rankenos-slankiojancios-jungtys\/vartomos-rankenos-galvutems-rankenos-su-sarnyru\/lankstus-1-2-rankenos-taisymo-komplektas-nuo-bgs-265\/","title":{"rendered":"Lankstus 1\/2 rankenos taisymo komplektas, nuo BGS 265"},"content":{"rendered":"<pre class=\"tw-data-text tw-text-large tw-ta\" dir=\"ltr\" tabindex=\"-1\" role=\"text\" data-placeholder=\"Vertimas\" data-ved=\"2ahUKEwj14YXH-ryTAxVMhv0HHYxRH44Q3ewLegQIDBAW\" aria-label=\"I\u0161verstas tekstas: Galvut\u0117 su i\u0161oriniu kvadratu 12,5 mm (1\/2 colio)\r\nTvirtinimo var\u017etas\r\nU\u017erakinimo rutulys\r\n- U\u017erakinimo spyruokl\u0117\r\nTechniniai duomenys\r\nBendras svoris 60 g\r\nMed\u017eiaga: chromo vanad\u017eio plienas\"><span class=\"Y2IQFc\" lang=\"lt\">Galvut\u0117 su i\u0161oriniu kvadratu 12,5 mm (1\/2 colio)\r\nTvirtinimo var\u017etas\r\nU\u017erakinimo rutulys\r\n- U\u017erakinimo spyruokl\u0117\r\nTechniniai duomenys\r\nBendras svoris 60 g\r\nMed\u017eiaga: chromo vanad\u017eio plienas\r\n<img decoding=\"async\" src=\"https:\/\/vigorus.lt\/files\/piktogramos\/25.gif\" \/><img decoding=\"async\" src=\"https:\/\/vigorus.lt\/files\/piktogramos\/39.jpg\" \/><img decoding=\"async\" src=\"https:\/\/vigorus.lt\/files\/piktogramos\/21.gif\" \/>\r\n<\/span><\/pre>\n<hr \/>\n<p><em>Preki\u0173 nuotraukos yra iliustracinio pob\u016bd\u017eio.<\/em><\/p>\n<p><em>Nurodytos kainos galioja perkant internetu.<\/em><\/p>\n","protected":false},"excerpt":{"rendered":"<p>Lankstus 1\/2 rankenos taisymo komplektas, nuo BGS 265<\/p>\n","protected":false},"featured_media":18922,"comment_status":"open","ping_status":"closed","template":"","meta":[],"product_brand":[571],"product_cat":[53],"product_tag":[591,2172,2170,2171],"class_list":{"0":"post-18921","1":"product","2":"type-product","3":"status-publish","4":"has-post-thumbnail","6":"product_brand-bgs-technic-germany","7":"product_cat-vartomos-rankenos-galvutems-rankenos-su-sarnyru","8":"product_tag-1-2","9":"product_tag-265-repair","10":"product_tag-rankenos-remonto-komplektas","11":"product_tag-remonto-komplektas","13":"first","14":"instock","15":"taxable","16":"shipping-taxable","17":"purchasable","18":"product-type-simple"},"_links":{"self":[{"href":"https:\/\/raktava.lt\/en\/wp-json\/wp\/v2\/product\/18921","targetHints":{"allow":["GET"]}}],"collection":[{"href":"https:\/\/raktava.lt\/en\/wp-json\/wp\/v2\/product"}],"about":[{"href":"https:\/\/raktava.lt\/en\/wp-json\/wp\/v2\/types\/product"}],"replies":[{"embeddable":true,"href":"https:\/\/raktava.lt\/en\/wp-json\/wp\/v2\/comments?post=18921"}],"version-history":[{"count":1,"href":"https:\/\/raktava.lt\/en\/wp-json\/wp\/v2\/product\/18921\/revisions"}],"predecessor-version":[{"id":18924,"href":"https:\/\/raktava.lt\/en\/wp-json\/wp\/v2\/product\/18921\/revisions\/18924"}],"wp:featuredmedia":[{"embeddable":true,"href":"https:\/\/raktava.lt\/en\/wp-json\/wp\/v2\/media\/18922"}],"wp:attachment":[{"href":"https:\/\/raktava.lt\/en\/wp-json\/wp\/v2\/media?parent=18921"}],"wp:term":[{"taxonomy":"product_brand","embeddable":true,"href":"https:\/\/raktava.lt\/en\/wp-json\/wp\/v2\/product_brand?post=18921"},{"taxonomy":"product_cat","embeddable":true,"href":"https:\/\/raktava.lt\/en\/wp-json\/wp\/v2\/product_cat?post=18921"},{"taxonomy":"product_tag","embeddable":true,"href":"https:\/\/raktava.lt\/en\/wp-json\/wp\/v2\/product_tag?post=18921"}],"curies":[{"name":"wp","href":"https:\/\/api.w.org\/{rel}","templated":true}]}}