{"id":18917,"date":"2026-03-25T16:41:56","date_gmt":"2026-03-25T14:41:56","guid":{"rendered":"https:\/\/raktava.lt\/?post_type=product&#038;p=18917"},"modified":"2026-03-25T16:43:22","modified_gmt":"2026-03-25T14:43:22","slug":"terksle-reversine-3-8-72th-lanksti-ovalo-formos-galvute","status":"publish","type":"product","link":"https:\/\/raktava.lt\/en\/product\/rankiniai-irankiai\/terksles-rankenos-slankiojancios-jungtys\/terksles-galvutems\/terksle-reversine-3-8-72th-lanksti-ovalo-formos-galvute\/","title":{"rendered":"Terk\u0161l\u0117 reversin\u0117 3\/8 72th (lanksti ovalo formos galvut\u0117)"},"content":{"rendered":"<p>7 pad\u0117\u010di\u0173 lanksti galvut\u0117 suteikia prieig\u0105 prie sunkiai pasiekiam\u0173 tvirtinimo detali\u0173<br \/>\n72 dant\u0173 terk\u0161l\u0117s konstrukcijai reikia vos 5\u00b0 pos\u016bkio kampo, kad b\u016bt\u0173 galima pasukti tvirtinimo detal\u0119<br \/>\n72 dant\u0173 terk\u0161l\u0117s konstrukcijai reikia vos 5\u00b0 pos\u016bkio kampo, kad b\u016bt\u0173 galima pasukti tvirtinimo detal\u0119<br \/>\n\u012eleid\u017eiama perjungimo svirtis leid\u017eia vartotojui pakeisti krypt\u012f viena ranka, nenuimant terk\u0161l\u0117s<br \/>\nIlga rankena, kad b\u016bt\u0173 lengviau pasiekti ir padidinti svert\u0105<br \/>\nU\u017edara terk\u0161l\u0117s galvut\u0117s konstrukcija apsaugo nuo ne\u0161varum\u0173 \u012fsiskverbimo, kad b\u016bt\u0173 galima nuolat ir efektyviai naudoti<br \/>\nOvalo formos, \u017eemo profilio galvut\u0117 ir \u012fleid\u017eiama \u012fjungimo\/i\u0161jungimo jungiklis leid\u017eia geriau pasiekti ank\u0161tas vietas<br \/>\nDviej\u0173 med\u017eiag\u0173 rankena, kad b\u016bt\u0173 patogiau ir ergonomi\u0161kiau laikyti<br \/>\nRy\u0161ki, visi\u0161kai blizgi chromuota apdaila lengvai valoma ir atspari korozijai<br \/>\nChromo vanad\u017eio legiruotas plienas (Cr-V) u\u017etikrina i\u0161skirtin\u012f tvirtum\u0105 ir ilgaam\u017ei\u0161kum\u0105<\/p>\n<p><img decoding=\"async\" src=\"https:\/\/www.liudoirankiai.com\/images\/uploader\/sa\/108x108\/sata-green-copy-1.jpg\" alt=\"sata-green-copy-1\" \/><\/p>\n<hr \/>\n<p><em>Preki\u0173 nuotraukos yra iliustracinio pob\u016bd\u017eio.<\/em><\/p>\n<p><em>Nurodytos kainos galioja perkant internetu.<\/em><\/p>\n","protected":false},"excerpt":{"rendered":"<p>Terk\u0161l\u0117 reversin\u0117 3\/8<\/p>\n","protected":false},"featured_media":18918,"comment_status":"open","ping_status":"closed","template":"","meta":[],"product_brand":[627],"product_cat":[49],"product_tag":[2169,666,1509,1919,2168],"class_list":{"0":"post-18917","1":"product","2":"type-product","3":"status-publish","4":"has-post-thumbnail","6":"product_brand-sata","7":"product_cat-terksles-galvutems","8":"product_tag-st12971f","9":"product_tag-terksle","10":"product_tag-terksle-3-8","11":"product_tag-terksle-galvutems","12":"product_tag-terksle-reversine","14":"first","15":"instock","16":"taxable","17":"shipping-taxable","18":"purchasable","19":"product-type-simple"},"_links":{"self":[{"href":"https:\/\/raktava.lt\/en\/wp-json\/wp\/v2\/product\/18917","targetHints":{"allow":["GET"]}}],"collection":[{"href":"https:\/\/raktava.lt\/en\/wp-json\/wp\/v2\/product"}],"about":[{"href":"https:\/\/raktava.lt\/en\/wp-json\/wp\/v2\/types\/product"}],"replies":[{"embeddable":true,"href":"https:\/\/raktava.lt\/en\/wp-json\/wp\/v2\/comments?post=18917"}],"version-history":[{"count":1,"href":"https:\/\/raktava.lt\/en\/wp-json\/wp\/v2\/product\/18917\/revisions"}],"predecessor-version":[{"id":18920,"href":"https:\/\/raktava.lt\/en\/wp-json\/wp\/v2\/product\/18917\/revisions\/18920"}],"wp:featuredmedia":[{"embeddable":true,"href":"https:\/\/raktava.lt\/en\/wp-json\/wp\/v2\/media\/18918"}],"wp:attachment":[{"href":"https:\/\/raktava.lt\/en\/wp-json\/wp\/v2\/media?parent=18917"}],"wp:term":[{"taxonomy":"product_brand","embeddable":true,"href":"https:\/\/raktava.lt\/en\/wp-json\/wp\/v2\/product_brand?post=18917"},{"taxonomy":"product_cat","embeddable":true,"href":"https:\/\/raktava.lt\/en\/wp-json\/wp\/v2\/product_cat?post=18917"},{"taxonomy":"product_tag","embeddable":true,"href":"https:\/\/raktava.lt\/en\/wp-json\/wp\/v2\/product_tag?post=18917"}],"curies":[{"name":"wp","href":"https:\/\/api.w.org\/{rel}","templated":true}]}}