{"id":18903,"date":"2026-03-25T16:28:48","date_gmt":"2026-03-25T14:28:48","guid":{"rendered":"https:\/\/raktava.lt\/?post_type=product&#038;p=18903"},"modified":"2026-03-25T16:28:48","modified_gmt":"2026-03-25T14:28:48","slug":"reples-precizines-soninio-kirpimo-110mm","status":"publish","type":"product","link":"https:\/\/raktava.lt\/en\/product\/rankiniai-irankiai\/reples-repliu-komplektai-zirkles-skardai-specializuotos-reples\/reples-universalios-soninio-kirpimo-ir-kt\/reples-precizines-soninio-kirpimo-110mm\/","title":{"rendered":"Repl\u0117s precizin\u0117s, \u0161oninio kirpimo 110mm"},"content":{"rendered":"<p>Prek\u0117s numeris 42301<br \/>\nilgis (mm) 110<br \/>\nProdukto apib\u016bdinimas<br \/>\n110 mm \u0161oniniai pjovimo repl\u0117s &#8220;Vorel 42301&#8221;. Gr\u016bdintas ir grunto \u017eandikaulis. Rankenos apsaugotos patogiais plastikiniais dangteliais. Sukurta tiksliam darbui.<br \/>\nTechnin\u0117s specifikacijos<br \/>\nIndekso numeris 42301<br \/>\nEAN 5906083423017<br \/>\nGamintojas Vorel<br \/>\nvnt vienetas<br \/>\nBendras svoris (kg) 0,0880<br \/>\nMaster Carton MC 120<br \/>\nVidinis langelis IB 12<br \/>\nPAL 2880<br \/>\nDydis [mm] 110<br \/>\nNaudojimas Universal<\/p>\n<p><img decoding=\"async\" src=\"https:\/\/vigorus.lt\/catalog\/logo120627104939_vorel.jpg\" alt=\"VOREL\" \/><img decoding=\"async\" src=\"https:\/\/vigorus.lt\/catalog\/150317105023_110mm.jpg\" \/><\/p>\n","protected":false},"excerpt":{"rendered":"<p>Repl\u0117s precizin\u0117s, \u0161oninio kirpimo 110mm<\/p>\n","protected":false},"featured_media":18906,"comment_status":"open","ping_status":"closed","template":"","meta":[],"product_brand":[621],"product_cat":[185],"product_tag":[2166,2165,1254],"class_list":{"0":"post-18903","1":"product","2":"type-product","3":"status-publish","4":"has-post-thumbnail","6":"product_brand-vorel","7":"product_cat-reples-universalios-soninio-kirpimo-ir-kt","8":"product_tag-2166","9":"product_tag-reples-precizines","10":"product_tag-reples-soninio-kirpimo","12":"first","13":"instock","14":"taxable","15":"shipping-taxable","16":"purchasable","17":"product-type-simple"},"_links":{"self":[{"href":"https:\/\/raktava.lt\/en\/wp-json\/wp\/v2\/product\/18903","targetHints":{"allow":["GET"]}}],"collection":[{"href":"https:\/\/raktava.lt\/en\/wp-json\/wp\/v2\/product"}],"about":[{"href":"https:\/\/raktava.lt\/en\/wp-json\/wp\/v2\/types\/product"}],"replies":[{"embeddable":true,"href":"https:\/\/raktava.lt\/en\/wp-json\/wp\/v2\/comments?post=18903"}],"version-history":[{"count":1,"href":"https:\/\/raktava.lt\/en\/wp-json\/wp\/v2\/product\/18903\/revisions"}],"predecessor-version":[{"id":18910,"href":"https:\/\/raktava.lt\/en\/wp-json\/wp\/v2\/product\/18903\/revisions\/18910"}],"wp:featuredmedia":[{"embeddable":true,"href":"https:\/\/raktava.lt\/en\/wp-json\/wp\/v2\/media\/18906"}],"wp:attachment":[{"href":"https:\/\/raktava.lt\/en\/wp-json\/wp\/v2\/media?parent=18903"}],"wp:term":[{"taxonomy":"product_brand","embeddable":true,"href":"https:\/\/raktava.lt\/en\/wp-json\/wp\/v2\/product_brand?post=18903"},{"taxonomy":"product_cat","embeddable":true,"href":"https:\/\/raktava.lt\/en\/wp-json\/wp\/v2\/product_cat?post=18903"},{"taxonomy":"product_tag","embeddable":true,"href":"https:\/\/raktava.lt\/en\/wp-json\/wp\/v2\/product_tag?post=18903"}],"curies":[{"name":"wp","href":"https:\/\/api.w.org\/{rel}","templated":true}]}}