{"id":18899,"date":"2026-03-25T16:23:46","date_gmt":"2026-03-25T14:23:46","guid":{"rendered":"https:\/\/raktava.lt\/?post_type=product&#038;p=18899"},"modified":"2026-03-25T16:23:47","modified_gmt":"2026-03-25T14:23:47","slug":"prailgintu-repliu-komplektas-su-deklu-3vnt","status":"publish","type":"product","link":"https:\/\/raktava.lt\/en\/product\/rankiniai-irankiai\/reples-repliu-komplektai-zirkles-skardai-specializuotos-reples\/reples-prailgintos\/prailgintu-repliu-komplektas-su-deklu-3vnt\/","title":{"rendered":"Prailgint\u0173 repli\u0173 komplektas su d\u0117klu 3vnt."},"content":{"rendered":"<p><strong>Komplekte:<\/strong><br \/>\nC1177 &#8211; tiesios &#8211; 280 mm ilgio<br \/>\nC1181 &#8211; lenktos\u00a045\u00b0 &#8211; 275 mm ilgio<br \/>\nC1182 &#8211; lenktos\u00a090\u00b0 &#8211; 260 mm ilgio<\/p>\n<p>&nbsp;<\/p>\n","protected":false},"excerpt":{"rendered":"<p>Prailgint\u0173 repli\u0173 komplektas su d\u0117klu 3vnt.<\/p>\n","protected":false},"featured_media":18900,"comment_status":"open","ping_status":"closed","template":"","meta":[],"product_brand":[589],"product_cat":[189],"product_tag":[2164,623,836],"class_list":{"0":"post-18899","1":"product","2":"type-product","3":"status-publish","4":"has-post-thumbnail","6":"product_brand-condor-werkzeug-vokietija","7":"product_cat-reples-prailgintos","8":"product_tag-c1183","9":"product_tag-reples","10":"product_tag-reples-prailgintos","12":"first","13":"instock","14":"taxable","15":"shipping-taxable","16":"purchasable","17":"product-type-simple"},"_links":{"self":[{"href":"https:\/\/raktava.lt\/en\/wp-json\/wp\/v2\/product\/18899","targetHints":{"allow":["GET"]}}],"collection":[{"href":"https:\/\/raktava.lt\/en\/wp-json\/wp\/v2\/product"}],"about":[{"href":"https:\/\/raktava.lt\/en\/wp-json\/wp\/v2\/types\/product"}],"replies":[{"embeddable":true,"href":"https:\/\/raktava.lt\/en\/wp-json\/wp\/v2\/comments?post=18899"}],"version-history":[{"count":1,"href":"https:\/\/raktava.lt\/en\/wp-json\/wp\/v2\/product\/18899\/revisions"}],"predecessor-version":[{"id":18902,"href":"https:\/\/raktava.lt\/en\/wp-json\/wp\/v2\/product\/18899\/revisions\/18902"}],"wp:featuredmedia":[{"embeddable":true,"href":"https:\/\/raktava.lt\/en\/wp-json\/wp\/v2\/media\/18900"}],"wp:attachment":[{"href":"https:\/\/raktava.lt\/en\/wp-json\/wp\/v2\/media?parent=18899"}],"wp:term":[{"taxonomy":"product_brand","embeddable":true,"href":"https:\/\/raktava.lt\/en\/wp-json\/wp\/v2\/product_brand?post=18899"},{"taxonomy":"product_cat","embeddable":true,"href":"https:\/\/raktava.lt\/en\/wp-json\/wp\/v2\/product_cat?post=18899"},{"taxonomy":"product_tag","embeddable":true,"href":"https:\/\/raktava.lt\/en\/wp-json\/wp\/v2\/product_tag?post=18899"}],"curies":[{"name":"wp","href":"https:\/\/api.w.org\/{rel}","templated":true}]}}