{"id":18886,"date":"2026-03-25T16:19:59","date_gmt":"2026-03-25T14:19:59","guid":{"rendered":"https:\/\/raktava.lt\/?post_type=product&#038;p=18886"},"modified":"2026-04-02T16:34:12","modified_gmt":"2026-04-02T13:34:12","slug":"reples-tiesios-ilgos-280mm","status":"publish","type":"product","link":"https:\/\/raktava.lt\/en\/product\/rankiniai-irankiai\/reples-repliu-komplektai-zirkles-skardai-specializuotos-reples\/reples-prailgintos\/reples-tiesios-ilgos-280mm\/","title":{"rendered":"Repl\u0117s tiesios ilgos 280mm"},"content":{"rendered":"<pre id=\"tw-target-text\" class=\"tw-data-text tw-text-large tw-ta\" dir=\"ltr\" tabindex=\"-1\" role=\"text\" data-placeholder=\"Vertimas\" data-ved=\"2ahUKEwia2L3a87qTAxUEB9sEHSxsIgUQ3ewLegQIDBAX\" aria-label=\"I\u0161verstas tekstas: Su\u0117mimo, reguliavimo ir surinkimo darbams sunkiai pasiekiamose vietose\r\n\u017demai esan\u010dius ruo\u0161inius optimaliai galima pasiekti plonais, plok\u0161\u010diais, apvaliais su\u0117mimo antgaliais\r\nUniversalus pritaikymas\r\nTiesios su\u0117mimo \u012fvor\u0117s\r\nSaugus valdymas d\u0117l repli\u0173 antgali\u0173 su dantytu vidiniu profiliu\r\nYpa\u010d ilgos \u017enypli\u0173 kojel\u0117s\r\nNeslystan\u010dios, panardinamuoju b\u016bdu izoliuotos rankenos\r\nTechniniai duomenys\r\nMed\u017eiaga: anglinis plienas\r\nIlgis: 280 mm\r\nBendras svoris: 294 g\"><span class=\"Y2IQFc\" lang=\"lt\">Su\u0117mimo, reguliavimo ir surinkimo darbams sunkiai pasiekiamose vietose\r\n\u017demai esan\u010dius ruo\u0161inius optimaliai galima pasiekti plonais, plok\u0161\u010diais, apvaliais su\u0117mimo antgaliais\r\nUniversalus pritaikymas\r\nTiesios su\u0117mimo \u012fvor\u0117s\r\nSaugus valdymas d\u0117l repli\u0173 antgali\u0173 su dantytu vidiniu profiliu\r\nYpa\u010d ilgos \u017enypli\u0173 kojel\u0117s\r\nNeslystan\u010dios, panardinamuoju b\u016bdu izoliuotos rankenos\r\nTechniniai duomenys\r\nMed\u017eiaga: anglinis plienas\r\nIlgis: 280 mm\r\nBendras svoris: 294 g\r\n\r\n<img decoding=\"async\" src=\"https:\/\/vigorus.lt\/files\/piktogramos\/25.gif\" \/><img decoding=\"async\" src=\"https:\/\/vigorus.lt\/files\/piktogramos\/21.gif\" \/><\/span><\/pre>\n","protected":false},"excerpt":{"rendered":"<p>Repl\u0117s tiesios ilgos 280mm<\/p>\n","protected":false},"featured_media":18895,"comment_status":"open","ping_status":"closed","template":"","meta":[],"product_brand":[571],"product_cat":[189],"product_tag":[2163,623,836],"class_list":{"0":"post-18886","1":"product","2":"type-product","3":"status-publish","4":"has-post-thumbnail","6":"product_brand-bgs-technic-germany","7":"product_cat-reples-prailgintos","8":"product_tag-2163","9":"product_tag-reples","10":"product_tag-reples-prailgintos","12":"first","13":"instock","14":"taxable","15":"shipping-taxable","16":"purchasable","17":"product-type-simple"},"_links":{"self":[{"href":"https:\/\/raktava.lt\/en\/wp-json\/wp\/v2\/product\/18886","targetHints":{"allow":["GET"]}}],"collection":[{"href":"https:\/\/raktava.lt\/en\/wp-json\/wp\/v2\/product"}],"about":[{"href":"https:\/\/raktava.lt\/en\/wp-json\/wp\/v2\/types\/product"}],"replies":[{"embeddable":true,"href":"https:\/\/raktava.lt\/en\/wp-json\/wp\/v2\/comments?post=18886"}],"version-history":[{"count":3,"href":"https:\/\/raktava.lt\/en\/wp-json\/wp\/v2\/product\/18886\/revisions"}],"predecessor-version":[{"id":19282,"href":"https:\/\/raktava.lt\/en\/wp-json\/wp\/v2\/product\/18886\/revisions\/19282"}],"wp:featuredmedia":[{"embeddable":true,"href":"https:\/\/raktava.lt\/en\/wp-json\/wp\/v2\/media\/18895"}],"wp:attachment":[{"href":"https:\/\/raktava.lt\/en\/wp-json\/wp\/v2\/media?parent=18886"}],"wp:term":[{"taxonomy":"product_brand","embeddable":true,"href":"https:\/\/raktava.lt\/en\/wp-json\/wp\/v2\/product_brand?post=18886"},{"taxonomy":"product_cat","embeddable":true,"href":"https:\/\/raktava.lt\/en\/wp-json\/wp\/v2\/product_cat?post=18886"},{"taxonomy":"product_tag","embeddable":true,"href":"https:\/\/raktava.lt\/en\/wp-json\/wp\/v2\/product_tag?post=18886"}],"curies":[{"name":"wp","href":"https:\/\/api.w.org\/{rel}","templated":true}]}}