{"id":18878,"date":"2026-03-25T15:47:11","date_gmt":"2026-03-25T13:47:11","guid":{"rendered":"https:\/\/raktava.lt\/?post_type=product&#038;p=18878"},"modified":"2026-03-25T15:53:56","modified_gmt":"2026-03-25T13:53:56","slug":"zarnu-uzspaudejas-o-15-mm","status":"publish","type":"product","link":"https:\/\/raktava.lt\/en\/product\/automative-service-tools\/engine-repair-tools\/hose-crimping-tools\/zarnu-uzspaudejas-o-15-mm\/","title":{"rendered":"\u017darn\u0173 u\u017espaud\u0117jas \u00d8 15 mm"},"content":{"rendered":"<pre id=\"tw-target-text\" class=\"tw-data-text tw-text-large tw-ta\" dir=\"ltr\" tabindex=\"-1\" role=\"text\" data-placeholder=\"Vertimas\" data-ved=\"2ahUKEwia2L3a87qTAxUEB9sEHSxsIgUQ3ewLegQIDBAX\" aria-label=\"I\u0161verstas tekstas: kuro linij\u0173 ir kit\u0173 plastikini\u0173 \u017earn\u0173 tvirtinimui\r\nsu pasukamu metaliniu r\u0117mu\r\nTechniniai duomenys\r\nBendras svoris 50 g\"><span class=\"Y2IQFc\" lang=\"lt\">Kuro linij\u0173 ir kit\u0173 plastikini\u0173 \u017earn\u0173 tvirtinimui\r\nSu pasukamu metaliniu r\u0117mu\r\nTechniniai duomenys\r\nBendras svoris 50 g\r\n\r\n<img decoding=\"async\" src=\"https:\/\/vigorus.lt\/files\/piktogramos\/25.gif\" \/><img decoding=\"async\" src=\"https:\/\/vigorus.lt\/files\/piktogramos\/21.gif\" \/>\r\n<\/span><\/pre>\n","protected":false},"excerpt":{"rendered":"<p>\u017darn\u0173 u\u017espaud\u0117jas \u00d8 15 mm<\/p>\n","protected":false},"featured_media":18879,"comment_status":"open","ping_status":"closed","template":"","meta":[],"product_brand":[571],"product_cat":[108],"product_tag":[2161,2160],"class_list":{"0":"post-18878","1":"product","2":"type-product","3":"status-publish","4":"has-post-thumbnail","6":"product_brand-bgs-technic-germany","7":"product_cat-zarnu-uzspaudimo-irankiai","8":"product_tag-2161","9":"product_tag-zarnu-uzspaudejas","11":"first","12":"instock","13":"taxable","14":"shipping-taxable","15":"purchasable","16":"product-type-simple"},"_links":{"self":[{"href":"https:\/\/raktava.lt\/en\/wp-json\/wp\/v2\/product\/18878","targetHints":{"allow":["GET"]}}],"collection":[{"href":"https:\/\/raktava.lt\/en\/wp-json\/wp\/v2\/product"}],"about":[{"href":"https:\/\/raktava.lt\/en\/wp-json\/wp\/v2\/types\/product"}],"replies":[{"embeddable":true,"href":"https:\/\/raktava.lt\/en\/wp-json\/wp\/v2\/comments?post=18878"}],"version-history":[{"count":1,"href":"https:\/\/raktava.lt\/en\/wp-json\/wp\/v2\/product\/18878\/revisions"}],"predecessor-version":[{"id":18885,"href":"https:\/\/raktava.lt\/en\/wp-json\/wp\/v2\/product\/18878\/revisions\/18885"}],"wp:featuredmedia":[{"embeddable":true,"href":"https:\/\/raktava.lt\/en\/wp-json\/wp\/v2\/media\/18879"}],"wp:attachment":[{"href":"https:\/\/raktava.lt\/en\/wp-json\/wp\/v2\/media?parent=18878"}],"wp:term":[{"taxonomy":"product_brand","embeddable":true,"href":"https:\/\/raktava.lt\/en\/wp-json\/wp\/v2\/product_brand?post=18878"},{"taxonomy":"product_cat","embeddable":true,"href":"https:\/\/raktava.lt\/en\/wp-json\/wp\/v2\/product_cat?post=18878"},{"taxonomy":"product_tag","embeddable":true,"href":"https:\/\/raktava.lt\/en\/wp-json\/wp\/v2\/product_tag?post=18878"}],"curies":[{"name":"wp","href":"https:\/\/api.w.org\/{rel}","templated":true}]}}