{"id":18866,"date":"2026-03-25T15:38:37","date_gmt":"2026-03-25T13:38:37","guid":{"rendered":"https:\/\/raktava.lt\/?post_type=product&#038;p=18866"},"modified":"2026-03-25T15:54:19","modified_gmt":"2026-03-25T13:54:19","slug":"zarnu-uzspaudimo-reples-155-255mm","status":"publish","type":"product","link":"https:\/\/raktava.lt\/en\/product\/automative-service-tools\/engine-repair-tools\/hose-crimping-tools\/zarnu-uzspaudimo-reples-155-255mm\/","title":{"rendered":"\u017darn\u0173 u\u017espaudimo repl\u0117s 155-255mm"},"content":{"rendered":"<pre id=\"tw-target-text\" class=\"tw-data-text tw-text-large tw-ta\" dir=\"ltr\" tabindex=\"-1\" role=\"text\" data-placeholder=\"Vertimas\" data-ved=\"2ahUKEwia2L3a87qTAxUEB9sEHSxsIgUQ3ewLegQIDBAX\" aria-label=\"I\u0161verstas tekstas: lengvam lanks\u010dios \u017earnos u\u017espaudimui\r\nreguliuojamas fiksavimo \u017eiedas su fiksavimo funkcija, skirtas visi\u0161kai sustabdyti sraut\u0105\r\n\u017earna pla\u010diai prispaud\u017eiama prie stabilaus pavir\u0161iaus, taip i\u0161vengiant \u017earnos pa\u017eeidim\u0173\r\nidealiai tinka benzino, alyvos, vandens ir antifrizo technin\u0117s prie\u017ei\u016bros darbams\r\napsaugo nuo benzino, alyvos, vandens ir antifrizo nuot\u0117kio\r\nidealiai tinka automobiliams, mikroautobusams, minivenams, komercin\u0117ms transporto priemon\u0117ms, traktoriams, \u017eem\u0117s \u016bkio, statybos ir pramon\u0117s reikm\u0117ms\r\natsparumas temperat\u016brai iki 160 \u00b0C\r\nmed\u017eiaga: specialus plastikas\r\nTiekimo apimtis:\r\n\r\n\u017earnos spaustuko repl\u0117s, 155 mm, tinkamos 3\u201315 mm skersmens \u017earnai\r\n\u017earnos spaustuko repl\u0117s, 185 mm, tinkamos 6\u201320 mm skersmens \u017earnai\r\n\u017earnos spaustuko repl\u0117s, 255 mm, tinkamos 8\u201345 mm skersmens \u017earnai\r\nTechniniai duomenys\r\npakuot\u0117 tinkama kabinti ant sienos Taip\r\nbendras svoris 310 g\"><span class=\"Y2IQFc\" lang=\"lt\">Lengvam lanks\u010dios \u017earnos u\u017espaudimui, reguliuojamas fiksavimo \u017eiedas su fiksavimo funkcija, skirtas visi\u0161kai sustabdyti sraut\u0105\r\n\u017earna pla\u010diai prispaud\u017eiama prie stabilaus pavir\u0161iaus, taip i\u0161vengiant \u017earnos pa\u017eeidim\u0173. Idealiai tinka benzino, alyvos, vandens ir antifrizo technin\u0117s prie\u017ei\u016bros darbams, apsaugo nuo benzino, alyvos, vandens ir antifrizo nuot\u0117kio.\r\nIdealiai tinka automobiliams, mikroautobusams, minivenams, komercin\u0117ms transporto priemon\u0117ms, traktoriams, \u017eem\u0117s \u016bkio, statybos ir pramon\u0117s reikm\u0117ms\r\nAtsparumas temperat\u016brai iki 160 \u00b0C\r\nMed\u017eiaga: specialus plastikas\r\n\r\n\u017darnos spaustuko repl\u0117s, 155 mm, tinkamos 3\u201315 mm skersmens \u017earnai\r\n\u017darnos spaustuko repl\u0117s, 185 mm, tinkamos 6\u201320 mm skersmens \u017earnai\r\n\u017darnos spaustuko repl\u0117s, 255 mm, tinkamos 8\u201345 mm skersmens \u017earnai\r\nTechniniai duomenys\r\npakuot\u0117 tinkama kabinti ant sienos Taip\r\nbendras svoris 310 g\r\n\r\n<img decoding=\"async\" src=\"https:\/\/vigorus.lt\/files\/piktogramos\/25.gif\" \/><img decoding=\"async\" src=\"https:\/\/vigorus.lt\/files\/piktogramos\/21.gif\" \/>\r\n<\/span><\/pre>\n","protected":false},"excerpt":{"rendered":"<p>\u017darn\u0173 u\u017espaudimo repl\u0117s 155-255mm<\/p>\n","protected":false},"featured_media":18867,"comment_status":"open","ping_status":"closed","template":"","meta":[],"product_brand":[571],"product_cat":[108],"product_tag":[2159,2158],"class_list":{"0":"post-18866","1":"product","2":"type-product","3":"status-publish","4":"has-post-thumbnail","6":"product_brand-bgs-technic-germany","7":"product_cat-zarnu-uzspaudimo-irankiai","8":"product_tag-2159","9":"product_tag-zarnu-uzspaudimo-reples","11":"first","12":"instock","13":"taxable","14":"shipping-taxable","15":"purchasable","16":"product-type-simple"},"_links":{"self":[{"href":"https:\/\/raktava.lt\/en\/wp-json\/wp\/v2\/product\/18866","targetHints":{"allow":["GET"]}}],"collection":[{"href":"https:\/\/raktava.lt\/en\/wp-json\/wp\/v2\/product"}],"about":[{"href":"https:\/\/raktava.lt\/en\/wp-json\/wp\/v2\/types\/product"}],"replies":[{"embeddable":true,"href":"https:\/\/raktava.lt\/en\/wp-json\/wp\/v2\/comments?post=18866"}],"version-history":[{"count":1,"href":"https:\/\/raktava.lt\/en\/wp-json\/wp\/v2\/product\/18866\/revisions"}],"predecessor-version":[{"id":18877,"href":"https:\/\/raktava.lt\/en\/wp-json\/wp\/v2\/product\/18866\/revisions\/18877"}],"wp:featuredmedia":[{"embeddable":true,"href":"https:\/\/raktava.lt\/en\/wp-json\/wp\/v2\/media\/18867"}],"wp:attachment":[{"href":"https:\/\/raktava.lt\/en\/wp-json\/wp\/v2\/media?parent=18866"}],"wp:term":[{"taxonomy":"product_brand","embeddable":true,"href":"https:\/\/raktava.lt\/en\/wp-json\/wp\/v2\/product_brand?post=18866"},{"taxonomy":"product_cat","embeddable":true,"href":"https:\/\/raktava.lt\/en\/wp-json\/wp\/v2\/product_cat?post=18866"},{"taxonomy":"product_tag","embeddable":true,"href":"https:\/\/raktava.lt\/en\/wp-json\/wp\/v2\/product_tag?post=18866"}],"curies":[{"name":"wp","href":"https:\/\/api.w.org\/{rel}","templated":true}]}}