{"id":18864,"date":"2026-03-25T15:22:13","date_gmt":"2026-03-25T13:22:13","guid":{"rendered":"https:\/\/raktava.lt\/?post_type=product&#038;p=18864"},"modified":"2026-03-25T15:22:14","modified_gmt":"2026-03-25T13:22:14","slug":"reples-isoriniams-ziedams-pleciancios-lenktos-225mm","status":"publish","type":"product","link":"https:\/\/raktava.lt\/en\/product\/rankiniai-irankiai\/reples-repliu-komplektai-zirkles-skardai-specializuotos-reples\/reples-ziedams\/reples-isoriniams-ziedams-pleciancios-lenktos-225mm\/","title":{"rendered":"Repl\u0117s i\u0161oriniams \u017eiedams ple\u010dian\u010dios, lenktos 225mm"},"content":{"rendered":"<p>Med\u017eiaga CrV plienas<br \/>\nPV rankenos<\/p>\n<p><img decoding=\"async\" src=\"https:\/\/www.liudoirankiai.com\/images\/uploader\/ch\/108x108\/changlu-2-1.jpg\" alt=\"changlu-2-1\" \/><\/p>\n","protected":false},"excerpt":{"rendered":"<p>Repl\u0117s i\u0161oriniams \u017eiedams ple\u010dian\u010dios, lenktos 225mm<\/p>\n","protected":false},"featured_media":16435,"comment_status":"open","ping_status":"closed","template":"","meta":[],"product_brand":[626],"product_cat":[126],"product_tag":[2157,623,2125,974,2156,2155],"class_list":{"0":"post-18864","1":"product","2":"type-product","3":"status-publish","4":"has-post-thumbnail","6":"product_brand-changlu","7":"product_cat-reples-ziedams","8":"product_tag-cl602809","9":"product_tag-reples","10":"product_tag-reples-fiksavimo-ziedams","11":"product_tag-reples-lenktos","12":"product_tag-reples-pleciancios","13":"product_tag-reples-ziedams-lenktos","15":"first","16":"instock","17":"taxable","18":"shipping-taxable","19":"purchasable","20":"product-type-simple"},"_links":{"self":[{"href":"https:\/\/raktava.lt\/en\/wp-json\/wp\/v2\/product\/18864","targetHints":{"allow":["GET"]}}],"collection":[{"href":"https:\/\/raktava.lt\/en\/wp-json\/wp\/v2\/product"}],"about":[{"href":"https:\/\/raktava.lt\/en\/wp-json\/wp\/v2\/types\/product"}],"replies":[{"embeddable":true,"href":"https:\/\/raktava.lt\/en\/wp-json\/wp\/v2\/comments?post=18864"}],"version-history":[{"count":1,"href":"https:\/\/raktava.lt\/en\/wp-json\/wp\/v2\/product\/18864\/revisions"}],"predecessor-version":[{"id":18865,"href":"https:\/\/raktava.lt\/en\/wp-json\/wp\/v2\/product\/18864\/revisions\/18865"}],"wp:featuredmedia":[{"embeddable":true,"href":"https:\/\/raktava.lt\/en\/wp-json\/wp\/v2\/media\/16435"}],"wp:attachment":[{"href":"https:\/\/raktava.lt\/en\/wp-json\/wp\/v2\/media?parent=18864"}],"wp:term":[{"taxonomy":"product_brand","embeddable":true,"href":"https:\/\/raktava.lt\/en\/wp-json\/wp\/v2\/product_brand?post=18864"},{"taxonomy":"product_cat","embeddable":true,"href":"https:\/\/raktava.lt\/en\/wp-json\/wp\/v2\/product_cat?post=18864"},{"taxonomy":"product_tag","embeddable":true,"href":"https:\/\/raktava.lt\/en\/wp-json\/wp\/v2\/product_tag?post=18864"}],"curies":[{"name":"wp","href":"https:\/\/api.w.org\/{rel}","templated":true}]}}