{"id":18850,"date":"2026-03-25T14:27:40","date_gmt":"2026-03-25T12:27:40","guid":{"rendered":"https:\/\/raktava.lt\/?post_type=product&#038;p=18850"},"modified":"2026-03-25T14:27:41","modified_gmt":"2026-03-25T12:27:41","slug":"reples-isoriniams-ziedams-pleciancios-175mm","status":"publish","type":"product","link":"https:\/\/raktava.lt\/en\/product\/rankiniai-irankiai\/reples-repliu-komplektai-zirkles-skardai-specializuotos-reples\/reples-ziedams\/reples-isoriniams-ziedams-pleciancios-175mm\/","title":{"rendered":"Repl\u0117s i\u0161oriniams \u017eiedams, ple\u010dian\u010dios, 175mm"},"content":{"rendered":"<p>Med\u017eiaga CrV plienas<br \/>\nPV rankenos<\/p>\n<p><img decoding=\"async\" src=\"https:\/\/www.liudoirankiai.com\/images\/uploader\/ch\/108x108\/changlu-2-1.jpg\" alt=\"changlu-2-1\" \/><\/p>\n","protected":false},"excerpt":{"rendered":"<p>Repl\u0117s i\u0161oriniams \u017eiedams, ple\u010dian\u010dios, 175mm<\/p>\n","protected":false},"featured_media":18851,"comment_status":"open","ping_status":"closed","template":"","meta":[],"product_brand":[626],"product_cat":[126],"product_tag":[2151,2149,2150],"class_list":{"0":"post-18850","1":"product","2":"type-product","3":"status-publish","4":"has-post-thumbnail","6":"product_brand-changlu","7":"product_cat-reples-ziedams","8":"product_tag-cl602707","9":"product_tag-reples-isoriniams-ziedams","10":"product_tag-reples-skeciancios","12":"first","13":"instock","14":"taxable","15":"shipping-taxable","16":"purchasable","17":"product-type-simple"},"_links":{"self":[{"href":"https:\/\/raktava.lt\/en\/wp-json\/wp\/v2\/product\/18850","targetHints":{"allow":["GET"]}}],"collection":[{"href":"https:\/\/raktava.lt\/en\/wp-json\/wp\/v2\/product"}],"about":[{"href":"https:\/\/raktava.lt\/en\/wp-json\/wp\/v2\/types\/product"}],"replies":[{"embeddable":true,"href":"https:\/\/raktava.lt\/en\/wp-json\/wp\/v2\/comments?post=18850"}],"version-history":[{"count":1,"href":"https:\/\/raktava.lt\/en\/wp-json\/wp\/v2\/product\/18850\/revisions"}],"predecessor-version":[{"id":18861,"href":"https:\/\/raktava.lt\/en\/wp-json\/wp\/v2\/product\/18850\/revisions\/18861"}],"wp:featuredmedia":[{"embeddable":true,"href":"https:\/\/raktava.lt\/en\/wp-json\/wp\/v2\/media\/18851"}],"wp:attachment":[{"href":"https:\/\/raktava.lt\/en\/wp-json\/wp\/v2\/media?parent=18850"}],"wp:term":[{"taxonomy":"product_brand","embeddable":true,"href":"https:\/\/raktava.lt\/en\/wp-json\/wp\/v2\/product_brand?post=18850"},{"taxonomy":"product_cat","embeddable":true,"href":"https:\/\/raktava.lt\/en\/wp-json\/wp\/v2\/product_cat?post=18850"},{"taxonomy":"product_tag","embeddable":true,"href":"https:\/\/raktava.lt\/en\/wp-json\/wp\/v2\/product_tag?post=18850"}],"curies":[{"name":"wp","href":"https:\/\/api.w.org\/{rel}","templated":true}]}}