{"id":18840,"date":"2026-03-25T13:50:09","date_gmt":"2026-03-25T11:50:09","guid":{"rendered":"https:\/\/raktava.lt\/?post_type=product&#038;p=18840"},"modified":"2026-04-03T09:15:40","modified_gmt":"2026-04-03T06:15:40","slug":"reples-pusasiu-gumu-savarzoms-4","status":"publish","type":"product","link":"https:\/\/raktava.lt\/en\/product\/rankiniai-irankiai\/reples-repliu-komplektai-zirkles-skardai-specializuotos-reples\/specializuotos-reples\/reples-pusasiu-gumu-savarzoms-4\/","title":{"rendered":"Repl\u0117s pusa\u0161i\u0173 gum\u0173 s\u0105var\u017eoms"},"content":{"rendered":"<pre id=\"tw-target-text\" class=\"tw-data-text tw-text-large tw-ta\" dir=\"ltr\" tabindex=\"-1\" role=\"text\" data-placeholder=\"Vertimas\" data-ved=\"2ahUKEwia2L3a87qTAxUEB9sEHSxsIgUQ3ewLegQIDBAX\" aria-label=\"I\u0161verstas tekstas: Storis (mm) 5 mm\r\nVar\u017eto dydis 1 \/ 2 &quot;\r\nIlgis (mm) 235\r\nSvoris (g) 675\r\nAudi, Bmw, Chrysler, Ford, GM, Honda, Mazda, Mercedes, Nissan, Opel, VW ir kt.\r\n\r\nTechniniai duomenys\r\nIndekso numeris YT-0606\r\nEAN 5906083906060\r\nPrek\u0117s \u017eenklas Yato\r\nVietinis kiekis\r\nBendras svoris (kg) 0,6250\r\nPagrindin\u0117 d\u0117\u017eut\u0117 MC 36\r\nVidin\u0117 d\u0117\u017e\u0117 IB 6\r\nPal 720\r\nDydis [mm] 235x5\"><span class=\"Y2IQFc\" lang=\"lt\">Storis (mm) 5 mm\r\nVar\u017eto dydis 1\/2 \"\r\nIlgis (mm) 235\r\nSvoris (g) 675\r\nAudi, Bmw, Chrysler, Ford, GM, Honda, Mazda, Mercedes, Nissan, Opel, VW ir kt.\r\n\r\nTechniniai duomenys\r\nIndekso numeris YT-0606\r\nEAN 5906083906060\r\nPrek\u0117s \u017eenklas Yato\r\nBendras svoris (kg) 0,6250\r\nPagrindin\u0117 d\u0117\u017eut\u0117 MC 36\r\nDydis [mm] 235x5\r\n\r\n<img decoding=\"async\" src=\"https:\/\/vigorus.lt\/catalog\/logo120627105013_yato.jpg\" alt=\"YATO\" \/>\r\n<\/span><\/pre>\n","protected":false},"excerpt":{"rendered":"<p>Repl\u0117s pusa\u0161i\u0173 gum\u0173 s\u0105var\u017eoms<\/p>\n","protected":false},"featured_media":18842,"comment_status":"open","ping_status":"closed","template":"","meta":[],"product_brand":[563],"product_cat":[183],"product_tag":[2147,2148],"class_list":{"0":"post-18840","1":"product","2":"type-product","3":"status-publish","4":"has-post-thumbnail","6":"product_brand-yato","7":"product_cat-specializuotos-reples","8":"product_tag-reples-pusasiu-gumu-savarzoms","9":"product_tag-yt-0606","11":"first","12":"outofstock","13":"taxable","14":"shipping-taxable","15":"purchasable","16":"product-type-simple"},"_links":{"self":[{"href":"https:\/\/raktava.lt\/en\/wp-json\/wp\/v2\/product\/18840","targetHints":{"allow":["GET"]}}],"collection":[{"href":"https:\/\/raktava.lt\/en\/wp-json\/wp\/v2\/product"}],"about":[{"href":"https:\/\/raktava.lt\/en\/wp-json\/wp\/v2\/types\/product"}],"replies":[{"embeddable":true,"href":"https:\/\/raktava.lt\/en\/wp-json\/wp\/v2\/comments?post=18840"}],"version-history":[{"count":2,"href":"https:\/\/raktava.lt\/en\/wp-json\/wp\/v2\/product\/18840\/revisions"}],"predecessor-version":[{"id":18849,"href":"https:\/\/raktava.lt\/en\/wp-json\/wp\/v2\/product\/18840\/revisions\/18849"}],"wp:featuredmedia":[{"embeddable":true,"href":"https:\/\/raktava.lt\/en\/wp-json\/wp\/v2\/media\/18842"}],"wp:attachment":[{"href":"https:\/\/raktava.lt\/en\/wp-json\/wp\/v2\/media?parent=18840"}],"wp:term":[{"taxonomy":"product_brand","embeddable":true,"href":"https:\/\/raktava.lt\/en\/wp-json\/wp\/v2\/product_brand?post=18840"},{"taxonomy":"product_cat","embeddable":true,"href":"https:\/\/raktava.lt\/en\/wp-json\/wp\/v2\/product_cat?post=18840"},{"taxonomy":"product_tag","embeddable":true,"href":"https:\/\/raktava.lt\/en\/wp-json\/wp\/v2\/product_tag?post=18840"}],"curies":[{"name":"wp","href":"https:\/\/api.w.org\/{rel}","templated":true}]}}