{"id":18804,"date":"2026-03-25T13:12:16","date_gmt":"2026-03-25T11:12:16","guid":{"rendered":"https:\/\/raktava.lt\/?post_type=product&#038;p=18804"},"modified":"2026-03-25T13:22:15","modified_gmt":"2026-03-25T11:22:15","slug":"smuginiai-antgaliai-1-2-torx-t30-t80","status":"publish","type":"product","link":"https:\/\/raktava.lt\/en\/product\/rankiniai-irankiai\/antgaliai-antgaliu-komplektai-ipresuoti-antgaliai\/antgaliu-rinkiniai\/smuginiai-antgaliai-1-2-torx-t30-t80\/","title":{"rendered":"Sm\u016bginiai antgaliai 1\/2 TORX T30-T80"},"content":{"rendered":"<pre id=\"tw-target-text\" class=\"tw-data-text tw-text-large tw-ta\" dir=\"ltr\" tabindex=\"-1\" role=\"text\" data-placeholder=\"Vertimas\" data-ved=\"2ahUKEwia2L3a87qTAxUEB9sEHSxsIgUQ3ewLegQIDBAX\" aria-label=\"I\u0161verstas tekstas: Profesionalus \u201eTorx\u201c tipo ver\u017eliarak\u010di\u0173 rinkinys, pagamintas i\u0161 CrMo SCM-440 lydinio.\r\nLabai atspar\u016bs. Antgaliai, specialiai sukurti remontui, be kita ko,\r\nGalvut\u0117ms, stebul\u0117ms, velenams, pavaros sistemoms ir pavar\u0173 d\u0117\u017e\u0117ms.\r\n\r\nPaskirtis \/ Taikymas\r\nTaikymas: mechanikos pramon\u0117, automobili\u0173 servisas.\r\nPakuot\u0117s turinys\r\nTorx sukimo momento raktas T30\r\nTorx degiklio raktas T40\r\nTorx degiklio raktas T45\r\nTorx sukimo momento raktas T50\r\nTorx sukimo momento raktas T55\r\nTorx sukimo momento raktas T60\r\nTorx degiklio raktas T70\r\nTorx sukimo momento raktas T80\r\nLagaminas\r\nTechniniai duomenys\r\nIndekso numeris YT-1065\r\nEAN 5906083910654\r\nPrek\u0117s \u017eenklas Yato\r\nvienetas KPL\r\nBendras svoris (kg) 1,1670\r\nPagrindin\u0117 d\u0117\u017eut\u0117 MC 15\r\nPal 540\r\nDydis [mm] T30-T80\r\nKiekis rinkinyje 8\r\nMed\u017eiaga CrMo SCM-440\"><span class=\"Y2IQFc\" lang=\"lt\">Profesionalus \u201eTorx\u201c tipo ver\u017eliarak\u010di\u0173 rinkinys, pagamintas i\u0161 CrMo SCM-440 lydinio.\r\nLabai atspar\u016bs. Antgaliai, specialiai sukurti remontui, galvut\u0117ms, stebul\u0117ms, velenams, pavaros sistemoms ir pavar\u0173 d\u0117\u017e\u0117ms.\r\n\r\nTaikymas: mechanikos pramon\u0117, automobili\u0173 servisas.\r\nPakuot\u0117s turinys:  T30; T40;  T45; T50; T55; T60; T70; T80\r\nTechniniai duomenys\r\nIndekso numeris YT-1065\r\nEAN 5906083910654\r\nPrek\u0117s \u017eenklas Yato\r\nBendras svoris (kg) 1,1670\r\nDydis [mm] T30-T80\r\nKiekis rinkinyje 8\r\nMed\u017eiaga CrMo SCM-440<\/span><\/pre>\n","protected":false},"excerpt":{"rendered":"<p>Sm\u016bginiai antgaliai 1\/2 TORX T30-T80<\/p>\n","protected":false},"featured_media":18807,"comment_status":"open","ping_status":"closed","template":"","meta":[],"product_brand":[563],"product_cat":[181,56],"product_tag":[591,663,636,718,1111,2142,739,2143],"class_list":{"0":"post-18804","1":"product","2":"type-product","3":"status-publish","4":"has-post-thumbnail","6":"product_brand-yato","7":"product_cat-antgaliu-rinkiniai","8":"product_cat-1-2-smuginiai-antgaliai-ir-rinkiniai","9":"product_tag-1-2","10":"product_tag-antgaliai","11":"product_tag-antgalis","12":"product_tag-antgalis-smuginis","13":"product_tag-t30","14":"product_tag-t40-t45-t50-t55-t60-t70-t80","15":"product_tag-torx","16":"product_tag-yt-1065","18":"first","19":"instock","20":"taxable","21":"shipping-taxable","22":"purchasable","23":"product-type-simple"},"_links":{"self":[{"href":"https:\/\/raktava.lt\/en\/wp-json\/wp\/v2\/product\/18804","targetHints":{"allow":["GET"]}}],"collection":[{"href":"https:\/\/raktava.lt\/en\/wp-json\/wp\/v2\/product"}],"about":[{"href":"https:\/\/raktava.lt\/en\/wp-json\/wp\/v2\/types\/product"}],"replies":[{"embeddable":true,"href":"https:\/\/raktava.lt\/en\/wp-json\/wp\/v2\/comments?post=18804"}],"version-history":[{"count":1,"href":"https:\/\/raktava.lt\/en\/wp-json\/wp\/v2\/product\/18804\/revisions"}],"predecessor-version":[{"id":18817,"href":"https:\/\/raktava.lt\/en\/wp-json\/wp\/v2\/product\/18804\/revisions\/18817"}],"wp:featuredmedia":[{"embeddable":true,"href":"https:\/\/raktava.lt\/en\/wp-json\/wp\/v2\/media\/18807"}],"wp:attachment":[{"href":"https:\/\/raktava.lt\/en\/wp-json\/wp\/v2\/media?parent=18804"}],"wp:term":[{"taxonomy":"product_brand","embeddable":true,"href":"https:\/\/raktava.lt\/en\/wp-json\/wp\/v2\/product_brand?post=18804"},{"taxonomy":"product_cat","embeddable":true,"href":"https:\/\/raktava.lt\/en\/wp-json\/wp\/v2\/product_cat?post=18804"},{"taxonomy":"product_tag","embeddable":true,"href":"https:\/\/raktava.lt\/en\/wp-json\/wp\/v2\/product_tag?post=18804"}],"curies":[{"name":"wp","href":"https:\/\/api.w.org\/{rel}","templated":true}]}}