{"id":18651,"date":"2025-12-12T11:13:54","date_gmt":"2025-12-12T09:13:54","guid":{"rendered":"https:\/\/raktava.lt\/?post_type=product&#038;p=18651"},"modified":"2026-03-02T14:15:26","modified_gmt":"2026-03-02T12:15:26","slug":"santechnines-reples-dezutes-tipo-su-fiksavimu-300mm","status":"publish","type":"product","link":"https:\/\/raktava.lt\/en\/product\/hand-tools\/pliers-sets-of-pliers-tin-scissors-specialized-pliers\/plumbing-pliers\/santechnines-reples-dezutes-tipo-su-fiksavimu-300mm\/","title":{"rendered":"Santechnin\u0117s repl\u0117s d\u0117\u017eut\u0117s tipo su fiksavimu 300mm"},"content":{"rendered":"<p>CrV plienas<\/p>\n<p>&nbsp;<\/p>\n<p><img decoding=\"async\" src=\"https:\/\/www.liudoirankiai.com\/images\/uploader\/ch\/108x108\/changlu-2-1.jpg\" alt=\"changlu-2-1\" \/><\/p>\n","protected":false},"excerpt":{"rendered":"<p>Santechnin\u0117s repl\u0117s d\u0117\u017eut\u0117s tipo su fiksavimu 300mm<\/p>\n","protected":false},"featured_media":18652,"comment_status":"open","ping_status":"closed","template":"","meta":[],"product_brand":[626],"product_cat":[240],"product_tag":[1873,1872],"class_list":{"0":"post-18651","1":"product","2":"type-product","3":"status-publish","4":"has-post-thumbnail","6":"product_brand-changlu","7":"product_cat-santechnines-reples","8":"product_tag-cl602353","9":"product_tag-santechnine-reples","11":"first","12":"instock","13":"taxable","14":"shipping-taxable","15":"purchasable","16":"product-type-simple"},"_links":{"self":[{"href":"https:\/\/raktava.lt\/en\/wp-json\/wp\/v2\/product\/18651","targetHints":{"allow":["GET"]}}],"collection":[{"href":"https:\/\/raktava.lt\/en\/wp-json\/wp\/v2\/product"}],"about":[{"href":"https:\/\/raktava.lt\/en\/wp-json\/wp\/v2\/types\/product"}],"replies":[{"embeddable":true,"href":"https:\/\/raktava.lt\/en\/wp-json\/wp\/v2\/comments?post=18651"}],"version-history":[{"count":1,"href":"https:\/\/raktava.lt\/en\/wp-json\/wp\/v2\/product\/18651\/revisions"}],"predecessor-version":[{"id":18654,"href":"https:\/\/raktava.lt\/en\/wp-json\/wp\/v2\/product\/18651\/revisions\/18654"}],"wp:featuredmedia":[{"embeddable":true,"href":"https:\/\/raktava.lt\/en\/wp-json\/wp\/v2\/media\/18652"}],"wp:attachment":[{"href":"https:\/\/raktava.lt\/en\/wp-json\/wp\/v2\/media?parent=18651"}],"wp:term":[{"taxonomy":"product_brand","embeddable":true,"href":"https:\/\/raktava.lt\/en\/wp-json\/wp\/v2\/product_brand?post=18651"},{"taxonomy":"product_cat","embeddable":true,"href":"https:\/\/raktava.lt\/en\/wp-json\/wp\/v2\/product_cat?post=18651"},{"taxonomy":"product_tag","embeddable":true,"href":"https:\/\/raktava.lt\/en\/wp-json\/wp\/v2\/product_tag?post=18651"}],"curies":[{"name":"wp","href":"https:\/\/api.w.org\/{rel}","templated":true}]}}