{"id":18647,"date":"2025-12-12T10:58:40","date_gmt":"2025-12-12T08:58:40","guid":{"rendered":"https:\/\/raktava.lt\/?post_type=product&#038;p=18647"},"modified":"2025-12-12T11:07:38","modified_gmt":"2025-12-12T09:07:38","slug":"nailoniniu-grandikliu-rinkinys-265mm-4-vnt","status":"publish","type":"product","link":"https:\/\/raktava.lt\/en\/product\/automative-service-tools\/glass-replacement-tools\/nailoniniu-grandikliu-rinkinys-265mm-4-vnt\/","title":{"rendered":"Nailonini\u0173 grandikli\u0173 rinkinys 265mm 4 vnt."},"content":{"rendered":"<p>Plastikinis grandiklio rinkinys YATO YT-0847 yra specialiai sukurta \u012franki\u0173 grup\u0117, skirta \u012fvairiems ma\u017eiems elementams, pavyzd\u017eiui, dekoratyvin\u0117ms juostoms ir apmu\u0161alams automobiliuose, nuimti ir montuoti. \u0160ie grandikliai, pagaminti i\u0161 elastingos plastiko, leid\u017eia nesugadinti pavir\u0161iaus, tinkamai pasirinktos formos palengvina pak\u0117lim\u0105, lenkim\u0105 bei traukim\u0105 i\u0161ardyt\u0173 element\u0173.<\/p>\n<p><strong>Naudojimo \u012fsp\u0117jimai:<\/strong><\/p>\n<p>\u012esp\u0117jimas! Visada naudokite asmenines apsaugos priemones dirbdami.<\/p>\n<ul>\n<li>Serija: GRE<\/li>\n<li>Dydis: 3\/4&#8243; (19,0 mm), 7\/8&#8243; (22 mm), 1&#8243; (25,0 mm), 1-1\/2&#8243; (38 mm)<\/li>\n<li>Ilgis: 265 mm<\/li>\n<li>Med\u017eiaga: POM<\/li>\n<li>Sm\u016bgiams atsparus: taip<\/li>\n<li>Vnt.: 4<\/li>\n<\/ul>\n<p>&nbsp;<\/p>\n","protected":false},"excerpt":{"rendered":"<p>Nailonini\u0173 grandikli\u0173 rinkinys 265mm 4 vnt.<\/p>\n","protected":false},"featured_media":18648,"comment_status":"open","ping_status":"closed","template":"","meta":[],"product_brand":[563],"product_cat":[73],"product_tag":[1870,1871],"class_list":{"0":"post-18647","1":"product","2":"type-product","3":"status-publish","4":"has-post-thumbnail","6":"product_brand-yato","7":"product_cat-stiklu-keitimo-irankiai","8":"product_tag-nailoniniai-grandikliai","9":"product_tag-yt-0847","11":"first","12":"instock","13":"taxable","14":"shipping-taxable","15":"purchasable","16":"product-type-simple"},"_links":{"self":[{"href":"https:\/\/raktava.lt\/en\/wp-json\/wp\/v2\/product\/18647","targetHints":{"allow":["GET"]}}],"collection":[{"href":"https:\/\/raktava.lt\/en\/wp-json\/wp\/v2\/product"}],"about":[{"href":"https:\/\/raktava.lt\/en\/wp-json\/wp\/v2\/types\/product"}],"replies":[{"embeddable":true,"href":"https:\/\/raktava.lt\/en\/wp-json\/wp\/v2\/comments?post=18647"}],"version-history":[{"count":1,"href":"https:\/\/raktava.lt\/en\/wp-json\/wp\/v2\/product\/18647\/revisions"}],"predecessor-version":[{"id":18650,"href":"https:\/\/raktava.lt\/en\/wp-json\/wp\/v2\/product\/18647\/revisions\/18650"}],"wp:featuredmedia":[{"embeddable":true,"href":"https:\/\/raktava.lt\/en\/wp-json\/wp\/v2\/media\/18648"}],"wp:attachment":[{"href":"https:\/\/raktava.lt\/en\/wp-json\/wp\/v2\/media?parent=18647"}],"wp:term":[{"taxonomy":"product_brand","embeddable":true,"href":"https:\/\/raktava.lt\/en\/wp-json\/wp\/v2\/product_brand?post=18647"},{"taxonomy":"product_cat","embeddable":true,"href":"https:\/\/raktava.lt\/en\/wp-json\/wp\/v2\/product_cat?post=18647"},{"taxonomy":"product_tag","embeddable":true,"href":"https:\/\/raktava.lt\/en\/wp-json\/wp\/v2\/product_tag?post=18647"}],"curies":[{"name":"wp","href":"https:\/\/api.w.org\/{rel}","templated":true}]}}