{"id":18644,"date":"2025-12-11T14:31:23","date_gmt":"2025-12-11T12:31:23","guid":{"rendered":"https:\/\/raktava.lt\/?post_type=product&#038;p=18644"},"modified":"2025-12-11T14:31:23","modified_gmt":"2025-12-11T12:31:23","slug":"sriegine-ivore-m12x175x24","status":"publish","type":"product","link":"https:\/\/raktava.lt\/en\/product\/tools-for-metal-working\/thread-repair-tools-helicoles\/sriegine-ivore-m12x175x24\/","title":{"rendered":"Sriegin\u0117 \u012fvor\u0117 M12x1,75&#215;24"},"content":{"rendered":"","protected":false},"excerpt":{"rendered":"<p>Sriegin\u0117 \u012fvor\u0117 M12x1,75&#215;24<\/p>\n","protected":false},"featured_media":18630,"comment_status":"open","ping_status":"closed","template":"","meta":[],"product_brand":[650],"product_cat":[208],"product_tag":[1869],"class_list":{"0":"post-18644","1":"product","2":"type-product","3":"status-publish","4":"has-post-thumbnail","6":"product_brand-wurth","7":"product_cat-sriegio-atnaujinimo-irankiai-indeklai-sriegiams","8":"product_tag-sriegine-ivore-m12","10":"first","11":"instock","12":"taxable","13":"shipping-taxable","14":"purchasable","15":"product-type-simple"},"_links":{"self":[{"href":"https:\/\/raktava.lt\/en\/wp-json\/wp\/v2\/product\/18644","targetHints":{"allow":["GET"]}}],"collection":[{"href":"https:\/\/raktava.lt\/en\/wp-json\/wp\/v2\/product"}],"about":[{"href":"https:\/\/raktava.lt\/en\/wp-json\/wp\/v2\/types\/product"}],"replies":[{"embeddable":true,"href":"https:\/\/raktava.lt\/en\/wp-json\/wp\/v2\/comments?post=18644"}],"version-history":[{"count":1,"href":"https:\/\/raktava.lt\/en\/wp-json\/wp\/v2\/product\/18644\/revisions"}],"predecessor-version":[{"id":18645,"href":"https:\/\/raktava.lt\/en\/wp-json\/wp\/v2\/product\/18644\/revisions\/18645"}],"wp:featuredmedia":[{"embeddable":true,"href":"https:\/\/raktava.lt\/en\/wp-json\/wp\/v2\/media\/18630"}],"wp:attachment":[{"href":"https:\/\/raktava.lt\/en\/wp-json\/wp\/v2\/media?parent=18644"}],"wp:term":[{"taxonomy":"product_brand","embeddable":true,"href":"https:\/\/raktava.lt\/en\/wp-json\/wp\/v2\/product_brand?post=18644"},{"taxonomy":"product_cat","embeddable":true,"href":"https:\/\/raktava.lt\/en\/wp-json\/wp\/v2\/product_cat?post=18644"},{"taxonomy":"product_tag","embeddable":true,"href":"https:\/\/raktava.lt\/en\/wp-json\/wp\/v2\/product_tag?post=18644"}],"curies":[{"name":"wp","href":"https:\/\/api.w.org\/{rel}","templated":true}]}}