{"id":18639,"date":"2025-12-11T14:22:03","date_gmt":"2025-12-11T12:22:03","guid":{"rendered":"https:\/\/raktava.lt\/?post_type=product&#038;p=18639"},"modified":"2025-12-11T14:22:03","modified_gmt":"2025-12-11T12:22:03","slug":"sriegine-ivore-m10x15x200","status":"publish","type":"product","link":"https:\/\/raktava.lt\/en\/product\/tools-for-metal-working\/thread-repair-tools-helicoles\/sriegine-ivore-m10x15x200\/","title":{"rendered":"Sriegin\u0117 \u012fvor\u0117 M10x1,5&#215;20,0"},"content":{"rendered":"<p>Sriegin\u0117 \u012fvor\u0117<\/p>\n<p>TIME-SERT<sup>\u00ae<\/sup><\/p>\n<p>Skirta pa\u017eeistiems sriegiams taisyti.<\/p>\n<p><strong>Saugus darbas, taip pat ir su silpnomis sienel\u0117mis<\/strong><\/p>\n<p>Itin plonasien\u0117s d\u0117l sinchroni\u0161kai einan\u010di\u0173 sriegi\u0173<\/p>\n<p><strong>Galima naudoti plonasien\u0117se med\u017eiagose<\/strong><\/p>\n<p>Patikimas remontas, kai yra tik kelios sriegio vijos.<\/p>\n<p><strong>Nepralaidus terp\u0117ms<\/strong><\/p>\n<p>D\u0117l glaud\u017eiai \u012fprezuojamos formos, sriegis tampa sandarus vandeniui, alyvai, kitiems skys\u010diams ir susl\u0117gtoms dujoms.<\/p>\n<p><strong>Savaime u\u017esifiksuojantis<\/strong><\/p>\n<p>Automatinis dar nevisi\u0161kai susiformavusi\u0173 sriegi\u0173 formavimas \u012fsukant var\u017et\u0105. Garantuojama, kad ver\u017el\u0117 nei\u0161sisuks, net ir nesuklijuota.<\/p>\n<p><strong>Tikslus pad\u0117ties u\u017esifiksavimas ruo\u0161inyje<\/strong><\/p>\n<p>Ver\u017el\u0117s turi apykakl\u0119, papildomai tvirtinti ruo\u0161inyje nereikia<\/p>\n<p>Pastaba:\u00a0<strong>I\u0161pl\u0117\u0161imo stiprumas<\/strong><\/p>\n<p>I\u0161pl\u0117\u0161imo stiprumas gali skirtis priklausomai nuo naudojimo paskirties (kra\u0161t\u0173 sritys ir pan.) ir med\u017eiagos. D\u0117l \u0161ios prie\u017easties negalima pateikti bendros informacijos \u0161ia tema. W\u00fcrth laboratorijoje atlikti bandymai parod\u0117, kad daugeliu atvej\u0173 Time-Sert sriegi\u0173 taisymai yra lygiaver\u010diai originaliems sriegiams.<\/p>\n<p><strong>Plienin\u0117s ver\u017el\u0117s<\/strong><\/p>\n<p>Med\u017eiaga: 9SMn\/Pb28K DIN1651\/668<\/p>\n<p>Danga: galvanizuota, pasyvuota<\/p>\n","protected":false},"excerpt":{"rendered":"<p>Sriegin\u0117 \u012fvor\u0117 M10x1,5&#215;20,0<\/p>\n","protected":false},"featured_media":18630,"comment_status":"open","ping_status":"closed","template":"","meta":[],"product_brand":[650],"product_cat":[208],"product_tag":[1868],"class_list":{"0":"post-18639","1":"product","2":"type-product","3":"status-publish","4":"has-post-thumbnail","6":"product_brand-wurth","7":"product_cat-sriegio-atnaujinimo-irankiai-indeklai-sriegiams","8":"product_tag-sriegine-ivore-m10","10":"first","11":"instock","12":"taxable","13":"shipping-taxable","14":"purchasable","15":"product-type-simple"},"_links":{"self":[{"href":"https:\/\/raktava.lt\/en\/wp-json\/wp\/v2\/product\/18639","targetHints":{"allow":["GET"]}}],"collection":[{"href":"https:\/\/raktava.lt\/en\/wp-json\/wp\/v2\/product"}],"about":[{"href":"https:\/\/raktava.lt\/en\/wp-json\/wp\/v2\/types\/product"}],"replies":[{"embeddable":true,"href":"https:\/\/raktava.lt\/en\/wp-json\/wp\/v2\/comments?post=18639"}],"version-history":[{"count":2,"href":"https:\/\/raktava.lt\/en\/wp-json\/wp\/v2\/product\/18639\/revisions"}],"predecessor-version":[{"id":18641,"href":"https:\/\/raktava.lt\/en\/wp-json\/wp\/v2\/product\/18639\/revisions\/18641"}],"wp:featuredmedia":[{"embeddable":true,"href":"https:\/\/raktava.lt\/en\/wp-json\/wp\/v2\/media\/18630"}],"wp:attachment":[{"href":"https:\/\/raktava.lt\/en\/wp-json\/wp\/v2\/media?parent=18639"}],"wp:term":[{"taxonomy":"product_brand","embeddable":true,"href":"https:\/\/raktava.lt\/en\/wp-json\/wp\/v2\/product_brand?post=18639"},{"taxonomy":"product_cat","embeddable":true,"href":"https:\/\/raktava.lt\/en\/wp-json\/wp\/v2\/product_cat?post=18639"},{"taxonomy":"product_tag","embeddable":true,"href":"https:\/\/raktava.lt\/en\/wp-json\/wp\/v2\/product_tag?post=18639"}],"curies":[{"name":"wp","href":"https:\/\/api.w.org\/{rel}","templated":true}]}}