{"id":18586,"date":"2025-12-03T12:15:24","date_gmt":"2025-12-03T10:15:24","guid":{"rendered":"https:\/\/raktava.lt\/?post_type=product&#038;p=18586"},"modified":"2026-01-08T13:52:37","modified_gmt":"2026-01-08T11:52:37","slug":"vakuumo-slegio-matuoklis-stabdziu-skysciu-nuorinimui-dvigubo-veikimo","status":"publish","type":"product","link":"https:\/\/raktava.lt\/en\/product\/automobiliu-remonto-irankiai\/vaziuokles-remonto-irankiai\/stabdziu-remonto-irankiai\/vakuumo-slegio-matuoklis-stabdziu-skysciu-nuorinimui-dvigubo-veikimo\/","title":{"rendered":"Vakuumo\/sl\u0117gio matuoklis stabd\u017ei\u0173 skys\u010di\u0173 nuorinimui, dvigubo veikimo"},"content":{"rendered":"<pre id=\"tw-target-text\" class=\"tw-data-text tw-text-large tw-ta\" dir=\"ltr\" tabindex=\"-1\" role=\"text\" data-placeholder=\"Vertimas\" data-ved=\"2ahUKEwi_4IWDl6GRAxW6SPEDHfFZNpUQ3ewLegQIDBAV\" aria-label=\"I\u0161verstas tekstas: Dvigubo veikimo Produkto apra\u0161ymas\uff1a \u25cf Rankinis vakuuminis siurblys \u25cf Pritvirtina \u012fvairi\u0173 tip\u0173 jungtis, kad tikt\u0173 daugumai transporto priemoni\u0173. \u25cf Korpusas turi jungikl\u012f, skirt\u0105 valdyti dviej\u0173 r\u016b\u0161i\u0173 sl\u0117gio s\u0105lygas. \u25cf \u012e komplekt\u0105 \u012feina stabd\u017ei\u0173 nuorintuvo dalys. \u25cf Sl\u0117gio diapazonas: teigiamas sl\u0117gis 0,0\u201360 psi (1\u20134 coliai hg) neigiamas sl\u0117gis 0,0\u201330 psi (0\u20131 colis hg)\"><span class=\"Y2IQFc\" lang=\"lt\">Dvigubo veikimo\r\n\r\nProdukto apra\u0161ymas\uff1a\r\n\u25cf Rankinis vakuuminis siurblys\r\n\u25cf Pritvirtina \u012fvairi\u0173 tip\u0173 jungtis, kad tikt\u0173 daugumai\r\ntransporto priemoni\u0173.\r\n\u25cf Korpusas turi jungikl\u012f, skirt\u0105 valdyti dviej\u0173\r\nr\u016b\u0161i\u0173 sl\u0117gio s\u0105lygas.\r\n\u25cf \u012e komplekt\u0105 \u012feina stabd\u017ei\u0173 nuorintuvo dalys.\r\n\u25cf Sl\u0117gio diapazonas:\r\nteigiamas sl\u0117gis 0,0\u201360 psi (1\u20134 coliai hg)\r\nneigiamas sl\u0117gis 0,0\u201330 psi (0\u20131 colis hg)\r\n\r\n<img decoding=\"async\" src=\"https:\/\/vigorus.lt\/catalog\/logo170215011935.jpg\" alt=\"Essen Tools\" \/>\r\n\r\n------------------------------------------\r\nPreki\u0173 nuotraukos skirtos tik iliustraciniams tikslams, originali\u0173 produkt\u0173 spalvos, u\u017era\u0161ai, parametrai,\r\nmatmenys, dyd\u017eiai, funkcijos ir\/ar bet kurios kitos savyb\u0117s d\u0117l vizualini\u0173 ypatybi\u0173 gali atrodyti kitaip \r\nnegu realyb\u0117je, tod\u0117l pra\u0161ome vadovauti preki\u0173 savyb\u0117mis, kurios nurodytos preki\u0173 apra\u0161ymuose. \r\nKilus klausimams, visada laukiame J\u016bs\u0173 skambu\u010dio telefonu +37067769713 arba el. pa\u0161tu info@raktava.lt\r\n<\/span><\/pre>\n","protected":false},"excerpt":{"rendered":"<p>Vakuumo\/sl\u0117gio matuoklis stabd\u017ei\u0173 skys\u010di\u0173 nuorinimui, dvigubo veikimo<\/p>\n","protected":false},"featured_media":18587,"comment_status":"open","ping_status":"closed","template":"","meta":[],"product_brand":[560],"product_cat":[64],"product_tag":[1845,1844,933],"class_list":{"0":"post-18586","1":"product","2":"type-product","3":"status-publish","4":"has-post-thumbnail","6":"product_brand-essen-tools-germany","7":"product_cat-stabdziu-remonto-irankiai","8":"product_tag-hs-a998b","9":"product_tag-stabdziu-skyscio-nuorinimo","10":"product_tag-vakuumo-slegio-matuoklis","12":"first","13":"instock","14":"taxable","15":"shipping-taxable","16":"purchasable","17":"product-type-simple"},"_links":{"self":[{"href":"https:\/\/raktava.lt\/en\/wp-json\/wp\/v2\/product\/18586","targetHints":{"allow":["GET"]}}],"collection":[{"href":"https:\/\/raktava.lt\/en\/wp-json\/wp\/v2\/product"}],"about":[{"href":"https:\/\/raktava.lt\/en\/wp-json\/wp\/v2\/types\/product"}],"replies":[{"embeddable":true,"href":"https:\/\/raktava.lt\/en\/wp-json\/wp\/v2\/comments?post=18586"}],"version-history":[{"count":2,"href":"https:\/\/raktava.lt\/en\/wp-json\/wp\/v2\/product\/18586\/revisions"}],"predecessor-version":[{"id":18598,"href":"https:\/\/raktava.lt\/en\/wp-json\/wp\/v2\/product\/18586\/revisions\/18598"}],"wp:featuredmedia":[{"embeddable":true,"href":"https:\/\/raktava.lt\/en\/wp-json\/wp\/v2\/media\/18587"}],"wp:attachment":[{"href":"https:\/\/raktava.lt\/en\/wp-json\/wp\/v2\/media?parent=18586"}],"wp:term":[{"taxonomy":"product_brand","embeddable":true,"href":"https:\/\/raktava.lt\/en\/wp-json\/wp\/v2\/product_brand?post=18586"},{"taxonomy":"product_cat","embeddable":true,"href":"https:\/\/raktava.lt\/en\/wp-json\/wp\/v2\/product_cat?post=18586"},{"taxonomy":"product_tag","embeddable":true,"href":"https:\/\/raktava.lt\/en\/wp-json\/wp\/v2\/product_tag?post=18586"}],"curies":[{"name":"wp","href":"https:\/\/api.w.org\/{rel}","templated":true}]}}