{"id":18579,"date":"2025-12-03T12:05:22","date_gmt":"2025-12-03T10:05:22","guid":{"rendered":"https:\/\/raktava.lt\/?post_type=product&#038;p=18579"},"modified":"2026-03-02T16:25:14","modified_gmt":"2026-03-02T14:25:14","slug":"diskinis-sepetys-su-kotu-nerudijantis-plienas-50mm","status":"publish","type":"product","link":"https:\/\/raktava.lt\/en\/product\/metalo-apdirbimo-irankiai\/sveitimo-irankiai\/diskinis-sepetys-su-kotu-nerudijantis-plienas-50mm\/","title":{"rendered":"Diskinis \u0161epetys su kotu, ner\u016bdijantis plienas 50mm"},"content":{"rendered":"<p><strong>Diskinis \u0161epetys<\/strong>, skirtas metalini\u0173 pavir\u0161i\u0173 valymui ir poliravimui, da\u017e\u0173 dangos pa\u0161alinimui, r\u016bd\u017ei\u0173 \u0161alinimui ir \u012franki\u0173 valymui naudojant \u0161lifuokl\u012f.<\/p>\n<ul>\n<li>pagamintas i\u0161\u00a0<strong>auk\u0161tos kokyb\u0117s<\/strong>\u00a0med\u017eiag\u0173<\/li>\n<li><strong>efektyvus<\/strong>\u00a0ir\u00a0<strong>ilgaam\u017eis<\/strong><\/li>\n<li>vielos tvirtinimas sustiprintas plieno \u017eiedais<\/li>\n<li>skirtas metal\u0173 ir ner\u016bdijan\u010dio plieno apdorojimui, da\u017e\u0173 dangos ir r\u016bd\u017ei\u0173 nu\u0117mimui<\/li>\n<li>plei\u0161yta viela pagaminta i\u0161\u00a0<strong>INOX<\/strong>\u00a0plieno<\/li>\n<li>\u0161epe\u010dio skersmuo:\u00a0<strong>50 mm<\/strong><\/li>\n<li>\u0161akos skersmuo:\u00a0<strong>6 mm<\/strong><\/li>\n<li>maks. greitis:\u00a0<strong>4500 aps\/min<\/strong><\/li>\n<\/ul>\n<p><strong>Naudojimo \u012fsp\u0117jimai:<\/strong><\/p>\n<p>\u012esp\u0117jimas! Visada naudokite asmenin\u0119 apsaugos \u012frang\u0105 dirbdami.<\/p>\n<ul>\n<li>Sera: GRD<\/li>\n<li>Skersmuo: 50 mm<\/li>\n<li>Maks. apsukos: 4500 min\u207b\u00b9<\/li>\n<li>Laikiklio dydis: 6 mm<\/li>\n<li>Darbo dalies med\u017eiaga: ner\u016bdijantis plienas<\/li>\n<li>Tipas: plei\u0161yta viela<\/li>\n<\/ul>\n<p><img decoding=\"async\" src=\"https:\/\/vigorus.lt\/catalog\/logo120627105013_yato.jpg\" alt=\"YATO\" \/><\/p>\n","protected":false},"excerpt":{"rendered":"<p>Diskinis \u0161epetys su kotu, ner\u016bdijantis plienas 50mm<\/p>\n","protected":false},"featured_media":18580,"comment_status":"open","ping_status":"closed","template":"","meta":[],"product_brand":[563],"product_cat":[143],"product_tag":[1062,1843,2118],"class_list":{"0":"post-18579","1":"product","2":"type-product","3":"status-publish","4":"has-post-thumbnail","6":"product_brand-yato","7":"product_cat-sveitimo-irankiai","8":"product_tag-50mm","9":"product_tag-sveitimo-sepetys","10":"product_tag-yt-47565","12":"first","13":"instock","14":"taxable","15":"shipping-taxable","16":"purchasable","17":"product-type-simple"},"_links":{"self":[{"href":"https:\/\/raktava.lt\/en\/wp-json\/wp\/v2\/product\/18579","targetHints":{"allow":["GET"]}}],"collection":[{"href":"https:\/\/raktava.lt\/en\/wp-json\/wp\/v2\/product"}],"about":[{"href":"https:\/\/raktava.lt\/en\/wp-json\/wp\/v2\/types\/product"}],"replies":[{"embeddable":true,"href":"https:\/\/raktava.lt\/en\/wp-json\/wp\/v2\/comments?post=18579"}],"version-history":[{"count":2,"href":"https:\/\/raktava.lt\/en\/wp-json\/wp\/v2\/product\/18579\/revisions"}],"predecessor-version":[{"id":18585,"href":"https:\/\/raktava.lt\/en\/wp-json\/wp\/v2\/product\/18579\/revisions\/18585"}],"wp:featuredmedia":[{"embeddable":true,"href":"https:\/\/raktava.lt\/en\/wp-json\/wp\/v2\/media\/18580"}],"wp:attachment":[{"href":"https:\/\/raktava.lt\/en\/wp-json\/wp\/v2\/media?parent=18579"}],"wp:term":[{"taxonomy":"product_brand","embeddable":true,"href":"https:\/\/raktava.lt\/en\/wp-json\/wp\/v2\/product_brand?post=18579"},{"taxonomy":"product_cat","embeddable":true,"href":"https:\/\/raktava.lt\/en\/wp-json\/wp\/v2\/product_cat?post=18579"},{"taxonomy":"product_tag","embeddable":true,"href":"https:\/\/raktava.lt\/en\/wp-json\/wp\/v2\/product_tag?post=18579"}],"curies":[{"name":"wp","href":"https:\/\/api.w.org\/{rel}","templated":true}]}}