{"id":18576,"date":"2025-11-28T13:47:42","date_gmt":"2025-11-28T11:47:42","guid":{"rendered":"https:\/\/raktava.lt\/?post_type=product&#038;p=18576"},"modified":"2025-12-30T15:40:04","modified_gmt":"2025-12-30T13:40:04","slug":"galvute-12-kampe-%c2%be-32mm","status":"publish","type":"product","link":"https:\/\/raktava.lt\/en\/product\/rankiniai-irankiai\/galvutes-galvuciu-komplektai-laikikliai-galvutems\/3-4-galvutes-ir-ju-komplektai\/galvute-12-kampe-%c2%be-32mm\/","title":{"rendered":"Galvut\u0117 12-kamp\u0117 \u00be 32mm"},"content":{"rendered":"<p>Atitinka ISO 2725 DIN 3124 standart\u0105<br \/>\nAuk\u0161tos kokyb\u0117s chromo vanad\u017eio plienas<\/p>\n<p><img decoding=\"async\" src=\"https:\/\/www.liudoirankiai.com\/images\/uploader\/ch\/108x108\/changlu-2-1.jpg\" alt=\"changlu-2-1\" \/><\/p>\n","protected":false},"excerpt":{"rendered":"<p>Galvut\u0117 12-kamp\u0117 \u00be 32mm<\/p>\n","protected":false},"featured_media":13104,"comment_status":"open","ping_status":"closed","template":"","meta":[],"product_brand":[626],"product_cat":[175],"product_tag":[971,577,1066,1825,660],"class_list":{"0":"post-18576","1":"product","2":"type-product","3":"status-publish","4":"has-post-thumbnail","6":"product_brand-changlu","7":"product_cat-3-4-galvutes-ir-ju-komplektai","8":"product_tag-12-kampe","9":"product_tag-3-4","10":"product_tag-32mm","11":"product_tag-cl201832","12":"product_tag-galvute","14":"first","15":"instock","16":"taxable","17":"shipping-taxable","18":"purchasable","19":"product-type-simple"},"_links":{"self":[{"href":"https:\/\/raktava.lt\/en\/wp-json\/wp\/v2\/product\/18576","targetHints":{"allow":["GET"]}}],"collection":[{"href":"https:\/\/raktava.lt\/en\/wp-json\/wp\/v2\/product"}],"about":[{"href":"https:\/\/raktava.lt\/en\/wp-json\/wp\/v2\/types\/product"}],"replies":[{"embeddable":true,"href":"https:\/\/raktava.lt\/en\/wp-json\/wp\/v2\/comments?post=18576"}],"version-history":[{"count":2,"href":"https:\/\/raktava.lt\/en\/wp-json\/wp\/v2\/product\/18576\/revisions"}],"predecessor-version":[{"id":18578,"href":"https:\/\/raktava.lt\/en\/wp-json\/wp\/v2\/product\/18576\/revisions\/18578"}],"wp:featuredmedia":[{"embeddable":true,"href":"https:\/\/raktava.lt\/en\/wp-json\/wp\/v2\/media\/13104"}],"wp:attachment":[{"href":"https:\/\/raktava.lt\/en\/wp-json\/wp\/v2\/media?parent=18576"}],"wp:term":[{"taxonomy":"product_brand","embeddable":true,"href":"https:\/\/raktava.lt\/en\/wp-json\/wp\/v2\/product_brand?post=18576"},{"taxonomy":"product_cat","embeddable":true,"href":"https:\/\/raktava.lt\/en\/wp-json\/wp\/v2\/product_cat?post=18576"},{"taxonomy":"product_tag","embeddable":true,"href":"https:\/\/raktava.lt\/en\/wp-json\/wp\/v2\/product_tag?post=18576"}],"curies":[{"name":"wp","href":"https:\/\/api.w.org\/{rel}","templated":true}]}}