{"id":18569,"date":"2025-11-28T13:28:24","date_gmt":"2025-11-28T11:28:24","guid":{"rendered":"https:\/\/raktava.lt\/?post_type=product&#038;p=18569"},"modified":"2026-01-20T15:55:26","modified_gmt":"2026-01-20T13:55:26","slug":"galvute-sesiakampe-supur-lock-1-2-19mm","status":"publish","type":"product","link":"https:\/\/raktava.lt\/en\/product\/rankiniai-irankiai\/galvutes-galvuciu-komplektai-laikikliai-galvutems\/1-2-galvutes-ir-ju-komplektai\/galvute-sesiakampe-supur-lock-1-2-19mm\/","title":{"rendered":"Galvut\u0117 \u0161e\u0161iakamp\u0117 Supur Lock 1\/2 19mm"},"content":{"rendered":"<pre id=\"tw-target-text\" class=\"tw-data-text tw-text-large tw-ta\" dir=\"ltr\" tabindex=\"-1\" role=\"text\" data-placeholder=\"Vertimas\" data-ved=\"2ahUKEwj2h_q13ZSRAxXMRvEDHfJFPCMQ3ewLegQIDBAV\" aria-label=\"I\u0161verstas tekstas: Apra\u0161ymas\r\nriev\u0117tas\r\nTechniniai duomenys\r\nI\u0161\u0117jimo profilis \u201eSuper Lock\u201c\r\nBendras svoris 90 g\r\nPavaros profilio dydis, metrinis 12,5 mm\r\nVer\u017eliarak\u010dio dydis 18 mm\r\nPakuot\u0117 tinka kabinti prie sienos Taip\r\nPavaros profilis Vidinis kvadratinis\r\nPavaros profilio dydis, colis 1\/2 colio\r\nPavir\u0161iaus apdaila Matinio chromo danga\r\nMed\u017eiaga Chromo vanad\u017eio plienas\"><span class=\"Y2IQFc\" lang=\"lt\">Techniniai duomenys\r\nI\u0161\u0117jimo profilis \u201eSuper Lock\u201c\r\nBendras svoris 90 g\r\nPavaros profilio dydis, metrinis 12,5 mm\r\nVer\u017eliarak\u010dio dydis 18 mm\r\nPakuot\u0117 tinka kabinti prie sienos Taip\r\nPavaros profilis Vidinis kvadratinis\r\nPavaros profilio dydis, colis 1\/2 colio\r\nPavir\u0161iaus apdaila Matinio chromo danga\r\nMed\u017eiaga Chromo vanad\u017eio plienas\r\n<img decoding=\"async\" src=\"https:\/\/vigorus.lt\/files\/piktogramos\/25.gif\" \/><img decoding=\"async\" src=\"https:\/\/vigorus.lt\/files\/piktogramos\/39.jpg\" \/><img decoding=\"async\" src=\"https:\/\/vigorus.lt\/files\/piktogramos\/superlock.PNG\" \/><img decoding=\"async\" src=\"https:\/\/vigorus.lt\/files\/piktogramos\/42.jpg\" \/><img decoding=\"async\" src=\"https:\/\/vigorus.lt\/files\/piktogramos\/21.gif\" \/><\/span><\/pre>\n","protected":false},"excerpt":{"rendered":"<p>Galvut\u0117 \u0161e\u0161iakamp\u0117 Supur Lock 1\/2 19mm<\/p>\n","protected":false},"featured_media":18561,"comment_status":"open","ping_status":"closed","template":"","meta":[],"product_brand":[571],"product_cat":[50],"product_tag":[591,1068,1822,660,695],"class_list":{"0":"post-18569","1":"product","2":"type-product","3":"status-publish","4":"has-post-thumbnail","6":"product_brand-bgs-technic-germany","7":"product_cat-1-2-galvutes-ir-ju-komplektai","8":"product_tag-1-2","9":"product_tag-19mm","10":"product_tag-1822","11":"product_tag-galvute","12":"product_tag-superlock","14":"first","15":"instock","16":"taxable","17":"shipping-taxable","18":"purchasable","19":"product-type-simple"},"_links":{"self":[{"href":"https:\/\/raktava.lt\/en\/wp-json\/wp\/v2\/product\/18569","targetHints":{"allow":["GET"]}}],"collection":[{"href":"https:\/\/raktava.lt\/en\/wp-json\/wp\/v2\/product"}],"about":[{"href":"https:\/\/raktava.lt\/en\/wp-json\/wp\/v2\/types\/product"}],"replies":[{"embeddable":true,"href":"https:\/\/raktava.lt\/en\/wp-json\/wp\/v2\/comments?post=18569"}],"version-history":[{"count":1,"href":"https:\/\/raktava.lt\/en\/wp-json\/wp\/v2\/product\/18569\/revisions"}],"predecessor-version":[{"id":18570,"href":"https:\/\/raktava.lt\/en\/wp-json\/wp\/v2\/product\/18569\/revisions\/18570"}],"wp:featuredmedia":[{"embeddable":true,"href":"https:\/\/raktava.lt\/en\/wp-json\/wp\/v2\/media\/18561"}],"wp:attachment":[{"href":"https:\/\/raktava.lt\/en\/wp-json\/wp\/v2\/media?parent=18569"}],"wp:term":[{"taxonomy":"product_brand","embeddable":true,"href":"https:\/\/raktava.lt\/en\/wp-json\/wp\/v2\/product_brand?post=18569"},{"taxonomy":"product_cat","embeddable":true,"href":"https:\/\/raktava.lt\/en\/wp-json\/wp\/v2\/product_cat?post=18569"},{"taxonomy":"product_tag","embeddable":true,"href":"https:\/\/raktava.lt\/en\/wp-json\/wp\/v2\/product_tag?post=18569"}],"curies":[{"name":"wp","href":"https:\/\/api.w.org\/{rel}","templated":true}]}}