{"id":18558,"date":"2025-11-28T13:23:21","date_gmt":"2025-11-28T11:23:21","guid":{"rendered":"https:\/\/raktava.lt\/?post_type=product&#038;p=18558"},"modified":"2025-11-28T13:23:21","modified_gmt":"2025-11-28T11:23:21","slug":"galvute-sesiakampe-supur-lock-1-2-17mm","status":"publish","type":"product","link":"https:\/\/raktava.lt\/en\/product\/rankiniai-irankiai\/galvutes-galvuciu-komplektai-laikikliai-galvutems\/1-2-galvutes-ir-ju-komplektai\/galvute-sesiakampe-supur-lock-1-2-17mm\/","title":{"rendered":"Galvut\u0117 \u0161e\u0161iakamp\u0117 Supur Lock 1\/2 17mm"},"content":{"rendered":"<pre id=\"tw-target-text\" class=\"tw-data-text tw-text-large tw-ta\" dir=\"ltr\" tabindex=\"-1\" role=\"text\" data-placeholder=\"Vertimas\" data-ved=\"2ahUKEwj2h_q13ZSRAxXMRvEDHfJFPCMQ3ewLegQIDBAV\" aria-label=\"I\u0161verstas tekstas: Techniniai duomenys\r\nI\u0161\u0117jimo profilis \u201eSuper Lock\u201c\r\nBendras svoris 70 g\r\nPavaros profilio dydis, metrinis 12,5 mm\r\nVer\u017eliarak\u010dio dydis 17 mm\r\nPakuot\u0117 tinkama kabinti prie sienos Taip\r\nPavaros profilis Vidinis kvadratinis\r\nPavaros profilio dydis, colis 1\/2 colio\r\nPavir\u0161iaus apdaila Matinio chromo danga\r\nMed\u017eiaga Chromo vanad\u017eio plienas\"><span class=\"Y2IQFc\" lang=\"lt\">Techniniai duomenys\r\nI\u0161\u0117jimo profilis \u201eSuper Lock\u201c\r\nBendras svoris 70 g\r\nPavaros profilio dydis, metrinis 12,5 mm\r\nVer\u017eliarak\u010dio dydis 17 mm\r\nPakuot\u0117 tinkama kabinti prie sienos Taip\r\nPavaros profilis Vidinis kvadratinis\r\nPavaros profilio dydis, colis 1\/2 colio\r\nPavir\u0161iaus apdaila Matinio chromo danga\r\nMed\u017eiaga Chromo vanad\u017eio plienas<\/span><\/pre>\n<p><img decoding=\"async\" src=\"https:\/\/vigorus.lt\/files\/piktogramos\/25.gif\" \/><img decoding=\"async\" src=\"https:\/\/vigorus.lt\/files\/piktogramos\/39.jpg\" \/><img decoding=\"async\" src=\"https:\/\/vigorus.lt\/files\/piktogramos\/superlock.PNG\" \/><img decoding=\"async\" src=\"https:\/\/vigorus.lt\/files\/piktogramos\/21.gif\" \/><\/p>\n","protected":false},"excerpt":{"rendered":"<p>Galvut\u0117 \u0161e\u0161iakamp\u0117 Supur Lock 1\/2 17mm<\/p>\n","protected":false},"featured_media":18561,"comment_status":"open","ping_status":"closed","template":"","meta":[],"product_brand":[571],"product_cat":[50],"product_tag":[611,1821,660,695],"class_list":{"0":"post-18558","1":"product","2":"type-product","3":"status-publish","4":"has-post-thumbnail","6":"product_brand-bgs-technic-germany","7":"product_cat-1-2-galvutes-ir-ju-komplektai","8":"product_tag-17mm","9":"product_tag-1821","10":"product_tag-galvute","11":"product_tag-superlock","13":"first","14":"instock","15":"taxable","16":"shipping-taxable","17":"purchasable","18":"product-type-simple"},"_links":{"self":[{"href":"https:\/\/raktava.lt\/en\/wp-json\/wp\/v2\/product\/18558","targetHints":{"allow":["GET"]}}],"collection":[{"href":"https:\/\/raktava.lt\/en\/wp-json\/wp\/v2\/product"}],"about":[{"href":"https:\/\/raktava.lt\/en\/wp-json\/wp\/v2\/types\/product"}],"replies":[{"embeddable":true,"href":"https:\/\/raktava.lt\/en\/wp-json\/wp\/v2\/comments?post=18558"}],"version-history":[{"count":2,"href":"https:\/\/raktava.lt\/en\/wp-json\/wp\/v2\/product\/18558\/revisions"}],"predecessor-version":[{"id":18568,"href":"https:\/\/raktava.lt\/en\/wp-json\/wp\/v2\/product\/18558\/revisions\/18568"}],"wp:featuredmedia":[{"embeddable":true,"href":"https:\/\/raktava.lt\/en\/wp-json\/wp\/v2\/media\/18561"}],"wp:attachment":[{"href":"https:\/\/raktava.lt\/en\/wp-json\/wp\/v2\/media?parent=18558"}],"wp:term":[{"taxonomy":"product_brand","embeddable":true,"href":"https:\/\/raktava.lt\/en\/wp-json\/wp\/v2\/product_brand?post=18558"},{"taxonomy":"product_cat","embeddable":true,"href":"https:\/\/raktava.lt\/en\/wp-json\/wp\/v2\/product_cat?post=18558"},{"taxonomy":"product_tag","embeddable":true,"href":"https:\/\/raktava.lt\/en\/wp-json\/wp\/v2\/product_tag?post=18558"}],"curies":[{"name":"wp","href":"https:\/\/api.w.org\/{rel}","templated":true}]}}