{"id":18523,"date":"2025-11-27T16:05:24","date_gmt":"2025-11-27T14:05:24","guid":{"rendered":"https:\/\/raktava.lt\/?post_type=product&#038;p=18523"},"modified":"2025-11-27T16:06:34","modified_gmt":"2025-11-27T14:06:34","slug":"tepalo-surinkimo-bakas-80l-su-issiurbimu-ir-isleidimu","status":"publish","type":"product","link":"https:\/\/raktava.lt\/en\/product\/automobiliu-remonto-irankiai\/alyvos-keitimas-tepimo-irankiai\/tepalo-surinkimo-bakas-80l-su-issiurbimu-ir-isleidimu\/","title":{"rendered":"Tepalo surinkimo bakas 80L su i\u0161siurbimu ir i\u0161leidimu"},"content":{"rendered":"<p>Bendra talpa 80 l<br \/>\nOro \u012f\u0117jimo sl\u0117gis 6 &#8211; 8 bar<br \/>\nI\u0161siurbimo sl\u0117gis 0.6 &#8211; 0.8 bar<br \/>\nOro sunaudojimas 150 l\/min<br \/>\nI\u0161siurbimo \u017earnos L = 1.5 m<br \/>\nRekomenduotina alyvos temperat\u016bra 40 &#8211; 60\u00b0 C<br \/>\nSvoris 25.0 kg<\/p>\n<p>I\u0161traukimo vamzdelis:<br \/>\n1 vnt. PVC \u00d8 5 mm L = 700 mm (na\u0161umas 1.4 l\/min)<br \/>\n1 vnt. PVC \u00d8 6 mm L = 700 mm (na\u0161umas 2.8 l\/min)<br \/>\n2 vnt. PVC \u00d8 7 mm L = 1000 mm (na\u0161umas 3.2 l\/min)<br \/>\n1 vnt. PVC \u00d8 8 mm L = 700 mm (na\u0161umas 5.0 l\/min)<\/p>\n<p>Pakuot\u0117s matmenys 470 x 440 x 940 mm<\/p>\n<p>&nbsp;<\/p>\n<p><img decoding=\"async\" src=\"https:\/\/www.liudoirankiai.com\/images\/uploader\/hp\/108x108\/hpmm-logo-1.jpg\" alt=\"hpmm-logo-1\" \/><\/p>\n","protected":false},"excerpt":{"rendered":"<p>Tepalo surinkimo bakas 80L su i\u0161siurbimu ir i\u0161leidimu<\/p>\n","protected":false},"featured_media":18524,"comment_status":"open","ping_status":"closed","template":"","meta":[],"product_brand":[1805],"product_cat":[44],"product_tag":[1806],"class_list":{"0":"post-18523","1":"product","2":"type-product","3":"status-publish","4":"has-post-thumbnail","6":"product_brand-hpmm","7":"product_cat-alyvos-keitimas-tepimo-irankiai","8":"product_tag-tepalo-surinkimo-bakas","10":"first","11":"instock","12":"taxable","13":"shipping-taxable","14":"purchasable","15":"product-type-simple"},"_links":{"self":[{"href":"https:\/\/raktava.lt\/en\/wp-json\/wp\/v2\/product\/18523","targetHints":{"allow":["GET"]}}],"collection":[{"href":"https:\/\/raktava.lt\/en\/wp-json\/wp\/v2\/product"}],"about":[{"href":"https:\/\/raktava.lt\/en\/wp-json\/wp\/v2\/types\/product"}],"replies":[{"embeddable":true,"href":"https:\/\/raktava.lt\/en\/wp-json\/wp\/v2\/comments?post=18523"}],"version-history":[{"count":2,"href":"https:\/\/raktava.lt\/en\/wp-json\/wp\/v2\/product\/18523\/revisions"}],"predecessor-version":[{"id":18537,"href":"https:\/\/raktava.lt\/en\/wp-json\/wp\/v2\/product\/18523\/revisions\/18537"}],"wp:featuredmedia":[{"embeddable":true,"href":"https:\/\/raktava.lt\/en\/wp-json\/wp\/v2\/media\/18524"}],"wp:attachment":[{"href":"https:\/\/raktava.lt\/en\/wp-json\/wp\/v2\/media?parent=18523"}],"wp:term":[{"taxonomy":"product_brand","embeddable":true,"href":"https:\/\/raktava.lt\/en\/wp-json\/wp\/v2\/product_brand?post=18523"},{"taxonomy":"product_cat","embeddable":true,"href":"https:\/\/raktava.lt\/en\/wp-json\/wp\/v2\/product_cat?post=18523"},{"taxonomy":"product_tag","embeddable":true,"href":"https:\/\/raktava.lt\/en\/wp-json\/wp\/v2\/product_tag?post=18523"}],"curies":[{"name":"wp","href":"https:\/\/api.w.org\/{rel}","templated":true}]}}