{"id":18511,"date":"2025-11-25T15:05:11","date_gmt":"2025-11-25T13:05:11","guid":{"rendered":"https:\/\/raktava.lt\/?post_type=product&#038;p=18511"},"modified":"2025-11-25T15:05:11","modified_gmt":"2025-11-25T13:05:11","slug":"sriegiklis-m15x1-5","status":"publish","type":"product","link":"https:\/\/raktava.lt\/en\/product\/metalo-apdirbimo-irankiai\/irankiai-sriegimui-sriegikliai-sriegpjoves-sriegmaciai\/sriegiklis-m15x1-5\/","title":{"rendered":"Sriegiklis M15x1.5"},"content":{"rendered":"<pre id=\"tw-target-text\" class=\"tw-data-text tw-text-large tw-ta\" dir=\"ltr\" tabindex=\"-1\" role=\"text\" data-placeholder=\"Vertimas\" data-ved=\"2ahUKEwi5-aDjro2RAxVORPEDHcdfEh4Q3ewLegQIDBAW\" aria-label=\"I\u0161verstas tekstas: Apra\u0161ymas\r\nSriegiklio rinkinys alyvos i\u0161leidimo var\u017et\u0173 remonto rinkiniui BGS 126\r\nTechniniai duomenys\r\nBendras svoris 60 g\r\nSriegiui\/nuolyd\u017eiui M15 x 1,5\"><span class=\"Y2IQFc\" lang=\"lt\">Techniniai duomenys\r\nBendras svoris 60 g\r\nSriegiui\/nuolyd\u017eiui M15 x 1,5\r\n\r\n<img decoding=\"async\" src=\"https:\/\/vigorus.lt\/catalog\/logo120819074628.jpg\" alt=\"BGS-technic\" \/><\/span><\/pre>\n","protected":false},"excerpt":{"rendered":"<p>Sriegiklis M15x1.5<\/p>\n","protected":false},"featured_media":18512,"comment_status":"open","ping_status":"closed","template":"","meta":[],"product_brand":[571],"product_cat":[102],"product_tag":[1803,665],"class_list":{"0":"post-18511","1":"product","2":"type-product","3":"status-publish","4":"has-post-thumbnail","6":"product_brand-bgs-technic-germany","7":"product_cat-irankiai-sriegimui-sriegikliai-sriegpjoves-sriegmaciai","8":"product_tag-m15","9":"product_tag-sriegiklis","11":"first","12":"instock","13":"taxable","14":"shipping-taxable","15":"purchasable","16":"product-type-simple"},"_links":{"self":[{"href":"https:\/\/raktava.lt\/en\/wp-json\/wp\/v2\/product\/18511","targetHints":{"allow":["GET"]}}],"collection":[{"href":"https:\/\/raktava.lt\/en\/wp-json\/wp\/v2\/product"}],"about":[{"href":"https:\/\/raktava.lt\/en\/wp-json\/wp\/v2\/types\/product"}],"replies":[{"embeddable":true,"href":"https:\/\/raktava.lt\/en\/wp-json\/wp\/v2\/comments?post=18511"}],"version-history":[{"count":2,"href":"https:\/\/raktava.lt\/en\/wp-json\/wp\/v2\/product\/18511\/revisions"}],"predecessor-version":[{"id":18515,"href":"https:\/\/raktava.lt\/en\/wp-json\/wp\/v2\/product\/18511\/revisions\/18515"}],"wp:featuredmedia":[{"embeddable":true,"href":"https:\/\/raktava.lt\/en\/wp-json\/wp\/v2\/media\/18512"}],"wp:attachment":[{"href":"https:\/\/raktava.lt\/en\/wp-json\/wp\/v2\/media?parent=18511"}],"wp:term":[{"taxonomy":"product_brand","embeddable":true,"href":"https:\/\/raktava.lt\/en\/wp-json\/wp\/v2\/product_brand?post=18511"},{"taxonomy":"product_cat","embeddable":true,"href":"https:\/\/raktava.lt\/en\/wp-json\/wp\/v2\/product_cat?post=18511"},{"taxonomy":"product_tag","embeddable":true,"href":"https:\/\/raktava.lt\/en\/wp-json\/wp\/v2\/product_tag?post=18511"}],"curies":[{"name":"wp","href":"https:\/\/api.w.org\/{rel}","templated":true}]}}