{"id":18488,"date":"2025-11-11T12:58:23","date_gmt":"2025-11-11T10:58:23","guid":{"rendered":"https:\/\/raktava.lt\/?post_type=product&#038;p=18488"},"modified":"2025-11-11T12:58:42","modified_gmt":"2025-11-11T10:58:42","slug":"3-4-prailgintu-smuginiu-galvuciu-k-tas-19-41mm","status":"publish","type":"product","link":"https:\/\/raktava.lt\/en\/product\/rankiniai-irankiai\/galvutes-galvuciu-komplektai-laikikliai-galvutems\/3-4-galvutes-ir-ju-komplektai\/3-4-prailgintu-smuginiu-galvuciu-k-tas-19-41mm\/","title":{"rendered":"3\/4 prailgint\u0173 sm\u016bgini\u0173 galvu\u010di\u0173 k-tas 19-41mm"},"content":{"rendered":"<p>Dyd\u017eiai 19, 21, 24, 27, 30, 32, 34, 36, 38, 41 mm<br \/>\nMed\u017eiaga CR-V<br \/>\n\u012epakavimas &#8211; Plastikin\u0117 d\u0117\u017eut\u0117<\/p>\n<p><img decoding=\"async\" src=\"https:\/\/www.liudoirankiai.com\/images\/uploader\/ch\/108x108\/changlu-2-1.jpg\" alt=\"changlu-2-1\" \/><\/p>\n","protected":false},"excerpt":{"rendered":"<p>3\/4 prailgint\u0173 sm\u016bgini\u0173 galvu\u010di\u0173 k-tas 19-41mm<\/p>\n","protected":false},"featured_media":18489,"comment_status":"open","ping_status":"closed","template":"","meta":[],"product_brand":[626],"product_cat":[175],"product_tag":[577,1735,1736,660,710],"class_list":{"0":"post-18488","1":"product","2":"type-product","3":"status-publish","4":"has-post-thumbnail","6":"product_brand-changlu","7":"product_cat-3-4-galvutes-ir-ju-komplektai","8":"product_tag-3-4","9":"product_tag-3-4-galvutes","10":"product_tag-cl101001","11":"product_tag-galvute","12":"product_tag-galvute-smugine","14":"first","15":"instock","16":"taxable","17":"shipping-taxable","18":"purchasable","19":"product-type-simple"},"_links":{"self":[{"href":"https:\/\/raktava.lt\/en\/wp-json\/wp\/v2\/product\/18488","targetHints":{"allow":["GET"]}}],"collection":[{"href":"https:\/\/raktava.lt\/en\/wp-json\/wp\/v2\/product"}],"about":[{"href":"https:\/\/raktava.lt\/en\/wp-json\/wp\/v2\/types\/product"}],"replies":[{"embeddable":true,"href":"https:\/\/raktava.lt\/en\/wp-json\/wp\/v2\/comments?post=18488"}],"version-history":[{"count":3,"href":"https:\/\/raktava.lt\/en\/wp-json\/wp\/v2\/product\/18488\/revisions"}],"predecessor-version":[{"id":18495,"href":"https:\/\/raktava.lt\/en\/wp-json\/wp\/v2\/product\/18488\/revisions\/18495"}],"wp:featuredmedia":[{"embeddable":true,"href":"https:\/\/raktava.lt\/en\/wp-json\/wp\/v2\/media\/18489"}],"wp:attachment":[{"href":"https:\/\/raktava.lt\/en\/wp-json\/wp\/v2\/media?parent=18488"}],"wp:term":[{"taxonomy":"product_brand","embeddable":true,"href":"https:\/\/raktava.lt\/en\/wp-json\/wp\/v2\/product_brand?post=18488"},{"taxonomy":"product_cat","embeddable":true,"href":"https:\/\/raktava.lt\/en\/wp-json\/wp\/v2\/product_cat?post=18488"},{"taxonomy":"product_tag","embeddable":true,"href":"https:\/\/raktava.lt\/en\/wp-json\/wp\/v2\/product_tag?post=18488"}],"curies":[{"name":"wp","href":"https:\/\/api.w.org\/{rel}","templated":true}]}}