{"id":18476,"date":"2025-10-30T14:50:44","date_gmt":"2025-10-30T12:50:44","guid":{"rendered":"https:\/\/raktava.lt\/?post_type=product&#038;p=18476"},"modified":"2025-10-30T14:50:45","modified_gmt":"2025-10-30T12:50:45","slug":"galvute-12-kampe-1-2-32mm-2","status":"publish","type":"product","link":"https:\/\/raktava.lt\/en\/product\/rankiniai-irankiai\/galvutes-galvuciu-komplektai-laikikliai-galvutems\/1-2-galvutes-ir-ju-komplektai\/galvute-12-kampe-1-2-32mm-2\/","title":{"rendered":"Galvut\u0117 12-kamp\u0117 1\/2 32mm"},"content":{"rendered":"<p>Atitinka ISO 2725 DIN 3124 gamybos standart\u0105<br \/>\nAuk\u0161tos kokyb\u0117s chromo vanad\u017eio plienas, plonos sienel\u0117s 12 kamp\u0173 dizainas, ry\u0161kus chromo padengimas<\/p>\n","protected":false},"excerpt":{"rendered":"<p>Galvut\u0117 12-kamp\u0117 1\/2 32mm<\/p>\n","protected":false},"featured_media":18473,"comment_status":"open","ping_status":"closed","template":"","meta":[],"product_brand":[626],"product_cat":[50],"product_tag":[591,971,1066,660],"class_list":{"0":"post-18476","1":"product","2":"type-product","3":"status-publish","4":"has-post-thumbnail","6":"product_brand-changlu","7":"product_cat-1-2-galvutes-ir-ju-komplektai","8":"product_tag-1-2","9":"product_tag-12-kampe","10":"product_tag-32mm","11":"product_tag-galvute","13":"first","14":"instock","15":"taxable","16":"shipping-taxable","17":"purchasable","18":"product-type-simple"},"_links":{"self":[{"href":"https:\/\/raktava.lt\/en\/wp-json\/wp\/v2\/product\/18476","targetHints":{"allow":["GET"]}}],"collection":[{"href":"https:\/\/raktava.lt\/en\/wp-json\/wp\/v2\/product"}],"about":[{"href":"https:\/\/raktava.lt\/en\/wp-json\/wp\/v2\/types\/product"}],"replies":[{"embeddable":true,"href":"https:\/\/raktava.lt\/en\/wp-json\/wp\/v2\/comments?post=18476"}],"version-history":[{"count":1,"href":"https:\/\/raktava.lt\/en\/wp-json\/wp\/v2\/product\/18476\/revisions"}],"predecessor-version":[{"id":18477,"href":"https:\/\/raktava.lt\/en\/wp-json\/wp\/v2\/product\/18476\/revisions\/18477"}],"wp:featuredmedia":[{"embeddable":true,"href":"https:\/\/raktava.lt\/en\/wp-json\/wp\/v2\/media\/18473"}],"wp:attachment":[{"href":"https:\/\/raktava.lt\/en\/wp-json\/wp\/v2\/media?parent=18476"}],"wp:term":[{"taxonomy":"product_brand","embeddable":true,"href":"https:\/\/raktava.lt\/en\/wp-json\/wp\/v2\/product_brand?post=18476"},{"taxonomy":"product_cat","embeddable":true,"href":"https:\/\/raktava.lt\/en\/wp-json\/wp\/v2\/product_cat?post=18476"},{"taxonomy":"product_tag","embeddable":true,"href":"https:\/\/raktava.lt\/en\/wp-json\/wp\/v2\/product_tag?post=18476"}],"curies":[{"name":"wp","href":"https:\/\/api.w.org\/{rel}","templated":true}]}}