{"id":18472,"date":"2025-10-30T14:47:29","date_gmt":"2025-10-30T12:47:29","guid":{"rendered":"https:\/\/raktava.lt\/?post_type=product&#038;p=18472"},"modified":"2026-03-20T10:00:25","modified_gmt":"2026-03-20T08:00:25","slug":"galvute-12-kampe-1-2-30mm-3","status":"publish","type":"product","link":"https:\/\/raktava.lt\/en\/product\/rankiniai-irankiai\/galvutes-galvuciu-komplektai-laikikliai-galvutems\/1-2-galvutes-ir-ju-komplektai\/galvute-12-kampe-1-2-30mm-3\/","title":{"rendered":"Galvut\u0117 12-kamp\u0117 1\/2 30mm"},"content":{"rendered":"<p>Atitinka ISO 2725 DIN 3124 gamybos standart\u0105<br \/>\nAuk\u0161tos kokyb\u0117s chromo vanad\u017eio plienas, plonos sienel\u0117s 12 kamp\u0173 dizainas, ry\u0161kus chromo padengimas<\/p>\n","protected":false},"excerpt":{"rendered":"<p>Galvut\u0117 12-kamp\u0117 1\/2 30mm<\/p>\n","protected":false},"featured_media":18473,"comment_status":"open","ping_status":"closed","template":"","meta":[],"product_brand":[626],"product_cat":[50],"product_tag":[591,971,1110,1639,660],"class_list":{"0":"post-18472","1":"product","2":"type-product","3":"status-publish","4":"has-post-thumbnail","6":"product_brand-changlu","7":"product_cat-1-2-galvutes-ir-ju-komplektai","8":"product_tag-1-2","9":"product_tag-12-kampe","10":"product_tag-30mm","11":"product_tag-cl200530","12":"product_tag-galvute","14":"first","15":"instock","16":"taxable","17":"shipping-taxable","18":"purchasable","19":"product-type-simple"},"_links":{"self":[{"href":"https:\/\/raktava.lt\/en\/wp-json\/wp\/v2\/product\/18472","targetHints":{"allow":["GET"]}}],"collection":[{"href":"https:\/\/raktava.lt\/en\/wp-json\/wp\/v2\/product"}],"about":[{"href":"https:\/\/raktava.lt\/en\/wp-json\/wp\/v2\/types\/product"}],"replies":[{"embeddable":true,"href":"https:\/\/raktava.lt\/en\/wp-json\/wp\/v2\/comments?post=18472"}],"version-history":[{"count":1,"href":"https:\/\/raktava.lt\/en\/wp-json\/wp\/v2\/product\/18472\/revisions"}],"predecessor-version":[{"id":18475,"href":"https:\/\/raktava.lt\/en\/wp-json\/wp\/v2\/product\/18472\/revisions\/18475"}],"wp:featuredmedia":[{"embeddable":true,"href":"https:\/\/raktava.lt\/en\/wp-json\/wp\/v2\/media\/18473"}],"wp:attachment":[{"href":"https:\/\/raktava.lt\/en\/wp-json\/wp\/v2\/media?parent=18472"}],"wp:term":[{"taxonomy":"product_brand","embeddable":true,"href":"https:\/\/raktava.lt\/en\/wp-json\/wp\/v2\/product_brand?post=18472"},{"taxonomy":"product_cat","embeddable":true,"href":"https:\/\/raktava.lt\/en\/wp-json\/wp\/v2\/product_cat?post=18472"},{"taxonomy":"product_tag","embeddable":true,"href":"https:\/\/raktava.lt\/en\/wp-json\/wp\/v2\/product_tag?post=18472"}],"curies":[{"name":"wp","href":"https:\/\/api.w.org\/{rel}","templated":true}]}}