{"id":18452,"date":"2025-10-30T13:50:18","date_gmt":"2025-10-30T11:50:18","guid":{"rendered":"https:\/\/raktava.lt\/?post_type=product&#038;p=18452"},"modified":"2026-03-12T14:07:24","modified_gmt":"2026-03-12T12:07:24","slug":"galvute-smugine-ilga-6-kampe-1-2-21mm","status":"publish","type":"product","link":"https:\/\/raktava.lt\/en\/product\/rankiniai-irankiai\/galvutes-galvuciu-komplektai-laikikliai-galvutems\/1-2-galvutes-smugines\/galvute-smugine-ilga-6-kampe-1-2-21mm\/","title":{"rendered":"Galvut\u0117 sm\u016bgin\u0117 ilga 6-kamp\u0117 1\/2 22mm"},"content":{"rendered":"<p>DIN 3129<br \/>\nMed\u017eiaga CR-MO<\/p>\n","protected":false},"excerpt":{"rendered":"<p>Galvut\u0117 sm\u016bgin\u0117 ilga 6-kamp\u0117 1\/2 22mm<\/p>\n","protected":false},"featured_media":18453,"comment_status":"open","ping_status":"closed","template":"","meta":[],"product_brand":[627],"product_cat":[46],"product_tag":[591,1069,994,710],"class_list":{"0":"post-18452","1":"product","2":"type-product","3":"status-publish","4":"has-post-thumbnail","6":"product_brand-sata","7":"product_cat-1-2-galvutes-smugines","8":"product_tag-1-2","9":"product_tag-22mm","10":"product_tag-6-kampe","11":"product_tag-galvute-smugine","13":"first","14":"instock","15":"taxable","16":"shipping-taxable","17":"purchasable","18":"product-type-simple"},"_links":{"self":[{"href":"https:\/\/raktava.lt\/en\/wp-json\/wp\/v2\/product\/18452","targetHints":{"allow":["GET"]}}],"collection":[{"href":"https:\/\/raktava.lt\/en\/wp-json\/wp\/v2\/product"}],"about":[{"href":"https:\/\/raktava.lt\/en\/wp-json\/wp\/v2\/types\/product"}],"replies":[{"embeddable":true,"href":"https:\/\/raktava.lt\/en\/wp-json\/wp\/v2\/comments?post=18452"}],"version-history":[{"count":4,"href":"https:\/\/raktava.lt\/en\/wp-json\/wp\/v2\/product\/18452\/revisions"}],"predecessor-version":[{"id":18458,"href":"https:\/\/raktava.lt\/en\/wp-json\/wp\/v2\/product\/18452\/revisions\/18458"}],"wp:featuredmedia":[{"embeddable":true,"href":"https:\/\/raktava.lt\/en\/wp-json\/wp\/v2\/media\/18453"}],"wp:attachment":[{"href":"https:\/\/raktava.lt\/en\/wp-json\/wp\/v2\/media?parent=18452"}],"wp:term":[{"taxonomy":"product_brand","embeddable":true,"href":"https:\/\/raktava.lt\/en\/wp-json\/wp\/v2\/product_brand?post=18452"},{"taxonomy":"product_cat","embeddable":true,"href":"https:\/\/raktava.lt\/en\/wp-json\/wp\/v2\/product_cat?post=18452"},{"taxonomy":"product_tag","embeddable":true,"href":"https:\/\/raktava.lt\/en\/wp-json\/wp\/v2\/product_tag?post=18452"}],"curies":[{"name":"wp","href":"https:\/\/api.w.org\/{rel}","templated":true}]}}